{"id":6284,"date":"2026-04-28T22:13:17","date_gmt":"2026-04-28T22:13:17","guid":{"rendered":"https:\/\/agdlipiecki.pl\/?post_type=product&#038;p=6284"},"modified":"2026-04-28T22:21:00","modified_gmt":"2026-04-28T22:21:00","slug":"miska-kwadratowa-plastikowa-14l-kopia-kopia","status":"publish","type":"product","link":"https:\/\/agdlipiecki.pl\/uk\/ua-produkt\/miska-kwadratowa-plastikowa-14l-kopia-kopia\/","title":{"rendered":"Miska plastikowa ecoline kwadratowa 7l"},"content":{"rendered":"<p><strong>Materia\u0142:<\/strong> Polipropylen.<br \/>\n<strong>Opakowanie:\u00a0<\/strong> 10 szt.<br \/>\n<strong>Cena:\u00a0 <\/strong>Cena w sklepie dotyczy 1 szt. produktu<br \/>\n<strong>Wymiary:<\/strong><br \/>\n<strong>Masa:<\/strong>\u00a0 0,408 kg<br \/>\n<strong>Minimalna kwota zam\u00f3wienia w sklepie: <\/strong>50 z\u0142<\/p>\n<h2>Jakie zastosowanie ma miska plastikowa ecoline kwadratowa 7l ?<\/h2>\n<p>Kwadratowa miska plastikowa o pojemno\u015bci 7L od AGD Lipiecki to praktyczne i pojemne akcesorium, kt\u00f3re idealnie sprawdzi si\u0119 w kuchni, ogrodzie oraz podczas porz\u0105dk\u00f3w domowych. Dzi\u0119ki swojej konstrukcji z wytrzyma\u0142ego plastiku, miska jest odporna na uszkodzenia mechaniczne i \u0142atwa w utrzymaniu czysto\u015bci, co czyni j\u0105 niezast\u0105pionym elementem wyposa\u017cenia ka\u017cdego gospodarstwa domowego. Dzi\u0119ki du\u017cej pojemno\u015bci 7 litr\u00f3w, miska doskonale nadaje si\u0119 do mycia du\u017cych ilo\u015bci owoc\u00f3w, warzyw, mieszania ciasta czy przygotowywania posi\u0142k\u00f3w na wi\u0119ksze przyj\u0119cia. Kwadratowy kszta\u0142t nie tylko nadaje jej nowoczesny wygl\u0105d, ale tak\u017ce pozwala na \u0142atwiejsze przechowywanie i efektywne wykorzystanie miejsca w szafkach lub na blatach.<\/p>\n<p>Plastikowa powierzchnia jest g\u0142adka i odporna na zabrudzenia, dzi\u0119ki czemu miska jest \u0142atwa do umycia zar\u00f3wno r\u0119cznie, jak i w zmywarce. Produkt jest dost\u0119pny w r\u00f3\u017cnych kolorach, co umo\u017cliwia dopasowanie do wystroju kuchni lub osobistych preferencji. Dodatkowo, dzi\u0119ki swojej trwa\u0142o\u015bci, miska mo\u017ce by\u0107 wykorzystywana r\u00f3wnie\u017c poza kuchni\u0105 \u2013 np. do prac ogrodowych lub przechowywania r\u00f3\u017cnych przedmiot\u00f3w. Miska kwadratowa plastikowa 14L od AGD Lipiecki to po\u0142\u0105czenie du\u017cej funkcjonalno\u015bci, nowoczesnego designu i niezawodnej jako\u015bci, kt\u00f3re spe\u0142ni oczekiwania ka\u017cdego u\u017cytkownika. AGD Lipiecki Warszawa.<\/p>\n","protected":false},"excerpt":{"rendered":"<p>Materia\u0142: Polipropylen. Opakowanie:\u00a0 10 szt. Cena:\u00a0 Cena w sklepie dotyczy 1 szt. produktu Wymiary: Masa:\u00a0 0,408 kg Minimalna kwota zam\u00f3wienia w sklepie: 50 z\u0142 Jakie zastosowanie ma miska plastikowa ecoline kwadratowa 7l ? Kwadratowa miska plastikowa o pojemno\u015bci 7L od AGD Lipiecki to praktyczne i pojemne akcesorium, kt\u00f3re idealnie sprawdzi si\u0119 w kuchni, ogrodzie oraz [&hellip;]<\/p>\n","protected":false},"featured_media":6295,"comment_status":"closed","ping_status":"closed","template":"","meta":{"_acf_changed":false,"_eb_attr":""},"product_brand":[],"product_cat":[107,108,109,112],"product_tag":[],"class_list":{"0":"post-6284","1":"product","2":"type-product","3":"status-publish","4":"has-post-thumbnail","6":"product_cat-dom","7":"product_cat-kuchnia","8":"product_cat-lazienka","9":"product_cat-miski-plastikowe","11":"first","12":"instock","13":"taxable","14":"shipping-taxable","15":"purchasable","16":"product-type-variable","17":"has-default-attributes"},"acf":[],"mb":[],"mfb_rest_fields":["title"],"_links":{"self":[{"href":"https:\/\/agdlipiecki.pl\/uk\/wp-json\/wp\/v2\/product\/6284","targetHints":{"allow":["GET"]}}],"collection":[{"href":"https:\/\/agdlipiecki.pl\/uk\/wp-json\/wp\/v2\/product"}],"about":[{"href":"https:\/\/agdlipiecki.pl\/uk\/wp-json\/wp\/v2\/types\/product"}],"replies":[{"embeddable":true,"href":"https:\/\/agdlipiecki.pl\/uk\/wp-json\/wp\/v2\/comments?post=6284"}],"wp:featuredmedia":[{"embeddable":true,"href":"https:\/\/agdlipiecki.pl\/uk\/wp-json\/wp\/v2\/media\/6295"}],"wp:attachment":[{"href":"https:\/\/agdlipiecki.pl\/uk\/wp-json\/wp\/v2\/media?parent=6284"}],"wp:term":[{"taxonomy":"product_brand","embeddable":true,"href":"https:\/\/agdlipiecki.pl\/uk\/wp-json\/wp\/v2\/product_brand?post=6284"},{"taxonomy":"product_cat","embeddable":true,"href":"https:\/\/agdlipiecki.pl\/uk\/wp-json\/wp\/v2\/product_cat?post=6284"},{"taxonomy":"product_tag","embeddable":true,"href":"https:\/\/agdlipiecki.pl\/uk\/wp-json\/wp\/v2\/product_tag?post=6284"}],"curies":[{"name":"wp","href":"https:\/\/api.w.org\/{rel}","templated":true}]}}