{"id":6242,"date":"2026-04-28T21:59:48","date_gmt":"2026-04-28T21:59:48","guid":{"rendered":"https:\/\/agdlipiecki.pl\/?post_type=product&#038;p=6242"},"modified":"2026-04-28T22:00:59","modified_gmt":"2026-04-28T22:00:59","slug":"miska-plastikowa-ecoline-12l","status":"publish","type":"product","link":"https:\/\/agdlipiecki.pl\/uk\/ua-produkt\/miska-plastikowa-ecoline-12l\/","title":{"rendered":"Miska plastikowa ecoline 12L"},"content":{"rendered":"<p><strong>Materia\u0142:<\/strong> Polipropylen.<br \/>\n<strong>Opakowanie:\u00a0<\/strong> 10 szt.<br \/>\n<strong>Cena:\u00a0 <\/strong>Cena w sklepie dotyczy 1 szt. produktu<br \/>\n<strong>Wymiary:<\/strong><br \/>\n<strong>Masa:<\/strong>\u00a0 0,310 kg<br \/>\n<strong>Minimalna kwota zam\u00f3wienia w sklepie: <\/strong>50 z\u0142<\/p>\n<h2>3 zalety plastikowej miski o pojemno\u015bci 12L<\/h2>\n<p>Miska plastikowa o pojemno\u015bci 12L od AGD Lipiecki to wszechstronne i niezawodne akcesorium kuchenne, kt\u00f3re sprawdzi si\u0119 w wielu zastosowaniach. Wykonana z wysokiej jako\u015bci, trwa\u0142ego plastiku, miska charakteryzuje si\u0119 odporno\u015bci\u0105 na uszkodzenia, a jednocze\u015bnie jest lekka i wygodna w u\u017cytkowaniu. Pierwsz\u0105 zalet\u0105 tej miski jest jej du\u017ca pojemno\u015b\u0107 \u2013 12 litr\u00f3w umo\u017cliwia wygodne przygotowanie du\u017cych porcji potraw, takich jak sa\u0142atki, ciasta czy marynaty, co czyni j\u0105 idealnym rozwi\u0105zaniem na rodzinne spotkania lub przyj\u0119cia. Drug\u0105 zalet\u0105 jest wyprofilowany kszta\u0142t, kt\u00f3ry u\u0142atwia mieszanie sk\u0142adnik\u00f3w i zapobiega rozlewaniu si\u0119 zawarto\u015bci. Trzeci\u0105 zalet\u0105 jest \u0142atwo\u015b\u0107 czyszczenia \u2013 g\u0142adka powierzchnia miski nie zatrzymuje resztek jedzenia i umo\u017cliwia szybkie mycie zar\u00f3wno r\u0119cznie, jak i w zmywarce. Miska plastikowa od AGD Lipiecki dost\u0119pna jest w r\u00f3\u017cnych kolorach, dzi\u0119ki czemu mo\u017cna dopasowa\u0107 j\u0105 do wystroju kuchni lub swoich indywidualnych preferencji. Jest to praktyczny, trwa\u0142y i estetyczny element, kt\u00f3ry u\u0142atwi codzienne czynno\u015bci kuchenne i sprawdzi si\u0119 r\u00f3wnie\u017c podczas piknik\u00f3w czy prac w ogrodzie.<\/p>\n<p>AGD Lipiecki Warszawa.<\/p>\n","protected":false},"excerpt":{"rendered":"<p>Materia\u0142: Polipropylen. Opakowanie:\u00a0 10 szt. Cena:\u00a0 Cena w sklepie dotyczy 1 szt. produktu Wymiary: Masa:\u00a0 0,310 kg Minimalna kwota zam\u00f3wienia w sklepie: 50 z\u0142 3 zalety plastikowej miski o pojemno\u015bci 12L Miska plastikowa o pojemno\u015bci 12L od AGD Lipiecki to wszechstronne i niezawodne akcesorium kuchenne, kt\u00f3re sprawdzi si\u0119 w wielu zastosowaniach. Wykonana z wysokiej jako\u015bci, [&hellip;]<\/p>\n","protected":false},"featured_media":6239,"comment_status":"closed","ping_status":"closed","template":"","meta":{"_acf_changed":false,"_eb_attr":""},"product_brand":[],"product_cat":[109,112],"product_tag":[],"class_list":{"0":"post-6242","1":"product","2":"type-product","3":"status-publish","4":"has-post-thumbnail","6":"product_cat-lazienka","7":"product_cat-miski-plastikowe","9":"first","10":"instock","11":"taxable","12":"shipping-taxable","13":"purchasable","14":"product-type-variable","15":"has-default-attributes"},"acf":[],"mb":[],"mfb_rest_fields":["title"],"_links":{"self":[{"href":"https:\/\/agdlipiecki.pl\/uk\/wp-json\/wp\/v2\/product\/6242","targetHints":{"allow":["GET"]}}],"collection":[{"href":"https:\/\/agdlipiecki.pl\/uk\/wp-json\/wp\/v2\/product"}],"about":[{"href":"https:\/\/agdlipiecki.pl\/uk\/wp-json\/wp\/v2\/types\/product"}],"replies":[{"embeddable":true,"href":"https:\/\/agdlipiecki.pl\/uk\/wp-json\/wp\/v2\/comments?post=6242"}],"wp:featuredmedia":[{"embeddable":true,"href":"https:\/\/agdlipiecki.pl\/uk\/wp-json\/wp\/v2\/media\/6239"}],"wp:attachment":[{"href":"https:\/\/agdlipiecki.pl\/uk\/wp-json\/wp\/v2\/media?parent=6242"}],"wp:term":[{"taxonomy":"product_brand","embeddable":true,"href":"https:\/\/agdlipiecki.pl\/uk\/wp-json\/wp\/v2\/product_brand?post=6242"},{"taxonomy":"product_cat","embeddable":true,"href":"https:\/\/agdlipiecki.pl\/uk\/wp-json\/wp\/v2\/product_cat?post=6242"},{"taxonomy":"product_tag","embeddable":true,"href":"https:\/\/agdlipiecki.pl\/uk\/wp-json\/wp\/v2\/product_tag?post=6242"}],"curies":[{"name":"wp","href":"https:\/\/api.w.org\/{rel}","templated":true}]}}