{"id":6140,"date":"2026-04-28T17:36:32","date_gmt":"2026-04-28T17:36:32","guid":{"rendered":"https:\/\/agdlipiecki.pl\/?post_type=product&#038;p=6140"},"modified":"2026-04-28T20:46:07","modified_gmt":"2026-04-28T20:46:07","slug":"wyciskarka-reczna-do-cytryn-plastikowa","status":"publish","type":"product","link":"https:\/\/agdlipiecki.pl\/uk\/ua-produkt\/wyciskarka-reczna-do-cytryn-plastikowa\/","title":{"rendered":"Wyciskarka r\u0119czna do cytryn plastikowa"},"content":{"rendered":"<p><strong>Materia\u0142:<\/strong> Polistylren<br \/>\n<strong>Opakowanie: <\/strong>30 szt.<br \/>\n<strong>Cena:\u00a0 <\/strong>Cena w sklepie dotyczy 1 szt. produktu<br \/>\n<strong>Wymiary:<\/strong><br \/>\n<strong>Masa:<\/strong>\u00a0 0,116 kg<br \/>\n<strong>Minimalna kwota zam\u00f3wienia w sklepie: <\/strong>50 z\u0142<br \/>\n<strong>Kod produktu:<\/strong><\/p>\n<h2 data-section-id=\"12tpga\" data-start=\"0\" data-end=\"54\">Jakie zastosowanie ma wyciskarka r\u0119czna do cytryn?<\/h2>\n<p data-start=\"56\" data-end=\"588\">Wyciskarka r\u0119czna do cytryn od AGD Lipiecki to praktyczny i funkcjonalny element wyposa\u017cenia kuchennego, kt\u00f3ry doskonale sprawdzi si\u0119 podczas codziennego przygotowywania napoj\u00f3w, potraw oraz domowych przetwor\u00f3w. Wykonana z wysokiej jako\u015bci plastiku, wyciskarka jest lekka, por\u0119czna i wygodna w u\u017cytkowaniu, a jednocze\u015bnie odporna na uszkodzenia podczas standardowego korzystania w kuchni. Dzi\u0119ki prostej, przemy\u015blanej konstrukcji umo\u017cliwia szybkie i skuteczne wyciskanie soku z cytryn, limonek oraz innych ma\u0142ych owoc\u00f3w cytrusowych.<\/p>\n<p data-start=\"590\" data-end=\"1115\">Wyciskarka zosta\u0142a zaprojektowana tak, aby u\u0142atwi\u0107 oddzielenie soku od pestek i mi\u0105\u017cszu, dzi\u0119ki czemu \u015bwie\u017cy sok mo\u017cna wygodnie wykorzysta\u0107 bezpo\u015brednio do herbaty, lemoniady, sos\u00f3w, sa\u0142atek, ryb, deser\u00f3w czy marynat. Jej ergonomiczny kszta\u0142t sprawia, \u017ce wyciskanie owoc\u00f3w nie wymaga du\u017cego wysi\u0142ku, a kompaktowy rozmiar pozwala bez problemu przechowywa\u0107 produkt w szufladzie, szafce kuchennej lub na blacie. Plastikowa powierzchnia jest \u0142atwa w czyszczeniu, co czyni wyciskark\u0119 wyj\u0105tkowo praktyczn\u0105 w codziennym u\u017cytkowaniu.<\/p>\n<p data-start=\"1117\" data-end=\"1387\">Wyciskarka r\u0119czna do cytryn od AGD Lipiecki dost\u0119pna jest w kilku kolorach, co pozwala dopasowa\u0107 j\u0105 do pozosta\u0142ych akcesori\u00f3w kuchennych. Jest to produkt, kt\u00f3ry \u0142\u0105czy w sobie prostot\u0119, trwa\u0142o\u015b\u0107 i wygod\u0119 u\u017cytkowania, staj\u0105c si\u0119 pomocnym dodatkiem w ka\u017cdej domowej kuchni. <strong>AGD Lipiecki Warszawa.<\/strong><\/p>\n","protected":false},"excerpt":{"rendered":"<p>Materia\u0142: Polistylren Opakowanie: 30 szt. Cena:\u00a0 Cena w sklepie dotyczy 1 szt. produktu Wymiary: Masa:\u00a0 0,116 kg Minimalna kwota zam\u00f3wienia w sklepie: 50 z\u0142 Kod produktu: Jakie zastosowanie ma wyciskarka r\u0119czna do cytryn? Wyciskarka r\u0119czna do cytryn od AGD Lipiecki to praktyczny i funkcjonalny element wyposa\u017cenia kuchennego, kt\u00f3ry doskonale sprawdzi si\u0119 podczas codziennego przygotowywania napoj\u00f3w, [&hellip;]<\/p>\n","protected":false},"featured_media":6157,"comment_status":"closed","ping_status":"closed","template":"","meta":{"_acf_changed":false,"_eb_attr":""},"product_brand":[],"product_cat":[107,108],"product_tag":[],"class_list":{"0":"post-6140","1":"product","2":"type-product","3":"status-publish","4":"has-post-thumbnail","6":"product_cat-dom","7":"product_cat-kuchnia","9":"first","10":"instock","11":"taxable","12":"shipping-taxable","13":"purchasable","14":"product-type-variable","15":"has-default-attributes"},"acf":[],"mb":[],"mfb_rest_fields":["title"],"_links":{"self":[{"href":"https:\/\/agdlipiecki.pl\/uk\/wp-json\/wp\/v2\/product\/6140","targetHints":{"allow":["GET"]}}],"collection":[{"href":"https:\/\/agdlipiecki.pl\/uk\/wp-json\/wp\/v2\/product"}],"about":[{"href":"https:\/\/agdlipiecki.pl\/uk\/wp-json\/wp\/v2\/types\/product"}],"replies":[{"embeddable":true,"href":"https:\/\/agdlipiecki.pl\/uk\/wp-json\/wp\/v2\/comments?post=6140"}],"wp:featuredmedia":[{"embeddable":true,"href":"https:\/\/agdlipiecki.pl\/uk\/wp-json\/wp\/v2\/media\/6157"}],"wp:attachment":[{"href":"https:\/\/agdlipiecki.pl\/uk\/wp-json\/wp\/v2\/media?parent=6140"}],"wp:term":[{"taxonomy":"product_brand","embeddable":true,"href":"https:\/\/agdlipiecki.pl\/uk\/wp-json\/wp\/v2\/product_brand?post=6140"},{"taxonomy":"product_cat","embeddable":true,"href":"https:\/\/agdlipiecki.pl\/uk\/wp-json\/wp\/v2\/product_cat?post=6140"},{"taxonomy":"product_tag","embeddable":true,"href":"https:\/\/agdlipiecki.pl\/uk\/wp-json\/wp\/v2\/product_tag?post=6140"}],"curies":[{"name":"wp","href":"https:\/\/api.w.org\/{rel}","templated":true}]}}