{"id":5801,"date":"2026-04-16T20:47:45","date_gmt":"2026-04-16T20:47:45","guid":{"rendered":"https:\/\/agdlipiecki.pl\/?post_type=product&#038;p=5801"},"modified":"2026-04-16T20:50:20","modified_gmt":"2026-04-16T20:50:20","slug":"wiadro-plastikowe-ecoline-5l","status":"publish","type":"product","link":"https:\/\/agdlipiecki.pl\/uk\/ua-produkt\/wiadro-plastikowe-ecoline-5l\/","title":{"rendered":"Wiadro plastikowe ecoline 5L"},"content":{"rendered":"<p><strong>Materia\u0142:<\/strong> Polipropylen.<br \/>\n<strong>Opakowanie:\u00a0<\/strong> 10 szt.<br \/>\n<strong>Cena:\u00a0 <\/strong>Cena w sklepie dotyczy 1 szt. produktu<br \/>\n<strong>Wymiary:<\/strong> Wysoko\u015b\u0107: 22cm, \u015arednica: 22cm<br \/>\n<strong>Masa:<\/strong>\u00a0 0,201 kg<br \/>\n<strong>Minimalna kwota zam\u00f3wienia w sklepie: <\/strong>50 z\u0142<\/p>\n<h2>3 zalety plastikowego wiadra eco-line o pojemno\u015bci 5L<\/h2>\n<p>Wiadro plastikowe 5L od AGD Lipiecki to praktyczne, lekkie i wszechstronne akcesorium, kt\u00f3re \u015bwietnie sprawdzi si\u0119 w codziennych pracach domowych. Wykonane z wysokiej jako\u015bci plastiku, jest trwa\u0142e, odporne na uszkodzenia i wygodne w u\u017cytkowaniu.<\/p>\n<p>Pierwsz\u0105 zalet\u0105 wiadra jest jego por\u0119czny rozmiar \u2013 pojemno\u015b\u0107 5 litr\u00f3w sprawia, \u017ce jest idealne do drobnych prac, takich jak mycie okien, podlewanie ro\u015blin czy przenoszenie niewielkich ilo\u015bci wody. Drug\u0105 zalet\u0105 jest ergonomiczny uchwyt, kt\u00f3ry zapewnia wygodny i stabilny chwyt, nawet przy pe\u0142nym obci\u0105\u017ceniu. Trzeci\u0105 zalet\u0105 jest \u0142atwo\u015b\u0107 utrzymania w czysto\u015bci \u2013 g\u0142adka powierzchnia plastiku umo\u017cliwia szybkie mycie wiadra po ka\u017cdym u\u017cyciu.<\/p>\n<p>Dzi\u0119ki kompaktowemu rozmiarowi, wiadro plastikowe 5L jest \u0142atwe w przechowywaniu, a dost\u0119pno\u015b\u0107 w r\u00f3\u017cnych kolorach pozwala dopasowa\u0107 je do indywidualnych potrzeb i gustu. Jest to niezast\u0105pione narz\u0119dzie, kt\u00f3re znajdzie zastosowanie w ka\u017cdym domu, oferuj\u0105c wygod\u0119 i trwa\u0142o\u015b\u0107 na co dzie\u0144.<\/p>\n<p>AGD Lipiecki Warszawa.<\/p>\n","protected":false},"excerpt":{"rendered":"<p>Materia\u0142: Polipropylen. Opakowanie:\u00a0 10 szt. Cena:\u00a0 Cena w sklepie dotyczy 1 szt. produktu Wymiary: Wysoko\u015b\u0107: 22cm, \u015arednica: 22cm Masa:\u00a0 0,201 kg Minimalna kwota zam\u00f3wienia w sklepie: 50 z\u0142 3 zalety plastikowego wiadra eco-line o pojemno\u015bci 5L Wiadro plastikowe 5L od AGD Lipiecki to praktyczne, lekkie i wszechstronne akcesorium, kt\u00f3re \u015bwietnie sprawdzi si\u0119 w codziennych pracach [&hellip;]<\/p>\n","protected":false},"featured_media":5808,"comment_status":"closed","ping_status":"closed","template":"","meta":{"_acf_changed":false,"_eb_attr":""},"product_brand":[],"product_cat":[107,109,111],"product_tag":[],"class_list":{"0":"post-5801","1":"product","2":"type-product","3":"status-publish","4":"has-post-thumbnail","6":"product_cat-dom","7":"product_cat-lazienka","8":"product_cat-wiadra-plastikowe","10":"first","11":"instock","12":"taxable","13":"shipping-taxable","14":"purchasable","15":"product-type-variable","16":"has-default-attributes"},"acf":[],"mb":[],"mfb_rest_fields":["title"],"_links":{"self":[{"href":"https:\/\/agdlipiecki.pl\/uk\/wp-json\/wp\/v2\/product\/5801","targetHints":{"allow":["GET"]}}],"collection":[{"href":"https:\/\/agdlipiecki.pl\/uk\/wp-json\/wp\/v2\/product"}],"about":[{"href":"https:\/\/agdlipiecki.pl\/uk\/wp-json\/wp\/v2\/types\/product"}],"replies":[{"embeddable":true,"href":"https:\/\/agdlipiecki.pl\/uk\/wp-json\/wp\/v2\/comments?post=5801"}],"wp:featuredmedia":[{"embeddable":true,"href":"https:\/\/agdlipiecki.pl\/uk\/wp-json\/wp\/v2\/media\/5808"}],"wp:attachment":[{"href":"https:\/\/agdlipiecki.pl\/uk\/wp-json\/wp\/v2\/media?parent=5801"}],"wp:term":[{"taxonomy":"product_brand","embeddable":true,"href":"https:\/\/agdlipiecki.pl\/uk\/wp-json\/wp\/v2\/product_brand?post=5801"},{"taxonomy":"product_cat","embeddable":true,"href":"https:\/\/agdlipiecki.pl\/uk\/wp-json\/wp\/v2\/product_cat?post=5801"},{"taxonomy":"product_tag","embeddable":true,"href":"https:\/\/agdlipiecki.pl\/uk\/wp-json\/wp\/v2\/product_tag?post=5801"}],"curies":[{"name":"wp","href":"https:\/\/api.w.org\/{rel}","templated":true}]}}