{"id":5744,"date":"2026-04-16T16:18:06","date_gmt":"2026-04-16T16:18:06","guid":{"rendered":"https:\/\/agdlipiecki.pl\/?post_type=product&#038;p=5744"},"modified":"2026-04-16T16:19:56","modified_gmt":"2026-04-16T16:19:56","slug":"koszyk-plastikowy-prostokatny","status":"publish","type":"product","link":"https:\/\/agdlipiecki.pl\/uk\/ua-produkt\/koszyk-plastikowy-prostokatny\/","title":{"rendered":"Koszyk plastikowy prostok\u0105tny"},"content":{"rendered":"<p><strong>Materia\u0142:<\/strong> Polipropylen<br \/>\n<strong>Opakowanie: <\/strong>15 szt.<br \/>\n<strong>Cena:\u00a0 <\/strong>Cena w sklepie dotyczy 1 szt. produktu<br \/>\n<strong>D\u0142ugo\u015b\u0107:<\/strong> 42 cm, Szeroko\u015b\u0107: 31 cm, Wysoko\u015b\u0107: 23 cm<br \/>\n<strong>Masa:<\/strong>\u00a0 0,895 kg<br \/>\n<strong>Minimalna kwota zam\u00f3wienia w sklepie: <\/strong>50 z\u0142<br \/>\n<strong>Kod produktu:<\/strong> Koszyk Owalny (K002)<\/p>\n<h2>3 zalety plastikowego koszyka<\/h2>\n<p>Koszyk plastikowy\u00a0 od AGD Lipiecki to funkcjonalny i estetyczny produkt, kt\u00f3ry doskonale sprawdzi si\u0119 w codziennym u\u017cytkowaniu w domu, ogrodzie, czy podczas wyjazd\u00f3w. Wykonany z trwa\u0142ego i lekkiego plastiku, koszyk ten cechuje si\u0119 du\u017c\u0105 wytrzyma\u0142o\u015bci\u0105 oraz odporno\u015bci\u0105 na wilgo\u0107, co czyni go idealnym rozwi\u0105zaniem na ka\u017cd\u0105 okazj\u0119.<\/p>\n<p>Pierwsz\u0105 zalet\u0105 koszyka jest jego pojemno\u015b\u0107 \u2013 dzi\u0119ki owalnemu kszta\u0142towi i sporym wymiarom, z \u0142atwo\u015bci\u0105 pomie\u015bci wi\u0119ksze przedmioty, co czyni go praktycznym rozwi\u0105zaniem do przechowywania prania, zabawek, czy zakup\u00f3w. Drug\u0105 zalet\u0105 jest ergonomiczny design \u2013 solidne uchwyty umo\u017cliwiaj\u0105 wygodne przenoszenie, a prostok\u0105tny kszta\u0142t zapewnia r\u00f3wnomierne roz\u0142o\u017cenie ci\u0119\u017caru. Trzeci\u0105 zalet\u0105 koszyka jest \u0142atwo\u015b\u0107 w czyszczeniu \u2013 dzi\u0119ki plastikowej konstrukcji, produkt mo\u017cna szybko umy\u0107 wod\u0105, co sprawia, \u017ce jest idealny do codziennego u\u017cytku w ka\u017cdych warunkach. Koszyk plastikowy owalny dost\u0119pny jest w r\u00f3\u017cnych kolorach, co pozwala dopasowa\u0107 go do indywidualnych potrzeb i wystroju wn\u0119trza. Jest to wszechstronny produkt, kt\u00f3ry \u0142\u0105czy w sobie trwa\u0142o\u015b\u0107, praktyczno\u015b\u0107 i estetyk\u0119, staj\u0105c si\u0119 niezb\u0119dnym elementem w ka\u017cdym domu. AGD Lipiecki Warszawa.<\/p>\n","protected":false},"excerpt":{"rendered":"<p>Materia\u0142: Polipropylen Opakowanie: 15 szt. Cena:\u00a0 Cena w sklepie dotyczy 1 szt. produktu D\u0142ugo\u015b\u0107: 42 cm, Szeroko\u015b\u0107: 31 cm, Wysoko\u015b\u0107: 23 cm Masa:\u00a0 0,895 kg Minimalna kwota zam\u00f3wienia w sklepie: 50 z\u0142 Kod produktu: Koszyk Owalny (K002) 3 zalety plastikowego koszyka Koszyk plastikowy\u00a0 od AGD Lipiecki to funkcjonalny i estetyczny produkt, kt\u00f3ry doskonale sprawdzi si\u0119 [&hellip;]<\/p>\n","protected":false},"featured_media":2584,"comment_status":"closed","ping_status":"closed","template":"","meta":{"_acf_changed":false,"_eb_attr":""},"product_brand":[],"product_cat":[107,108],"product_tag":[],"class_list":{"0":"post-5744","1":"product","2":"type-product","3":"status-publish","4":"has-post-thumbnail","6":"product_cat-dom","7":"product_cat-kuchnia","9":"first","10":"instock","11":"taxable","12":"shipping-taxable","13":"purchasable","14":"product-type-variable","15":"has-default-attributes"},"acf":[],"mb":[],"mfb_rest_fields":["title"],"_links":{"self":[{"href":"https:\/\/agdlipiecki.pl\/uk\/wp-json\/wp\/v2\/product\/5744","targetHints":{"allow":["GET"]}}],"collection":[{"href":"https:\/\/agdlipiecki.pl\/uk\/wp-json\/wp\/v2\/product"}],"about":[{"href":"https:\/\/agdlipiecki.pl\/uk\/wp-json\/wp\/v2\/types\/product"}],"replies":[{"embeddable":true,"href":"https:\/\/agdlipiecki.pl\/uk\/wp-json\/wp\/v2\/comments?post=5744"}],"wp:featuredmedia":[{"embeddable":true,"href":"https:\/\/agdlipiecki.pl\/uk\/wp-json\/wp\/v2\/media\/2584"}],"wp:attachment":[{"href":"https:\/\/agdlipiecki.pl\/uk\/wp-json\/wp\/v2\/media?parent=5744"}],"wp:term":[{"taxonomy":"product_brand","embeddable":true,"href":"https:\/\/agdlipiecki.pl\/uk\/wp-json\/wp\/v2\/product_brand?post=5744"},{"taxonomy":"product_cat","embeddable":true,"href":"https:\/\/agdlipiecki.pl\/uk\/wp-json\/wp\/v2\/product_cat?post=5744"},{"taxonomy":"product_tag","embeddable":true,"href":"https:\/\/agdlipiecki.pl\/uk\/wp-json\/wp\/v2\/product_tag?post=5744"}],"curies":[{"name":"wp","href":"https:\/\/api.w.org\/{rel}","templated":true}]}}