{"id":3516,"date":"2025-09-21T17:47:36","date_gmt":"2025-09-21T17:47:36","guid":{"rendered":"https:\/\/agdlipiecki.pl\/?post_type=product&#038;p=3516"},"modified":"2025-09-22T07:38:24","modified_gmt":"2025-09-22T07:38:24","slug":"cukiernica-plastikowa-basia","status":"publish","type":"product","link":"https:\/\/agdlipiecki.pl\/uk\/ua-produkt\/cukiernica-plastikowa-basia\/","title":{"rendered":"Cukiernica plastikowa Basia"},"content":{"rendered":"<p><strong>Materia\u0142:<\/strong> Polistylren<br \/>\n<strong>Opakowanie: <\/strong>30 szt.<br \/>\n<strong>Cena:\u00a0 <\/strong>Cena w sklepie dotyczy 1 szt. produktu<br \/>\n<strong>Wymiary:<\/strong> D\u0142ugo\u015b\u0107: 14,5 cm, Szeroko\u015b\u0107: 9cm, Wysoko\u015b\u0107: 8 cm<br \/>\n<strong>Masa:<\/strong>\u00a0 0,116 kg<br \/>\n<strong>Kod produktu:<\/strong> Cukiernica Basia (C004)<\/p>\n<h2>Jakie zastosowanie ma cukiernica plastikowa Basia?<\/h2>\n<p data-start=\"51\" data-end=\"412\"><strong data-start=\"51\" data-end=\"98\">Cukiernica plastikowa Basia od AGD Lipiecki<\/strong> to praktyczny i stylowy dodatek do ka\u017cdej kuchni i jadalni. Idealnie sprawdzi si\u0119 zar\u00f3wno na co dzie\u0144, jak i podczas spotka\u0144 w gronie rodziny czy przyjaci\u00f3\u0142. Wykonana z solidnego, wysokiej jako\u015bci tworzywa sztucznego, jest lekka, wytrzyma\u0142a i odporna na uszkodzenia, a jednocze\u015bnie zachwyca eleganckim wygl\u0105dem.<\/p>\n<p data-start=\"414\" data-end=\"742\">Pokrywka cukiernicy chroni zawarto\u015b\u0107 przed wilgoci\u0105 i zanieczyszczeniami, dzi\u0119ki czemu cukier pozostaje \u015bwie\u017cy przez d\u0142ugi czas. Ergonomiczny kszta\u0142t i kompaktowy rozmiar sprawiaj\u0105, \u017ce cukiernica \u0142atwo mie\u015bci si\u0119 na stole, blacie kuchennym czy w szafce. G\u0142adka powierzchnia u\u0142atwia czyszczenie, co podnosi komfort u\u017cytkowania. Estetyczny design i funkcjonalno\u015b\u0107 sprawiaj\u0105, \u017ce cukiernica Basia to nie tylko praktyczne naczynie, ale r\u00f3wnie\u017c ozdoba sto\u0142u, kt\u00f3ra podkre\u015bli charakter ka\u017cdej aran\u017cacji.<\/p>\n<p><strong>Cukiernica plastikowa Basia<\/strong>\u00a0od AGD Lipiecki dost\u0119pna jest w kilku kolorach, co pozwala dopasowa\u0107 j\u0105 do wystroju Twojej kuchni. Jest to produkt, kt\u00f3ry \u0142\u0105czy w sobie trwa\u0142o\u015b\u0107, estetyk\u0119 i funkcjonalno\u015b\u0107, staj\u0105c si\u0119 nieodzownym elementem ka\u017cdej kuchni.<\/p>\n<p>AGD Lipiecki Warszawa.<\/p>\n","protected":false},"excerpt":{"rendered":"<p>Materia\u0142: Polistylren Opakowanie: 30 szt. Cena:\u00a0 Cena w sklepie dotyczy 1 szt. produktu Wymiary: D\u0142ugo\u015b\u0107: 14,5 cm, Szeroko\u015b\u0107: 9cm, Wysoko\u015b\u0107: 8 cm Masa:\u00a0 0,116 kg Kod produktu: Cukiernica Basia (C004) Jakie zastosowanie ma cukiernica plastikowa Basia? Cukiernica plastikowa Basia od AGD Lipiecki to praktyczny i stylowy dodatek do ka\u017cdej kuchni i jadalni. Idealnie sprawdzi si\u0119 [&hellip;]<\/p>\n","protected":false},"featured_media":3524,"comment_status":"closed","ping_status":"closed","template":"","meta":{"_acf_changed":false,"_eb_attr":""},"product_brand":[],"product_cat":[108],"product_tag":[],"class_list":{"0":"post-3516","1":"product","2":"type-product","3":"status-publish","4":"has-post-thumbnail","6":"product_cat-kuchnia","8":"first","9":"instock","10":"taxable","11":"shipping-taxable","12":"purchasable","13":"product-type-simple"},"acf":[],"mb":[],"mfb_rest_fields":["title"],"_links":{"self":[{"href":"https:\/\/agdlipiecki.pl\/uk\/wp-json\/wp\/v2\/product\/3516","targetHints":{"allow":["GET"]}}],"collection":[{"href":"https:\/\/agdlipiecki.pl\/uk\/wp-json\/wp\/v2\/product"}],"about":[{"href":"https:\/\/agdlipiecki.pl\/uk\/wp-json\/wp\/v2\/types\/product"}],"replies":[{"embeddable":true,"href":"https:\/\/agdlipiecki.pl\/uk\/wp-json\/wp\/v2\/comments?post=3516"}],"wp:featuredmedia":[{"embeddable":true,"href":"https:\/\/agdlipiecki.pl\/uk\/wp-json\/wp\/v2\/media\/3524"}],"wp:attachment":[{"href":"https:\/\/agdlipiecki.pl\/uk\/wp-json\/wp\/v2\/media?parent=3516"}],"wp:term":[{"taxonomy":"product_brand","embeddable":true,"href":"https:\/\/agdlipiecki.pl\/uk\/wp-json\/wp\/v2\/product_brand?post=3516"},{"taxonomy":"product_cat","embeddable":true,"href":"https:\/\/agdlipiecki.pl\/uk\/wp-json\/wp\/v2\/product_cat?post=3516"},{"taxonomy":"product_tag","embeddable":true,"href":"https:\/\/agdlipiecki.pl\/uk\/wp-json\/wp\/v2\/product_tag?post=3516"}],"curies":[{"name":"wp","href":"https:\/\/api.w.org\/{rel}","templated":true}]}}