{"id":2227,"date":"2025-08-11T13:56:06","date_gmt":"2025-08-11T13:56:06","guid":{"rendered":"https:\/\/agdlipiecki.pl\/?post_type=product&#038;p=2227"},"modified":"2026-04-28T21:24:41","modified_gmt":"2026-04-28T21:24:41","slug":"lyzka-do-butow-plastikowa-dluga-60-cm","status":"publish","type":"product","link":"https:\/\/agdlipiecki.pl\/uk\/ua-produkt\/lyzka-do-butow-plastikowa-dluga-60-cm\/","title":{"rendered":"\u0141y\u017cka do but\u00f3w plastikowa d\u0142uga 60 cm"},"content":{"rendered":"<p><strong>Materia\u0142:<\/strong> Polipropylen<br \/>\n<strong>Opakowanie: <\/strong>20 szt.<br \/>\n<strong>Cena:\u00a0 <\/strong>Cena w sklepie dotyczy 1 szt. produktu<br \/>\n<strong>Wymiary:<\/strong> D\u0142ugo\u015b\u0107: 60 cm, Szeroko\u015b\u0107: 4,5 cm, Wysoko\u015b\u0107: 0 cm<br \/>\n<strong>Masa:<\/strong> 0,054 kg<br \/>\n<strong>Minimalna kwota zam\u00f3wienia w sklepie: <\/strong>50 z\u0142<\/p>\n<h2>Zalety plastikowej \u0142y\u017cki do but\u00f3w<\/h2>\n<p><strong>\u0141y\u017cka do but\u00f3w d\u0142uga 60 cm<\/strong> od AGD Lipiecki to niezast\u0105piony pomocnik w codziennym zak\u0142adaniu obuwia. Wykonana z wysokiej jako\u015bci plastiku, charakteryzuje si\u0119 trwa\u0142o\u015bci\u0105 i odporno\u015bci\u0105 na uszkodzenia, co zapewnia jej d\u0142ug\u0105 \u017cywotno\u015b\u0107. Dzi\u0119ki d\u0142ugo\u015bci 60 cm, nie musisz si\u0119 schyla\u0107, co jest szczeg\u00f3lnie wygodne dla os\u00f3b starszych lub maj\u0105cych problemy z kr\u0119gos\u0142upem. Jej ergonomiczny kszta\u0142t gwarantuje pewny chwyt i \u0142atwo\u015b\u0107 w u\u017cytkowaniu, a g\u0142adka powierzchnia chroni wn\u0119trze buta przed zarysowaniami.<\/p>\n<p>Produkt jest lekki i \u0142atwy do przechowywania \u2013 mo\u017cna go powiesi\u0107 na haczyku dzi\u0119ki specjalnemu otworowi w uchwycie. Plastikowa konstrukcja sprawia, \u017ce \u0142y\u017cka do but\u00f3w jest \u0142atwa w czyszczeniu i nie ulega korozji. Jest to r\u00f3wnie\u017c \u015bwietne rozwi\u0105zanie dla os\u00f3b ceni\u0105cych wygod\u0119 i funkcjonalno\u015b\u0107, kt\u00f3re poszukuj\u0105 praktycznych rozwi\u0105za\u0144 w domowych akcesoriach. Produkt dost\u0119pny jest w kilku kolorach, co pozwala dopasowa\u0107 go do Twoich preferencji estetycznych.<\/p>\n<p><strong>\u0141y\u017cka do but\u00f3w AGD Lipiecki<\/strong> to po\u0142\u0105czenie prostoty i ergonomii, kt\u00f3re sprawi, \u017ce codzienne zak\u0142adanie obuwia stanie si\u0119 szybkie i komfortowe. AGD Lipiecki Warszawa.<\/p>\n","protected":false},"excerpt":{"rendered":"<p>Materia\u0142: Polipropylen Opakowanie: 20 szt. Cena:\u00a0 Cena w sklepie dotyczy 1 szt. produktu Wymiary: D\u0142ugo\u015b\u0107: 60 cm, Szeroko\u015b\u0107: 4,5 cm, Wysoko\u015b\u0107: 0 cm Masa: 0,054 kg Minimalna kwota zam\u00f3wienia w sklepie: 50 z\u0142 Zalety plastikowej \u0142y\u017cki do but\u00f3w \u0141y\u017cka do but\u00f3w d\u0142uga 60 cm od AGD Lipiecki to niezast\u0105piony pomocnik w codziennym zak\u0142adaniu obuwia. Wykonana [&hellip;]<\/p>\n","protected":false},"featured_media":6197,"comment_status":"closed","ping_status":"closed","template":"","meta":{"_acf_changed":false,"_eb_attr":""},"product_brand":[],"product_cat":[107],"product_tag":[],"class_list":{"0":"post-2227","1":"product","2":"type-product","3":"status-publish","4":"has-post-thumbnail","6":"product_cat-dom","8":"first","9":"instock","10":"taxable","11":"shipping-taxable","12":"purchasable","13":"product-type-variable","14":"has-default-attributes"},"acf":[],"mb":[],"mfb_rest_fields":["title"],"_links":{"self":[{"href":"https:\/\/agdlipiecki.pl\/uk\/wp-json\/wp\/v2\/product\/2227","targetHints":{"allow":["GET"]}}],"collection":[{"href":"https:\/\/agdlipiecki.pl\/uk\/wp-json\/wp\/v2\/product"}],"about":[{"href":"https:\/\/agdlipiecki.pl\/uk\/wp-json\/wp\/v2\/types\/product"}],"replies":[{"embeddable":true,"href":"https:\/\/agdlipiecki.pl\/uk\/wp-json\/wp\/v2\/comments?post=2227"}],"wp:featuredmedia":[{"embeddable":true,"href":"https:\/\/agdlipiecki.pl\/uk\/wp-json\/wp\/v2\/media\/6197"}],"wp:attachment":[{"href":"https:\/\/agdlipiecki.pl\/uk\/wp-json\/wp\/v2\/media?parent=2227"}],"wp:term":[{"taxonomy":"product_brand","embeddable":true,"href":"https:\/\/agdlipiecki.pl\/uk\/wp-json\/wp\/v2\/product_brand?post=2227"},{"taxonomy":"product_cat","embeddable":true,"href":"https:\/\/agdlipiecki.pl\/uk\/wp-json\/wp\/v2\/product_cat?post=2227"},{"taxonomy":"product_tag","embeddable":true,"href":"https:\/\/agdlipiecki.pl\/uk\/wp-json\/wp\/v2\/product_tag?post=2227"}],"curies":[{"name":"wp","href":"https:\/\/api.w.org\/{rel}","templated":true}]}}