{"id":2226,"date":"2025-08-11T13:56:06","date_gmt":"2025-08-11T13:56:06","guid":{"rendered":"https:\/\/agdlipiecki.pl\/?post_type=product&#038;p=2226"},"modified":"2026-04-29T09:31:41","modified_gmt":"2026-04-29T09:31:41","slug":"tarka-plaska-plastikowa","status":"publish","type":"product","link":"https:\/\/agdlipiecki.pl\/uk\/ua-produkt\/tarka-plaska-plastikowa\/","title":{"rendered":"Tarka p\u0142aska plastikowa"},"content":{"rendered":"<p><strong>Materia\u0142:<\/strong> Polistyren<br \/>\n<strong>Opakowanie:\u00a0<\/strong> 100 szt.<br \/>\n<strong>Cena:\u00a0 <\/strong>Cena w sklepie dotyczy 1 szt. produktu<br \/>\n<strong>Wymiary:<\/strong> D\u0142ugo\u015b\u0107: 20 cm, Szeroko\u015b\u0107: 7 cm, Wysoko\u015b\u0107 0 cm<br \/>\n<strong>Masa:<\/strong>\u00a0 0,03 kg<br \/>\n<strong>Minimalna kwota zam\u00f3wienia w sklepie: <\/strong>50 z\u0142<br \/>\n<strong>Kod produktu:<\/strong> Tarka p\u0142aska plastikowa (Z005)<\/p>\n<h2>Jakie s\u0105 zalety tarki plastikowej?<\/h2>\n<p><strong>Tarka p\u0142aska plastikowa od AGD Lipiecki<\/strong> to praktyczne narz\u0119dzie, kt\u00f3re znajdzie zastosowanie w ka\u017cdej kuchni. Wykonana z wysokiej jako\u015bci plastiku, jest lekka i trwa\u0142a, a jednocze\u015bnie bezpieczna w u\u017cytkowaniu, dzi\u0119ki czemu nie zniszczy delikatnych powierzchni, jak to mo\u017ce mie\u0107 miejsce w przypadku metalowych tarek. Idealna do szybkiego \u015bcierania warzyw, owoc\u00f3w, sera czy czekolady, zapewnia wygod\u0119 i precyzj\u0119 podczas przygotowywania potraw.<\/p>\n<p>Dzi\u0119ki swojej p\u0142askiej konstrukcji tarka jest \u0142atwa do przechowywania, zajmuje niewiele miejsca w szufladzie lub na kuchennym blacie. Ergonomiczny uchwyt pozwala na pewny chwyt, co sprawia, \u017ce \u015bcieranie produkt\u00f3w spo\u017cywczych jest szybkie i bezpieczne. Specjalnie zaprojektowane z\u0105bki gwarantuj\u0105 skuteczno\u015b\u0107, a jednocze\u015bnie s\u0105 \u0142agodne dla powierzchni naczy\u0144 i misek, z kt\u00f3rymi tarka ma kontakt.<\/p>\n<p>Plastik, z kt\u00f3rego wykonano tark\u0119, jest \u0142atwy do mycia \u2013 zar\u00f3wno r\u0119cznie, jak i w zmywarce. Produkt dost\u0119pny w kilku wersjach kolorystycznych, co pozwala na dopasowanie go do wystroju Twojej kuchni. Tarka p\u0142aska AGD Lipiecki to solidne i funkcjonalne rozwi\u0105zanie, kt\u00f3re u\u0142atwi przygotowywanie r\u00f3\u017cnorodnych da\u0144.<\/p>\n<p>AGD Lipiecki Warszawa.<\/p>\n","protected":false},"excerpt":{"rendered":"<p>Materia\u0142: Polistyren Opakowanie:\u00a0 100 szt. Cena:\u00a0 Cena w sklepie dotyczy 1 szt. produktu Wymiary: D\u0142ugo\u015b\u0107: 20 cm, Szeroko\u015b\u0107: 7 cm, Wysoko\u015b\u0107 0 cm Masa:\u00a0 0,03 kg Minimalna kwota zam\u00f3wienia w sklepie: 50 z\u0142 Kod produktu: Tarka p\u0142aska plastikowa (Z005) Jakie s\u0105 zalety tarki plastikowej? Tarka p\u0142aska plastikowa od AGD Lipiecki to praktyczne narz\u0119dzie, kt\u00f3re znajdzie [&hellip;]<\/p>\n","protected":false},"featured_media":6356,"comment_status":"closed","ping_status":"closed","template":"","meta":{"_acf_changed":false,"_eb_attr":""},"product_brand":[],"product_cat":[107,108],"product_tag":[],"class_list":{"0":"post-2226","1":"product","2":"type-product","3":"status-publish","4":"has-post-thumbnail","6":"product_cat-dom","7":"product_cat-kuchnia","9":"first","10":"instock","11":"taxable","12":"shipping-taxable","13":"purchasable","14":"product-type-variable"},"acf":[],"mb":[],"mfb_rest_fields":["title"],"_links":{"self":[{"href":"https:\/\/agdlipiecki.pl\/uk\/wp-json\/wp\/v2\/product\/2226","targetHints":{"allow":["GET"]}}],"collection":[{"href":"https:\/\/agdlipiecki.pl\/uk\/wp-json\/wp\/v2\/product"}],"about":[{"href":"https:\/\/agdlipiecki.pl\/uk\/wp-json\/wp\/v2\/types\/product"}],"replies":[{"embeddable":true,"href":"https:\/\/agdlipiecki.pl\/uk\/wp-json\/wp\/v2\/comments?post=2226"}],"wp:featuredmedia":[{"embeddable":true,"href":"https:\/\/agdlipiecki.pl\/uk\/wp-json\/wp\/v2\/media\/6356"}],"wp:attachment":[{"href":"https:\/\/agdlipiecki.pl\/uk\/wp-json\/wp\/v2\/media?parent=2226"}],"wp:term":[{"taxonomy":"product_brand","embeddable":true,"href":"https:\/\/agdlipiecki.pl\/uk\/wp-json\/wp\/v2\/product_brand?post=2226"},{"taxonomy":"product_cat","embeddable":true,"href":"https:\/\/agdlipiecki.pl\/uk\/wp-json\/wp\/v2\/product_cat?post=2226"},{"taxonomy":"product_tag","embeddable":true,"href":"https:\/\/agdlipiecki.pl\/uk\/wp-json\/wp\/v2\/product_tag?post=2226"}],"curies":[{"name":"wp","href":"https:\/\/api.w.org\/{rel}","templated":true}]}}