{"id":1974,"date":"2025-08-11T13:55:42","date_gmt":"2025-08-11T13:55:42","guid":{"rendered":"https:\/\/agdlipiecki.pl\/?post_type=product&#038;p=1974"},"modified":"2025-09-24T08:28:40","modified_gmt":"2025-09-24T08:28:40","slug":"pokrywa-do-wiadra-plastikowa-20-l","status":"publish","type":"product","link":"https:\/\/agdlipiecki.pl\/uk\/ua-produkt\/pokrywa-do-wiadra-plastikowa-20-l\/","title":{"rendered":"Pokrywa do wiadra plastikowa 20 L"},"content":{"rendered":"<p><strong>Materia\u0142:<\/strong> Polipropylen.<br \/>\n<strong>Opakowanie:\u00a0<\/strong> 10 szt.<br \/>\n<strong>Cena:\u00a0 <\/strong>Cena w sklepie dotyczy 1 szt. produktu<br \/>\n<strong>Wymiary:<\/strong> D\u0142ugo\u015b\u0107: 34,5 cm, Szeroko\u015b\u0107: 34,5 cm, Wysoko\u015b\u0107 0 cm<br \/>\n<strong>Masa:<\/strong>\u00a0 0,110 kg<br \/>\n<strong>Minimalna kwota zam\u00f3wienia w sklepie: <\/strong>50 z\u0142<br \/>\n<strong>Kod produktu:<\/strong> Pokrywa 20 l (M363)<\/p>\n<h2>Jakie zastosowanie ma pokrywa do wiadra 20 L?<\/h2>\n<p><strong>Pokrywa do wiadra 20 L od AGD Lipiecki<\/strong> to praktyczne akcesorium, kt\u00f3re doskonale uzupe\u0142nia funkcjonalno\u015b\u0107 wiadra, zapewniaj\u0105c ochron\u0119 jego zawarto\u015bci przed zanieczyszczeniami oraz przypadkowym wylaniem. Wykonana z wytrzyma\u0142ego plastiku, pokrywa cechuje si\u0119 wysok\u0105 odporno\u015bci\u0105 na uszkodzenia mechaniczne, co gwarantuje d\u0142ugotrwa\u0142e u\u017cytkowanie.<\/p>\n<p>Dzi\u0119ki idealnemu dopasowaniu do wiadra o pojemno\u015bci 20 litr\u00f3w, pokrywa tworzy szczelne zamkni\u0119cie, kt\u00f3re chroni zawarto\u015b\u0107 przed dost\u0119pem powietrza oraz wilgoci, co jest szczeg\u00f3lnie wa\u017cne podczas przechowywania cieczy, farb, detergent\u00f3w czy produkt\u00f3w spo\u017cywczych. Ergonomiczne wyprofilowanie u\u0142atwia szybkie zak\u0142adanie i zdejmowanie pokrywy, co zapewnia wygod\u0119 u\u017cytkowania.<\/p>\n<p>Pokrywa do wiadra jest \u0142atwa w czyszczeniu i odporna na dzia\u0142anie \u015brodk\u00f3w chemicznych, co czyni j\u0105 idealnym rozwi\u0105zaniem zar\u00f3wno do u\u017cytku domowego, jak i profesjonalnego. Dzi\u0119ki trwa\u0142ej konstrukcji, mo\u017ce by\u0107 wielokrotnie u\u017cywana bez obawy o deformacj\u0119. Dost\u0119pna w r\u00f3\u017cnych kolorach, co pozwala na \u0142atwe oznaczenie zawarto\u015bci wiadra.<\/p>\n<p>Pokrywa do wiadra 20 L AGD Lipiecki to niezb\u0119dny element do bezpiecznego i higienicznego przechowywania r\u00f3\u017cnych substancji. AGD Lipiecki Warszawa.<\/p>\n<p>&nbsp;<\/p>\n","protected":false},"excerpt":{"rendered":"<p>Materia\u0142: Polipropylen. Opakowanie:\u00a0 10 szt. Cena:\u00a0 Cena w sklepie dotyczy 1 szt. produktu Wymiary: D\u0142ugo\u015b\u0107: 34,5 cm, Szeroko\u015b\u0107: 34,5 cm, Wysoko\u015b\u0107 0 cm Masa:\u00a0 0,110 kg Minimalna kwota zam\u00f3wienia w sklepie: 50 z\u0142 Kod produktu: Pokrywa 20 l (M363) Jakie zastosowanie ma pokrywa do wiadra 20 L? Pokrywa do wiadra 20 L od AGD Lipiecki [&hellip;]<\/p>\n","protected":false},"featured_media":1869,"comment_status":"closed","ping_status":"closed","template":"","meta":{"_acf_changed":false,"_eb_attr":""},"product_brand":[],"product_cat":[108,109,111],"product_tag":[],"class_list":{"0":"post-1974","1":"product","2":"type-product","3":"status-publish","4":"has-post-thumbnail","6":"product_cat-kuchnia","7":"product_cat-lazienka","8":"product_cat-wiadra-plastikowe","10":"first","11":"instock","12":"taxable","13":"shipping-taxable","14":"purchasable","15":"product-type-simple"},"acf":[],"mb":[],"mfb_rest_fields":["title"],"_links":{"self":[{"href":"https:\/\/agdlipiecki.pl\/uk\/wp-json\/wp\/v2\/product\/1974","targetHints":{"allow":["GET"]}}],"collection":[{"href":"https:\/\/agdlipiecki.pl\/uk\/wp-json\/wp\/v2\/product"}],"about":[{"href":"https:\/\/agdlipiecki.pl\/uk\/wp-json\/wp\/v2\/types\/product"}],"replies":[{"embeddable":true,"href":"https:\/\/agdlipiecki.pl\/uk\/wp-json\/wp\/v2\/comments?post=1974"}],"wp:featuredmedia":[{"embeddable":true,"href":"https:\/\/agdlipiecki.pl\/uk\/wp-json\/wp\/v2\/media\/1869"}],"wp:attachment":[{"href":"https:\/\/agdlipiecki.pl\/uk\/wp-json\/wp\/v2\/media?parent=1974"}],"wp:term":[{"taxonomy":"product_brand","embeddable":true,"href":"https:\/\/agdlipiecki.pl\/uk\/wp-json\/wp\/v2\/product_brand?post=1974"},{"taxonomy":"product_cat","embeddable":true,"href":"https:\/\/agdlipiecki.pl\/uk\/wp-json\/wp\/v2\/product_cat?post=1974"},{"taxonomy":"product_tag","embeddable":true,"href":"https:\/\/agdlipiecki.pl\/uk\/wp-json\/wp\/v2\/product_tag?post=1974"}],"curies":[{"name":"wp","href":"https:\/\/api.w.org\/{rel}","templated":true}]}}