{"id":1972,"date":"2025-08-11T13:55:42","date_gmt":"2025-08-11T13:55:42","guid":{"rendered":"https:\/\/agdlipiecki.pl\/?post_type=product&#038;p=1972"},"modified":"2026-04-28T20:55:21","modified_gmt":"2026-04-28T20:55:21","slug":"salaterka-plastikowa-fala-solo","status":"publish","type":"product","link":"https:\/\/agdlipiecki.pl\/uk\/ua-produkt\/salaterka-plastikowa-fala-solo\/","title":{"rendered":"Salaterka plastikowa fala solo"},"content":{"rendered":"<p><strong>Materia\u0142:<\/strong> Polistyren<br \/>\n<strong>Opakowanie:<\/strong> 30 szt.<br \/>\n<strong>Cena:\u00a0 <\/strong>Cena w sklepie dotyczy 1 szt. produktu<br \/>\n<strong>Wymiary:<\/strong> D\u0142ugo\u015b\u0107: 23 cm, Szeroko\u015b\u0107:23 cm, Wysoko\u015b\u0107:8 cm<br \/>\n<strong>Masa:<\/strong>\u00a0 0,05 kg<br \/>\n<strong>Minimalna kwota zam\u00f3wienia w sklepie: <\/strong>50 z\u0142<br \/>\n<strong>Kod Produktu:<\/strong> Salaterka solo (M018)<\/p>\n<h2>Jakie zastosowanie ma plastikowa salaterka fala solo?<\/h2>\n<p><strong>Plastikowa salaterka fala solo od AGD Lipiecki<\/strong> to eleganckie i praktyczne rozwi\u0105zanie, kt\u00f3re idealnie nadaje si\u0119 do serwowania sa\u0142atek, przek\u0105sek czy owoc\u00f3w. Wykonana z wysokiej jako\u015bci prze\u017aroczystego plastiku, \u0142\u0105czy w sobie estetyk\u0119 szk\u0142a z lekko\u015bci\u0105 i trwa\u0142o\u015bci\u0105 tworzywa sztucznego. Jej falisty kszta\u0142t dodaje stylu ka\u017cdemu sto\u0142owi, jednocze\u015bnie podkre\u015blaj\u0105c wyeksponowane potrawy.<\/p>\n<p>Salaterka jest lekka, a jednocze\u015bnie wytrzyma\u0142a, co sprawia, \u017ce doskonale sprawdzi si\u0119 zar\u00f3wno w domu, jak i podczas piknik\u00f3w czy imprez plenerowych. Prze\u017aroczysty plastik pozwala pi\u0119knie wyeksponowa\u0107 kolory i faktury serwowanych da\u0144, co jest idealnym rozwi\u0105zaniem na eleganckie przyj\u0119cia. Salaterka jest \u0142atwa w czyszczeniu, mo\u017cna j\u0105 my\u0107 zar\u00f3wno r\u0119cznie, jak i w zmywarce, co czyni j\u0105 wygodn\u0105 w codziennym u\u017cytkowaniu.<\/p>\n<p>Dzi\u0119ki swojej solidnej konstrukcji, salaterka jest odporna na uszkodzenia, a jednocze\u015bnie bezpieczna w u\u017cytkowaniu \u2013 nie t\u0142ucze si\u0119, co sprawia, \u017ce \u015bwietnie nadaje si\u0119 tak\u017ce dla rodzin z dzie\u0107mi. Salaterka fala solo od AGD Lipiecki to po\u0142\u0105czenie stylu i funkcjonalno\u015bci, kt\u00f3re sprawdzi si\u0119 w ka\u017cdej kuchni i na ka\u017cdym stole.<\/p>\n<p>AGD Lipiecki Warszawa.<\/p>\n","protected":false},"excerpt":{"rendered":"<p>Materia\u0142: Polistyren Opakowanie: 30 szt. Cena:\u00a0 Cena w sklepie dotyczy 1 szt. produktu Wymiary: D\u0142ugo\u015b\u0107: 23 cm, Szeroko\u015b\u0107:23 cm, Wysoko\u015b\u0107:8 cm Masa:\u00a0 0,05 kg Minimalna kwota zam\u00f3wienia w sklepie: 50 z\u0142 Kod Produktu: Salaterka solo (M018) Jakie zastosowanie ma plastikowa salaterka fala solo? Plastikowa salaterka fala solo od AGD Lipiecki to eleganckie i praktyczne rozwi\u0105zanie, [&hellip;]<\/p>\n","protected":false},"featured_media":6188,"comment_status":"closed","ping_status":"closed","template":"","meta":{"_acf_changed":false,"_eb_attr":""},"product_brand":[],"product_cat":[107,108],"product_tag":[],"class_list":{"0":"post-1972","1":"product","2":"type-product","3":"status-publish","4":"has-post-thumbnail","6":"product_cat-dom","7":"product_cat-kuchnia","9":"first","10":"instock","11":"taxable","12":"shipping-taxable","13":"purchasable","14":"product-type-variable","15":"has-default-attributes"},"acf":[],"mb":[],"mfb_rest_fields":["title"],"_links":{"self":[{"href":"https:\/\/agdlipiecki.pl\/uk\/wp-json\/wp\/v2\/product\/1972","targetHints":{"allow":["GET"]}}],"collection":[{"href":"https:\/\/agdlipiecki.pl\/uk\/wp-json\/wp\/v2\/product"}],"about":[{"href":"https:\/\/agdlipiecki.pl\/uk\/wp-json\/wp\/v2\/types\/product"}],"replies":[{"embeddable":true,"href":"https:\/\/agdlipiecki.pl\/uk\/wp-json\/wp\/v2\/comments?post=1972"}],"wp:featuredmedia":[{"embeddable":true,"href":"https:\/\/agdlipiecki.pl\/uk\/wp-json\/wp\/v2\/media\/6188"}],"wp:attachment":[{"href":"https:\/\/agdlipiecki.pl\/uk\/wp-json\/wp\/v2\/media?parent=1972"}],"wp:term":[{"taxonomy":"product_brand","embeddable":true,"href":"https:\/\/agdlipiecki.pl\/uk\/wp-json\/wp\/v2\/product_brand?post=1972"},{"taxonomy":"product_cat","embeddable":true,"href":"https:\/\/agdlipiecki.pl\/uk\/wp-json\/wp\/v2\/product_cat?post=1972"},{"taxonomy":"product_tag","embeddable":true,"href":"https:\/\/agdlipiecki.pl\/uk\/wp-json\/wp\/v2\/product_tag?post=1972"}],"curies":[{"name":"wp","href":"https:\/\/api.w.org\/{rel}","templated":true}]}}