{"id":1971,"date":"2025-08-11T13:55:42","date_gmt":"2025-08-11T13:55:42","guid":{"rendered":"https:\/\/agdlipiecki.pl\/?post_type=product&#038;p=1971"},"modified":"2026-02-26T11:15:29","modified_gmt":"2026-02-26T11:15:29","slug":"durszlak-plastikowy-30-cm-2","status":"publish","type":"product","link":"https:\/\/agdlipiecki.pl\/uk\/ua-produkt\/durszlak-plastikowy-30-cm-2\/","title":{"rendered":"Durszlak plastikowy 30 cm"},"content":{"rendered":"<p><strong>Materia\u0142:<\/strong> Polipropylen<br \/>\n<strong>Opakowanie:<\/strong> 30 szt.<br \/>\n<strong>Cena:\u00a0 <\/strong>Cena w sklepie dotyczy 1 szt. produktu<br \/>\n<strong>Wymiary:<\/strong> D\u0142ugo\u015b\u0107: 30 cm, Szeroko\u015b\u0107: 30cm, Wysoko\u015b\u0107: 11 cm<br \/>\n<strong>Masa:<\/strong>\u00a0 0,106 kg<br \/>\n<strong>Minimalna kwota zam\u00f3wienia w sklepie: <\/strong>50 z\u0142<br \/>\n<strong>Kod Produktu:<\/strong> Durszlak (\u0141002)<\/p>\n<h2>3 zalety plastikowego durszlaka 30 cm<\/h2>\n<p>Durszlak plastikowy o \u015brednicy 30 cm od AGD Lipiecki to funkcjonalne i wytrzyma\u0142e narz\u0119dzie kuchenne, kt\u00f3re u\u0142atwi odcedzanie makaron\u00f3w, warzyw, owoc\u00f3w i wielu innych produkt\u00f3w. Wykonany z wysokiej jako\u015bci plastiku, durszlak jest lekki, a jednocze\u015bnie odporny na uszkodzenia, co sprawia, \u017ce b\u0119dzie s\u0142u\u017cy\u0107 przez wiele lat w ka\u017cdej kuchni.<\/p>\n<p>Pierwsz\u0105 zalet\u0105 tego durszlaka jest jego du\u017ca pojemno\u015b\u0107 i szeroka \u015brednica, dzi\u0119ki kt\u00f3rym odcedzanie nawet wi\u0119kszych porcji jedzenia jest szybkie i wygodne. Druga zaleta to ergonomiczne uchwyty, kt\u00f3re zapewniaj\u0105 pewny chwyt i stabilno\u015b\u0107 podczas u\u017cytkowania, co minimalizuje ryzyko przypadkowego rozlania zawarto\u015bci. Trzecia zaleta to odporno\u015b\u0107 na wysokie temperatury \u2013 durszlak doskonale nadaje si\u0119 do odcedzania gor\u0105cych potraw, takich jak makaron czy ziemniaki, bez ryzyka odkszta\u0142ce\u0144.<\/p>\n<p>Plastikowy durszlak jest \u0142atwy w czyszczeniu i mo\u017cna go my\u0107 zar\u00f3wno r\u0119cznie, jak i w zmywarce. Dzi\u0119ki swojej praktyczno\u015bci i wytrzyma\u0142o\u015bci, jest to idealny wyb\u00f3r dla os\u00f3b ceni\u0105cych wygod\u0119 w kuchni. Produkt dost\u0119pny w r\u00f3\u017cnych kolorach, aby dopasowa\u0107 go do wystroju Twojej kuchni.<\/p>\n<p>AGD Lipiecki Warszawa.<\/p>\n<p>&nbsp;<\/p>\n","protected":false},"excerpt":{"rendered":"<p>Materia\u0142: Polipropylen Opakowanie: 30 szt. Cena:\u00a0 Cena w sklepie dotyczy 1 szt. produktu Wymiary: D\u0142ugo\u015b\u0107: 30 cm, Szeroko\u015b\u0107: 30cm, Wysoko\u015b\u0107: 11 cm Masa:\u00a0 0,106 kg Minimalna kwota zam\u00f3wienia w sklepie: 50 z\u0142 Kod Produktu: Durszlak (\u0141002) 3 zalety plastikowego durszlaka 30 cm Durszlak plastikowy o \u015brednicy 30 cm od AGD Lipiecki to funkcjonalne i wytrzyma\u0142e [&hellip;]<\/p>\n","protected":false},"featured_media":2644,"comment_status":"closed","ping_status":"closed","template":"","meta":{"_acf_changed":false,"_eb_attr":""},"product_brand":[],"product_cat":[107,108],"product_tag":[],"class_list":{"0":"post-1971","1":"product","2":"type-product","3":"status-publish","4":"has-post-thumbnail","6":"product_cat-dom","7":"product_cat-kuchnia","9":"first","10":"instock","11":"taxable","12":"shipping-taxable","13":"purchasable","14":"product-type-variable","15":"has-default-attributes"},"acf":[],"mb":[],"mfb_rest_fields":["title"],"_links":{"self":[{"href":"https:\/\/agdlipiecki.pl\/uk\/wp-json\/wp\/v2\/product\/1971","targetHints":{"allow":["GET"]}}],"collection":[{"href":"https:\/\/agdlipiecki.pl\/uk\/wp-json\/wp\/v2\/product"}],"about":[{"href":"https:\/\/agdlipiecki.pl\/uk\/wp-json\/wp\/v2\/types\/product"}],"replies":[{"embeddable":true,"href":"https:\/\/agdlipiecki.pl\/uk\/wp-json\/wp\/v2\/comments?post=1971"}],"wp:featuredmedia":[{"embeddable":true,"href":"https:\/\/agdlipiecki.pl\/uk\/wp-json\/wp\/v2\/media\/2644"}],"wp:attachment":[{"href":"https:\/\/agdlipiecki.pl\/uk\/wp-json\/wp\/v2\/media?parent=1971"}],"wp:term":[{"taxonomy":"product_brand","embeddable":true,"href":"https:\/\/agdlipiecki.pl\/uk\/wp-json\/wp\/v2\/product_brand?post=1971"},{"taxonomy":"product_cat","embeddable":true,"href":"https:\/\/agdlipiecki.pl\/uk\/wp-json\/wp\/v2\/product_cat?post=1971"},{"taxonomy":"product_tag","embeddable":true,"href":"https:\/\/agdlipiecki.pl\/uk\/wp-json\/wp\/v2\/product_tag?post=1971"}],"curies":[{"name":"wp","href":"https:\/\/api.w.org\/{rel}","templated":true}]}}