{"id":1970,"date":"2025-08-11T13:55:42","date_gmt":"2025-08-11T13:55:42","guid":{"rendered":"https:\/\/agdlipiecki.pl\/?post_type=product&#038;p=1970"},"modified":"2026-04-29T09:10:53","modified_gmt":"2026-04-29T09:10:53","slug":"serwetnik-plastikowy-plecionka","status":"publish","type":"product","link":"https:\/\/agdlipiecki.pl\/uk\/ua-produkt\/serwetnik-plastikowy-plecionka\/","title":{"rendered":"Serwetnik plastikowy plecionka"},"content":{"rendered":"<p><strong>Materia\u0142:<\/strong> Polistyren<br \/>\n<strong>Opakowanie: <\/strong>140 szt.<br \/>\n<strong>Cena:\u00a0 <\/strong>Cena w sklepie dotyczy 1 szt. produktu<br \/>\n<strong>Wymiary:<\/strong> D\u0142ugo\u015b\u0107: 17 cm, Szeroko\u015b\u0107: 10 cm, Wysoko\u015b\u0107 18 cm<br \/>\n<strong>Masa:<\/strong>\u00a0 0,052 kg<br \/>\n<strong>Minimalna kwota zam\u00f3wienia w sklepie: <\/strong>50 z\u0142<br \/>\n<strong>Kod produktu:<\/strong> Serwetnik plecionka (P403)<\/p>\n<h2>Jakie zastosowanie ma serwetnik plastikowy plecionka?<\/h2>\n<p>Serwetnik plastikowy plecionka od AGD Lipiecki to stylowy i funkcjonalny dodatek, kt\u00f3ry u\u0142atwia przechowywanie serwetek na stole, jednocze\u015bnie pe\u0142ni\u0105c rol\u0119 estetycznego elementu dekoracyjnego. Wykonany z wytrzyma\u0142ego plastiku, serwetnik charakteryzuje si\u0119 trwa\u0142o\u015bci\u0105 i odporno\u015bci\u0105 na zarysowania, co sprawia, \u017ce idealnie sprawdzi si\u0119 zar\u00f3wno w codziennym u\u017cytkowaniu, jak i podczas specjalnych okazji.<\/p>\n<p>Pleciony wz\u00f3r dodaje mu elegancji i sprawia, \u017ce dobrze komponuje si\u0119 z r\u00f3\u017cnymi stylami wn\u0119trz \u2013 od klasycznych po nowoczesne. Dzi\u0119ki odpowiednio dobranym wymiarom serwetnik jest stabilny i \u0142atwo pomie\u015bci standardowe rozmiary serwetek, co zapewnia wygod\u0119 u\u017cytkowania. Jego lekka, a jednocze\u015bnie solidna konstrukcja sprawia, \u017ce jest \u0142atwy w przenoszeniu i przechowywaniu.<\/p>\n<p>Serwetnik plastikowy plecionka od AGD Lipiecki dost\u0119pny jest w r\u00f3\u017cnych kolorach, co pozwala dopasowa\u0107 go do wystroju Twojego sto\u0142u. Jest to nie tylko praktyczne narz\u0119dzie, ale r\u00f3wnie\u017c element, kt\u00f3ry wprowadza do wn\u0119trza subtelny akcent dekoracyjny. Dzi\u0119ki \u0142atwej w czyszczeniu powierzchni, mo\u017cna go szybko od\u015bwie\u017cy\u0107, a trwa\u0142y plastik zapewnia d\u0142ugotrwa\u0142e u\u017cytkowanie bez utraty jako\u015bci.<\/p>\n<p>AGD Lipiecki Warszawa.<\/p>\n","protected":false},"excerpt":{"rendered":"<p>Materia\u0142: Polistyren Opakowanie: 140 szt. Cena:\u00a0 Cena w sklepie dotyczy 1 szt. produktu Wymiary: D\u0142ugo\u015b\u0107: 17 cm, Szeroko\u015b\u0107: 10 cm, Wysoko\u015b\u0107 18 cm Masa:\u00a0 0,052 kg Minimalna kwota zam\u00f3wienia w sklepie: 50 z\u0142 Kod produktu: Serwetnik plecionka (P403) Jakie zastosowanie ma serwetnik plastikowy plecionka? Serwetnik plastikowy plecionka od AGD Lipiecki to stylowy i funkcjonalny dodatek, [&hellip;]<\/p>\n","protected":false},"featured_media":6314,"comment_status":"closed","ping_status":"closed","template":"","meta":{"_acf_changed":false,"_eb_attr":""},"product_brand":[],"product_cat":[107,108],"product_tag":[],"class_list":{"0":"post-1970","1":"product","2":"type-product","3":"status-publish","4":"has-post-thumbnail","6":"product_cat-dom","7":"product_cat-kuchnia","9":"first","10":"instock","11":"taxable","12":"shipping-taxable","13":"purchasable","14":"product-type-variable","15":"has-default-attributes"},"acf":[],"mb":[],"mfb_rest_fields":["title"],"_links":{"self":[{"href":"https:\/\/agdlipiecki.pl\/uk\/wp-json\/wp\/v2\/product\/1970","targetHints":{"allow":["GET"]}}],"collection":[{"href":"https:\/\/agdlipiecki.pl\/uk\/wp-json\/wp\/v2\/product"}],"about":[{"href":"https:\/\/agdlipiecki.pl\/uk\/wp-json\/wp\/v2\/types\/product"}],"replies":[{"embeddable":true,"href":"https:\/\/agdlipiecki.pl\/uk\/wp-json\/wp\/v2\/comments?post=1970"}],"wp:featuredmedia":[{"embeddable":true,"href":"https:\/\/agdlipiecki.pl\/uk\/wp-json\/wp\/v2\/media\/6314"}],"wp:attachment":[{"href":"https:\/\/agdlipiecki.pl\/uk\/wp-json\/wp\/v2\/media?parent=1970"}],"wp:term":[{"taxonomy":"product_brand","embeddable":true,"href":"https:\/\/agdlipiecki.pl\/uk\/wp-json\/wp\/v2\/product_brand?post=1970"},{"taxonomy":"product_cat","embeddable":true,"href":"https:\/\/agdlipiecki.pl\/uk\/wp-json\/wp\/v2\/product_cat?post=1970"},{"taxonomy":"product_tag","embeddable":true,"href":"https:\/\/agdlipiecki.pl\/uk\/wp-json\/wp\/v2\/product_tag?post=1970"}],"curies":[{"name":"wp","href":"https:\/\/api.w.org\/{rel}","templated":true}]}}