{"id":1754,"date":"2025-08-11T13:55:20","date_gmt":"2025-08-11T13:55:20","guid":{"rendered":"https:\/\/agdlipiecki.pl\/?post_type=product&#038;p=1754"},"modified":"2026-04-14T10:00:58","modified_gmt":"2026-04-14T10:00:58","slug":"miska-plastikowa-8l","status":"publish","type":"product","link":"https:\/\/agdlipiecki.pl\/uk\/ua-produkt\/miska-plastikowa-8l\/","title":{"rendered":"Miska plastikowa karbowany rant 8L"},"content":{"rendered":"<p><strong>Materia\u0142:<\/strong> Polipropylen.<br \/>\n<strong>Opakowanie:\u00a0<\/strong> 10 szt.<br \/>\n<strong>Cena:\u00a0 <\/strong>Cena w sklepie dotyczy 1 szt. produktu<br \/>\n<strong>Wymiary:<\/strong> Wysoko\u015b\u0107: 14,5 cm, \u015arednica: 32,5 cm<br \/>\n<strong>Masa:<\/strong>\u00a0 0,260 kg<br \/>\n<strong>Minimalna kwota zam\u00f3wienia w sklepie: <\/strong>50 z\u0142<br \/>\n<strong>Kod produktu: <\/strong>Miska 8 l (M231)<\/p>\n<h2>3 zalety plastikowej miski o pojemno\u015bci 8L<\/h2>\n<p><strong>Miska plastikowa o pojemno\u015bci 8L od AGD Lipiecki<\/strong> to wszechstronny produkt, kt\u00f3ry znajdzie zastosowanie w ka\u017cdej kuchni. Wykonana z wytrzyma\u0142ego plastiku, miska jest odporna na uszkodzenia, a jednocze\u015bnie lekka i por\u0119czna. Jej du\u017ca pojemno\u015b\u0107 sprawia, \u017ce jest idealna do przygotowywania ciasta, mieszania sa\u0142atek, a tak\u017ce do mycia warzyw i owoc\u00f3w.<\/p>\n<p>Pierwsz\u0105 zalet\u0105 tej miski jest jej wytrzyma\u0142a konstrukcja, kt\u00f3ra zapewnia d\u0142ugotrwa\u0142e u\u017cytkowanie, nawet przy intensywnym codziennym stosowaniu. Drug\u0105 zalet\u0105 jest du\u017ca pojemno\u015b\u0107 \u2013 8 litr\u00f3w to wystarczaj\u0105co du\u017co miejsca na wi\u0119ksze porcje jedzenia, co czyni misk\u0119 niezast\u0105pion\u0105 podczas rodzinnych spotka\u0144 czy imprez. Trzeci\u0105 zalet\u0105 jest \u0142atwo\u015b\u0107 w czyszczeniu \u2013 g\u0142adka powierzchnia miski sprawia, \u017ce nie zatrzymuje ona resztek jedzenia, a mycie jej r\u0119cznie lub w zmywarce jest szybkie i bezproblemowe.<\/p>\n<p>Dzi\u0119ki estetycznemu wygl\u0105dowi i dost\u0119pno\u015bci w r\u00f3\u017cnych kolorach, miska plastikowa od AGD Lipiecki b\u0119dzie nie tylko praktycznym, ale i eleganckim dodatkiem do Twojej kuchni. Jest to produkt, kt\u00f3ry \u0142\u0105czy funkcjonalno\u015b\u0107 z nowoczesnym designem.<\/p>\n<p>AGD Lipiecki Warszawa.<\/p>\n","protected":false},"excerpt":{"rendered":"<p>Materia\u0142: Polipropylen. Opakowanie:\u00a0 10 szt. Cena:\u00a0 Cena w sklepie dotyczy 1 szt. produktu Wymiary: Wysoko\u015b\u0107: 14,5 cm, \u015arednica: 32,5 cm Masa:\u00a0 0,260 kg Minimalna kwota zam\u00f3wienia w sklepie: 50 z\u0142 Kod produktu: Miska 8 l (M231) 3 zalety plastikowej miski o pojemno\u015bci 8L Miska plastikowa o pojemno\u015bci 8L od AGD Lipiecki to wszechstronny produkt, kt\u00f3ry [&hellip;]<\/p>\n","protected":false},"featured_media":5663,"comment_status":"closed","ping_status":"closed","template":"","meta":{"_acf_changed":false,"_eb_attr":""},"product_brand":[],"product_cat":[107,109,112],"product_tag":[],"class_list":{"0":"post-1754","1":"product","2":"type-product","3":"status-publish","4":"has-post-thumbnail","6":"product_cat-dom","7":"product_cat-lazienka","8":"product_cat-miski-plastikowe","10":"first","11":"instock","12":"taxable","13":"shipping-taxable","14":"purchasable","15":"product-type-variable","16":"has-default-attributes"},"acf":[],"mb":[],"mfb_rest_fields":["title"],"_links":{"self":[{"href":"https:\/\/agdlipiecki.pl\/uk\/wp-json\/wp\/v2\/product\/1754","targetHints":{"allow":["GET"]}}],"collection":[{"href":"https:\/\/agdlipiecki.pl\/uk\/wp-json\/wp\/v2\/product"}],"about":[{"href":"https:\/\/agdlipiecki.pl\/uk\/wp-json\/wp\/v2\/types\/product"}],"replies":[{"embeddable":true,"href":"https:\/\/agdlipiecki.pl\/uk\/wp-json\/wp\/v2\/comments?post=1754"}],"wp:featuredmedia":[{"embeddable":true,"href":"https:\/\/agdlipiecki.pl\/uk\/wp-json\/wp\/v2\/media\/5663"}],"wp:attachment":[{"href":"https:\/\/agdlipiecki.pl\/uk\/wp-json\/wp\/v2\/media?parent=1754"}],"wp:term":[{"taxonomy":"product_brand","embeddable":true,"href":"https:\/\/agdlipiecki.pl\/uk\/wp-json\/wp\/v2\/product_brand?post=1754"},{"taxonomy":"product_cat","embeddable":true,"href":"https:\/\/agdlipiecki.pl\/uk\/wp-json\/wp\/v2\/product_cat?post=1754"},{"taxonomy":"product_tag","embeddable":true,"href":"https:\/\/agdlipiecki.pl\/uk\/wp-json\/wp\/v2\/product_tag?post=1754"}],"curies":[{"name":"wp","href":"https:\/\/api.w.org\/{rel}","templated":true}]}}