{"id":1749,"date":"2025-08-11T13:55:20","date_gmt":"2025-08-11T13:55:20","guid":{"rendered":"https:\/\/agdlipiecki.pl\/?post_type=product&#038;p=1749"},"modified":"2026-04-16T20:30:07","modified_gmt":"2026-04-16T20:30:07","slug":"miska-z-uchwytem-plastikowa-15l","status":"publish","type":"product","link":"https:\/\/agdlipiecki.pl\/uk\/ua-produkt\/miska-z-uchwytem-plastikowa-15l\/","title":{"rendered":"Miska z uchwytem plastikowa 15l"},"content":{"rendered":"<p><strong>Materia\u0142:<\/strong> Polipropylen.<br \/>\n<strong>Opakowanie:\u00a0<\/strong> 10 szt.<br \/>\n<strong>Cena:\u00a0 <\/strong>Cena w sklepie dotyczy 1 szt. produktu<br \/>\n<strong>Wymiary:<\/strong> Wysoko\u015b\u0107: 20cm, Szeroko\u015b\u0107: 38,5cm<br \/>\n<strong>Masa:<\/strong>\u00a0 0,389 kg<br \/>\n<strong>Minimalna kwota zam\u00f3wienia w sklepie: <\/strong>50 z\u0142<\/p>\n<h2>3 zalety plastikowej miski z uchwytem o pojemno\u015bci 15L<\/h2>\n<p>Miska plastikowa z uchwytem o pojemno\u015bci 15L od AGD Lipiecki to funkcjonalne i wygodne rozwi\u0105zanie do codziennych zada\u0144 w kuchni, \u0142azience, czy podczas prac domowych. Dzi\u0119ki solidnej konstrukcji z trwa\u0142ego plastiku, miska jest lekka, wytrzyma\u0142a i odporna na uszkodzenia, co gwarantuje jej d\u0142ugotrwa\u0142e u\u017cytkowanie.<\/p>\n<p>Pierwsz\u0105 zalet\u0105 tej miski jest jej du\u017ca pojemno\u015b\u0107 \u2013 15 litr\u00f3w umo\u017cliwia komfortowe wykonywanie takich czynno\u015bci, jak mycie warzyw i owoc\u00f3w, mieszanie du\u017cych porcji sk\u0142adnik\u00f3w czy przechowywanie r\u00f3\u017cnych produkt\u00f3w. Drug\u0105 zalet\u0105 s\u0105 wygodne uchwyty, kt\u00f3re u\u0142atwiaj\u0105 przenoszenie miski, nawet gdy jest pe\u0142na, co czyni j\u0105 praktycznym narz\u0119dziem do r\u00f3\u017cnorodnych zastosowa\u0144. Trzeci\u0105 zalet\u0105 jest \u0142atwo\u015b\u0107 utrzymania w czysto\u015bci \u2013 miska ma g\u0142adk\u0105 powierzchni\u0119, kt\u00f3ra pozwala na szybkie i bezproblemowe mycie r\u0119czne lub w zmywarce.<\/p>\n<p>Miska z uchwytem od AGD Lipiecki jest dost\u0119pna w r\u00f3\u017cnych kolorach, co pozwala dopasowa\u0107 j\u0105 do indywidualnych preferencji lub wystroju wn\u0119trza. Dzi\u0119ki trwa\u0142emu i estetycznemu wykonaniu, produkt sprawdzi si\u0119 zar\u00f3wno w kuchni, jak i podczas prac ogrodowych czy porz\u0105dkowych, oferuj\u0105c wszechstronno\u015b\u0107 i wygod\u0119 u\u017cytkowania.<\/p>\n<p>AGD Lipiecki Warszawa.<\/p>\n","protected":false},"excerpt":{"rendered":"<p>Materia\u0142: Polipropylen. Opakowanie:\u00a0 10 szt. Cena:\u00a0 Cena w sklepie dotyczy 1 szt. produktu Wymiary: Wysoko\u015b\u0107: 20cm, Szeroko\u015b\u0107: 38,5cm Masa:\u00a0 0,389 kg Minimalna kwota zam\u00f3wienia w sklepie: 50 z\u0142 3 zalety plastikowej miski z uchwytem o pojemno\u015bci 15L Miska plastikowa z uchwytem o pojemno\u015bci 15L od AGD Lipiecki to funkcjonalne i wygodne rozwi\u0105zanie do codziennych zada\u0144 [&hellip;]<\/p>\n","protected":false},"featured_media":5762,"comment_status":"closed","ping_status":"closed","template":"","meta":{"_acf_changed":false,"_eb_attr":""},"product_brand":[],"product_cat":[107,109,112],"product_tag":[],"class_list":{"0":"post-1749","1":"product","2":"type-product","3":"status-publish","4":"has-post-thumbnail","6":"product_cat-dom","7":"product_cat-lazienka","8":"product_cat-miski-plastikowe","10":"first","11":"instock","12":"taxable","13":"shipping-taxable","14":"purchasable","15":"product-type-variable","16":"has-default-attributes"},"acf":[],"mb":[],"mfb_rest_fields":["title"],"_links":{"self":[{"href":"https:\/\/agdlipiecki.pl\/uk\/wp-json\/wp\/v2\/product\/1749","targetHints":{"allow":["GET"]}}],"collection":[{"href":"https:\/\/agdlipiecki.pl\/uk\/wp-json\/wp\/v2\/product"}],"about":[{"href":"https:\/\/agdlipiecki.pl\/uk\/wp-json\/wp\/v2\/types\/product"}],"replies":[{"embeddable":true,"href":"https:\/\/agdlipiecki.pl\/uk\/wp-json\/wp\/v2\/comments?post=1749"}],"wp:featuredmedia":[{"embeddable":true,"href":"https:\/\/agdlipiecki.pl\/uk\/wp-json\/wp\/v2\/media\/5762"}],"wp:attachment":[{"href":"https:\/\/agdlipiecki.pl\/uk\/wp-json\/wp\/v2\/media?parent=1749"}],"wp:term":[{"taxonomy":"product_brand","embeddable":true,"href":"https:\/\/agdlipiecki.pl\/uk\/wp-json\/wp\/v2\/product_brand?post=1749"},{"taxonomy":"product_cat","embeddable":true,"href":"https:\/\/agdlipiecki.pl\/uk\/wp-json\/wp\/v2\/product_cat?post=1749"},{"taxonomy":"product_tag","embeddable":true,"href":"https:\/\/agdlipiecki.pl\/uk\/wp-json\/wp\/v2\/product_tag?post=1749"}],"curies":[{"name":"wp","href":"https:\/\/api.w.org\/{rel}","templated":true}]}}