{"id":1275,"date":"2025-08-11T13:54:34","date_gmt":"2025-08-11T13:54:34","guid":{"rendered":"https:\/\/agdlipiecki.pl\/?post_type=product&#038;p=1275"},"modified":"2026-04-28T09:44:10","modified_gmt":"2026-04-28T09:44:10","slug":"pokrywa-plastikowa-do-wiadra-15-l","status":"publish","type":"product","link":"https:\/\/agdlipiecki.pl\/uk\/ua-produkt\/pokrywa-plastikowa-do-wiadra-15-l\/","title":{"rendered":"Pokrywa plastikowa do wiadra 15 L"},"content":{"rendered":"<p><strong>Materia\u0142:<\/strong> Polipropylen.<br \/>\n<strong>Opakowanie:\u00a0<\/strong> 10 szt.<br \/>\n<strong>Cena:\u00a0 <\/strong>Cena w sklepie dotyczy 1 szt. produktu<br \/>\n<strong>Wymiary:<\/strong> D\u0142ugo\u015b\u0107: 30 cm, Szeroko\u015b\u0107: 30 cm, Wysoko\u015b\u0107 0 cm<br \/>\n<strong>Masa:<\/strong>\u00a0 0,091 kg<br \/>\n<strong>Minimalna kwota zam\u00f3wienia w sklepie: <\/strong>50 z\u0142<\/p>\n<h2>Jakie zastosowanie ma plastikowa pokrywa do wiadra 15L?<\/h2>\n<p>Plastikowa pokrywa do wiadra 15L od AGD Lipiecki to praktyczne akcesorium, kt\u00f3re idealnie uzupe\u0142nia funkcjonalno\u015b\u0107 wiadra. Wykonana z trwa\u0142ego i odpornego na uszkodzenia plastiku, pokrywa zapewnia skuteczne zabezpieczenie zawarto\u015bci wiadra przed zanieczyszczeniami, wilgoci\u0105 oraz przypadkowym rozlaniem.<\/p>\n<p>Dzi\u0119ki precyzyjnemu dopasowaniu do wiadra o pojemno\u015bci 15 litr\u00f3w, pokrywa tworzy szczelne zamkni\u0119cie, co sprawia, \u017ce doskonale sprawdzi si\u0119 podczas przechowywania p\u0142yn\u00f3w, \u015brodk\u00f3w czysto\u015bci czy produkt\u00f3w spo\u017cywczych. Wyprofilowany kszta\u0142t u\u0142atwia jej zak\u0142adanie i zdejmowanie, a lekka konstrukcja pozwala na wygodne u\u017cytkowanie.<\/p>\n<p>Pokrywa jest \u0142atwa w czyszczeniu, a jej g\u0142adka powierzchnia zapobiega osadzaniu si\u0119 zabrudze\u0144. Jest dost\u0119pna w r\u00f3\u017cnych kolorach, co umo\u017cliwia \u0142atw\u0105 identyfikacj\u0119 zawarto\u015bci wiadra lub dopasowanie do indywidualnych preferencji. To niezast\u0105piony dodatek, kt\u00f3ry zwi\u0119ksza funkcjonalno\u015b\u0107 i wszechstronno\u015b\u0107 wiadra.<\/p>\n<p>Plastikowa pokrywa do wiadra 15L od AGD Lipiecki to po\u0142\u0105czenie trwa\u0142o\u015bci, estetyki i praktyczno\u015bci, kt\u00f3re doskonale sprawdzi si\u0119 w codziennym u\u017cytkowaniu.<\/p>\n<p>AGD Lipiecki Warszawa.<\/p>\n","protected":false},"excerpt":{"rendered":"<p>Materia\u0142: Polipropylen. Opakowanie:\u00a0 10 szt. Cena:\u00a0 Cena w sklepie dotyczy 1 szt. produktu Wymiary: D\u0142ugo\u015b\u0107: 30 cm, Szeroko\u015b\u0107: 30 cm, Wysoko\u015b\u0107 0 cm Masa:\u00a0 0,091 kg Minimalna kwota zam\u00f3wienia w sklepie: 50 z\u0142 Jakie zastosowanie ma plastikowa pokrywa do wiadra 15L? Plastikowa pokrywa do wiadra 15L od AGD Lipiecki to praktyczne akcesorium, kt\u00f3re idealnie uzupe\u0142nia [&hellip;]<\/p>\n","protected":false},"featured_media":6074,"comment_status":"closed","ping_status":"closed","template":"","meta":{"_acf_changed":false,"_eb_attr":""},"product_brand":[],"product_cat":[107,109,111],"product_tag":[],"class_list":{"0":"post-1275","1":"product","2":"type-product","3":"status-publish","4":"has-post-thumbnail","6":"product_cat-dom","7":"product_cat-lazienka","8":"product_cat-wiadra-plastikowe","10":"first","11":"instock","12":"taxable","13":"shipping-taxable","14":"product-type-simple"},"acf":[],"mb":[],"mfb_rest_fields":["title"],"_links":{"self":[{"href":"https:\/\/agdlipiecki.pl\/uk\/wp-json\/wp\/v2\/product\/1275","targetHints":{"allow":["GET"]}}],"collection":[{"href":"https:\/\/agdlipiecki.pl\/uk\/wp-json\/wp\/v2\/product"}],"about":[{"href":"https:\/\/agdlipiecki.pl\/uk\/wp-json\/wp\/v2\/types\/product"}],"replies":[{"embeddable":true,"href":"https:\/\/agdlipiecki.pl\/uk\/wp-json\/wp\/v2\/comments?post=1275"}],"wp:featuredmedia":[{"embeddable":true,"href":"https:\/\/agdlipiecki.pl\/uk\/wp-json\/wp\/v2\/media\/6074"}],"wp:attachment":[{"href":"https:\/\/agdlipiecki.pl\/uk\/wp-json\/wp\/v2\/media?parent=1275"}],"wp:term":[{"taxonomy":"product_brand","embeddable":true,"href":"https:\/\/agdlipiecki.pl\/uk\/wp-json\/wp\/v2\/product_brand?post=1275"},{"taxonomy":"product_cat","embeddable":true,"href":"https:\/\/agdlipiecki.pl\/uk\/wp-json\/wp\/v2\/product_cat?post=1275"},{"taxonomy":"product_tag","embeddable":true,"href":"https:\/\/agdlipiecki.pl\/uk\/wp-json\/wp\/v2\/product_tag?post=1275"}],"curies":[{"name":"wp","href":"https:\/\/api.w.org\/{rel}","templated":true}]}}