{"id":1273,"date":"2025-08-11T13:54:34","date_gmt":"2025-08-11T13:54:34","guid":{"rendered":"https:\/\/agdlipiecki.pl\/?post_type=product&#038;p=1273"},"modified":"2025-09-24T08:15:14","modified_gmt":"2025-09-24T08:15:14","slug":"pokrywa-plastikowa-do-wiadra-10-l","status":"publish","type":"product","link":"https:\/\/agdlipiecki.pl\/uk\/ua-produkt\/pokrywa-plastikowa-do-wiadra-10-l\/","title":{"rendered":"Pokrywa plastikowa do wiadra 10 L"},"content":{"rendered":"<p><strong>Materia\u0142:<\/strong> Polipropylen.<br \/>\n<strong>Opakowanie:\u00a0<\/strong> 10 szt.<br \/>\n<strong>Cena:\u00a0 <\/strong>Cena w sklepie dotyczy 1 szt. produktu<br \/>\n<strong>Wymiary:<\/strong> D\u0142ugo\u015b\u0107: 28 cm, Szeroko\u015b\u0107: 28 cm, Wysoko\u015b\u0107 0 cm<br \/>\n<strong>Masa:<\/strong>\u00a0 0,070kg<br \/>\n<strong>Minimalna kwota zam\u00f3wienia w sklepie: <\/strong>50 z\u0142<\/p>\n<h3>Jakie zastosowanie ma plastikowa pokrywa do wiadra 10L?<\/h3>\n<p>Plastikowa pokrywa do wiadra 10L od AGD Lipiecki to funkcjonalne akcesorium, kt\u00f3re zapewnia szczelne zamkni\u0119cie, chroni\u0105c zawarto\u015b\u0107 wiadra przed zanieczyszczeniami, wilgoci\u0105 oraz przypadkowym rozlaniem. Wykonana z wytrzyma\u0142ego plastiku, jest trwa\u0142a i odporna na uszkodzenia, co sprawia, \u017ce doskonale sprawdzi si\u0119 w codziennym u\u017cytkowaniu.<\/p>\n<p>Precyzyjne dopasowanie do wiadra o pojemno\u015bci 10 litr\u00f3w zapewnia skuteczn\u0105 ochron\u0119 przechowywanych p\u0142yn\u00f3w, \u015brodk\u00f3w czysto\u015bci czy produkt\u00f3w spo\u017cywczych. Pokrywa jest lekka i wygodna w obs\u0142udze \u2013 \u0142atwo si\u0119 zak\u0142ada i zdejmuje, a jednocze\u015bnie tworzy szczelne zamkni\u0119cie. Jej ergonomiczny kszta\u0142t sprawia, \u017ce jest praktyczna i wygodna w codziennym u\u017cytkowaniu.<\/p>\n<p>G\u0142adka powierzchnia pokrywy u\u0142atwia jej czyszczenie, a dost\u0119pno\u015b\u0107 w r\u00f3\u017cnych kolorach pozwala na \u0142atwe dopasowanie do indywidualnych potrzeb lub oznaczenie zawarto\u015bci wiadra. Jest to niezb\u0119dne akcesorium, kt\u00f3re zwi\u0119ksza funkcjonalno\u015b\u0107 wiadra i pomaga utrzyma\u0107 porz\u0105dek w domu, gara\u017cu czy ogrodzie.<\/p>\n<p>Plastikowa pokrywa do wiadra 10L od AGD Lipiecki to trwa\u0142y i estetyczny produkt, kt\u00f3ry doskonale sprawdzi si\u0119 w ka\u017cdym gospodarstwie domowym.<\/p>\n<p>AGD Lipiecki Warszawa.<\/p>\n","protected":false},"excerpt":{"rendered":"<p>Materia\u0142: Polipropylen. Opakowanie:\u00a0 10 szt. Cena:\u00a0 Cena w sklepie dotyczy 1 szt. produktu Wymiary: D\u0142ugo\u015b\u0107: 28 cm, Szeroko\u015b\u0107: 28 cm, Wysoko\u015b\u0107 0 cm Masa:\u00a0 0,070kg Minimalna kwota zam\u00f3wienia w sklepie: 50 z\u0142 Jakie zastosowanie ma plastikowa pokrywa do wiadra 10L? Plastikowa pokrywa do wiadra 10L od AGD Lipiecki to funkcjonalne akcesorium, kt\u00f3re zapewnia szczelne zamkni\u0119cie, [&hellip;]<\/p>\n","protected":false},"featured_media":1863,"comment_status":"closed","ping_status":"closed","template":"","meta":{"_acf_changed":false,"_eb_attr":""},"product_brand":[],"product_cat":[109,111],"product_tag":[],"class_list":{"0":"post-1273","1":"product","2":"type-product","3":"status-publish","4":"has-post-thumbnail","6":"product_cat-lazienka","7":"product_cat-wiadra-plastikowe","9":"first","10":"instock","11":"taxable","12":"shipping-taxable","13":"purchasable","14":"product-type-simple"},"acf":[],"mb":[],"mfb_rest_fields":["title"],"_links":{"self":[{"href":"https:\/\/agdlipiecki.pl\/uk\/wp-json\/wp\/v2\/product\/1273","targetHints":{"allow":["GET"]}}],"collection":[{"href":"https:\/\/agdlipiecki.pl\/uk\/wp-json\/wp\/v2\/product"}],"about":[{"href":"https:\/\/agdlipiecki.pl\/uk\/wp-json\/wp\/v2\/types\/product"}],"replies":[{"embeddable":true,"href":"https:\/\/agdlipiecki.pl\/uk\/wp-json\/wp\/v2\/comments?post=1273"}],"wp:featuredmedia":[{"embeddable":true,"href":"https:\/\/agdlipiecki.pl\/uk\/wp-json\/wp\/v2\/media\/1863"}],"wp:attachment":[{"href":"https:\/\/agdlipiecki.pl\/uk\/wp-json\/wp\/v2\/media?parent=1273"}],"wp:term":[{"taxonomy":"product_brand","embeddable":true,"href":"https:\/\/agdlipiecki.pl\/uk\/wp-json\/wp\/v2\/product_brand?post=1273"},{"taxonomy":"product_cat","embeddable":true,"href":"https:\/\/agdlipiecki.pl\/uk\/wp-json\/wp\/v2\/product_cat?post=1273"},{"taxonomy":"product_tag","embeddable":true,"href":"https:\/\/agdlipiecki.pl\/uk\/wp-json\/wp\/v2\/product_tag?post=1273"}],"curies":[{"name":"wp","href":"https:\/\/api.w.org\/{rel}","templated":true}]}}