{"id":1272,"date":"2025-08-11T13:54:34","date_gmt":"2025-08-11T13:54:34","guid":{"rendered":"https:\/\/agdlipiecki.pl\/?post_type=product&#038;p=1272"},"modified":"2026-05-04T08:26:44","modified_gmt":"2026-05-04T08:26:44","slug":"pokrywa-plastikowa-do-wiadra-8-l","status":"publish","type":"product","link":"https:\/\/agdlipiecki.pl\/uk\/ua-produkt\/pokrywa-plastikowa-do-wiadra-8-l\/","title":{"rendered":"Pokrywa plastikowa do wiadra 8 L"},"content":{"rendered":"<p><strong>Materia\u0142:<\/strong> Polipropylen.<br \/>\n<strong>Opakowanie:\u00a0<\/strong> 10 szt.<br \/>\n<strong>Cena:\u00a0 <\/strong>Cena w sklepie dotyczy 1 szt. produktu<br \/>\n<strong>Wymiary:<\/strong> D\u0142ugo\u015b\u0107: 25 cm, Szeroko\u015b\u0107: 25 cm, Wysoko\u015b\u0107 0 cm<br \/>\n<strong>Masa:<\/strong>\u00a0 0,061 kg<br \/>\n<strong>Minimalna kwota zam\u00f3wienia w sklepie: <\/strong>50 z\u0142<\/p>\n<h2>Jakie zastosowanie ma plastikowa pokrywa do wiadra 8L?<\/h2>\n<p>Plastikowa pokrywa do wiadra 8L od AGD Lipiecki to praktyczny i niezawodny dodatek, kt\u00f3ry zwi\u0119ksza funkcjonalno\u015b\u0107 wiadra, zapewniaj\u0105c skuteczne zabezpieczenie jego zawarto\u015bci. Wykonana z trwa\u0142ego plastiku, pokrywa jest odporna na uszkodzenia, co gwarantuje jej d\u0142ugotrwa\u0142e u\u017cytkowanie.<\/p>\n<p>Dzi\u0119ki precyzyjnemu dopasowaniu do wiadra o pojemno\u015bci 8 litr\u00f3w, pokrywa tworzy szczelne zamkni\u0119cie, kt\u00f3re chroni przed wilgoci\u0105, zanieczyszczeniami oraz przypadkowym rozlaniem zawarto\u015bci. Ergonomiczna konstrukcja u\u0142atwia jej zak\u0142adanie i zdejmowanie, a jednocze\u015bnie zapewnia stabilne i pewne przyleganie.<\/p>\n<p>G\u0142adka powierzchnia pokrywy sprawia, \u017ce jest ona \u0142atwa do czyszczenia, a jej lekka konstrukcja u\u0142atwia obs\u0142ug\u0119. Produkt dost\u0119pny jest w r\u00f3\u017cnych kolorach, co pozwala na dopasowanie go do preferencji u\u017cytkownika lub oznaczenie zawarto\u015bci wiadra w praktyczny spos\u00f3b.<\/p>\n<p>Plastikowa pokrywa do wiadra 8L od AGD Lipiecki to idealne rozwi\u0105zanie, kt\u00f3re pomaga utrzyma\u0107 porz\u0105dek i higien\u0119, zwi\u0119kszaj\u0105c wszechstronno\u015b\u0107 u\u017cytkowania wiadra w domu, ogrodzie czy gara\u017cu.<\/p>\n<p>AGD Lipiecki Warszawa.<\/p>\n","protected":false},"excerpt":{"rendered":"<p>Materia\u0142: Polipropylen. Opakowanie:\u00a0 10 szt. Cena:\u00a0 Cena w sklepie dotyczy 1 szt. produktu Wymiary: D\u0142ugo\u015b\u0107: 25 cm, Szeroko\u015b\u0107: 25 cm, Wysoko\u015b\u0107 0 cm Masa:\u00a0 0,061 kg Minimalna kwota zam\u00f3wienia w sklepie: 50 z\u0142 Jakie zastosowanie ma plastikowa pokrywa do wiadra 8L? Plastikowa pokrywa do wiadra 8L od AGD Lipiecki to praktyczny i niezawodny dodatek, kt\u00f3ry [&hellip;]<\/p>\n","protected":false},"featured_media":1863,"comment_status":"closed","ping_status":"closed","template":"","meta":{"_acf_changed":false,"_eb_attr":""},"product_brand":[],"product_cat":[109,111],"product_tag":[],"class_list":{"0":"post-1272","1":"product","2":"type-product","3":"status-publish","4":"has-post-thumbnail","6":"product_cat-lazienka","7":"product_cat-wiadra-plastikowe","9":"first","10":"instock","11":"taxable","12":"shipping-taxable","13":"purchasable","14":"product-type-simple"},"acf":[],"mb":[],"mfb_rest_fields":["title"],"_links":{"self":[{"href":"https:\/\/agdlipiecki.pl\/uk\/wp-json\/wp\/v2\/product\/1272","targetHints":{"allow":["GET"]}}],"collection":[{"href":"https:\/\/agdlipiecki.pl\/uk\/wp-json\/wp\/v2\/product"}],"about":[{"href":"https:\/\/agdlipiecki.pl\/uk\/wp-json\/wp\/v2\/types\/product"}],"replies":[{"embeddable":true,"href":"https:\/\/agdlipiecki.pl\/uk\/wp-json\/wp\/v2\/comments?post=1272"}],"wp:featuredmedia":[{"embeddable":true,"href":"https:\/\/agdlipiecki.pl\/uk\/wp-json\/wp\/v2\/media\/1863"}],"wp:attachment":[{"href":"https:\/\/agdlipiecki.pl\/uk\/wp-json\/wp\/v2\/media?parent=1272"}],"wp:term":[{"taxonomy":"product_brand","embeddable":true,"href":"https:\/\/agdlipiecki.pl\/uk\/wp-json\/wp\/v2\/product_brand?post=1272"},{"taxonomy":"product_cat","embeddable":true,"href":"https:\/\/agdlipiecki.pl\/uk\/wp-json\/wp\/v2\/product_cat?post=1272"},{"taxonomy":"product_tag","embeddable":true,"href":"https:\/\/agdlipiecki.pl\/uk\/wp-json\/wp\/v2\/product_tag?post=1272"}],"curies":[{"name":"wp","href":"https:\/\/api.w.org\/{rel}","templated":true}]}}