{"id":1271,"date":"2025-08-11T13:54:34","date_gmt":"2025-08-11T13:54:34","guid":{"rendered":"https:\/\/agdlipiecki.pl\/?post_type=product&#038;p=1271"},"modified":"2025-09-24T08:14:34","modified_gmt":"2025-09-24T08:14:34","slug":"pokrywa-plastikowa-do-wiadra-5-l","status":"publish","type":"product","link":"https:\/\/agdlipiecki.pl\/uk\/ua-produkt\/pokrywa-plastikowa-do-wiadra-5-l\/","title":{"rendered":"Pokrywa plastikowa do wiadra 5 L"},"content":{"rendered":"<p><strong>Materia\u0142:<\/strong> Polipropylen.<br \/>\n<strong>Opakowanie:\u00a0<\/strong> 10 szt.<br \/>\n<strong>Cena:\u00a0 <\/strong>Cena w sklepie dotyczy 1 szt. produktu<br \/>\n<strong>Wymiary:<\/strong> D\u0142ugo\u015b\u0107: 21 cm, Szeroko\u015b\u0107: 21 cm, Wysoko\u015b\u0107 0 cm<br \/>\n<strong>Masa:<\/strong>\u00a0 0,041 kg<br \/>\n<strong>Minimalna kwota zam\u00f3wienia w sklepie: <\/strong>50 z\u0142<\/p>\n<h3>Jakie zastosowanie ma plastikowa pokrywa do wiadra 5L?<\/h3>\n<p>Plastikowa pokrywa do wiadra 5L od AGD Lipiecki to praktyczne akcesorium, kt\u00f3re doskonale zabezpiecza zawarto\u015b\u0107 wiadra przed zanieczyszczeniami, wilgoci\u0105 i przypadkowym rozlaniem. Wykonana z trwa\u0142ego plastiku, jest odporna na uszkodzenia, co zapewnia d\u0142ugotrwa\u0142e i niezawodne u\u017cytkowanie.<\/p>\n<p>Dzi\u0119ki precyzyjnemu dopasowaniu do wiadra o pojemno\u015bci 5 litr\u00f3w, pokrywa tworzy szczelne zamkni\u0119cie, kt\u00f3re \u015bwietnie sprawdzi si\u0119 podczas przechowywania p\u0142yn\u00f3w, \u015brodk\u00f3w czysto\u015bci czy drobnych produkt\u00f3w spo\u017cywczych. Jej lekka konstrukcja i ergonomiczny kszta\u0142t umo\u017cliwiaj\u0105 szybkie zak\u0142adanie i zdejmowanie, co czyni j\u0105 wygodn\u0105 w codziennym u\u017cytkowaniu.<\/p>\n<p>Pokrywa ma g\u0142adk\u0105 powierzchni\u0119, kt\u00f3ra u\u0142atwia jej czyszczenie, a dost\u0119pno\u015b\u0107 w r\u00f3\u017cnych kolorach pozwala na \u0142atwe dopasowanie do indywidualnych potrzeb lub praktyczne oznaczanie zawarto\u015bci wiadra. Jest to idealne rozwi\u0105zanie dla os\u00f3b, kt\u00f3re ceni\u0105 porz\u0105dek i funkcjonalno\u015b\u0107 w swoim domu czy warsztacie.<\/p>\n<p>Plastikowa pokrywa do wiadra 5L od AGD Lipiecki to produkt \u0142\u0105cz\u0105cy trwa\u0142o\u015b\u0107, praktyczno\u015b\u0107 i estetyk\u0119, kt\u00f3ry znajdzie zastosowanie w ka\u017cdej sytuacji.<\/p>\n<p>AGD Lipiecki Warszawa.<\/p>\n","protected":false},"excerpt":{"rendered":"<p>Materia\u0142: Polipropylen. Opakowanie:\u00a0 10 szt. Cena:\u00a0 Cena w sklepie dotyczy 1 szt. produktu Wymiary: D\u0142ugo\u015b\u0107: 21 cm, Szeroko\u015b\u0107: 21 cm, Wysoko\u015b\u0107 0 cm Masa:\u00a0 0,041 kg Minimalna kwota zam\u00f3wienia w sklepie: 50 z\u0142 Jakie zastosowanie ma plastikowa pokrywa do wiadra 5L? Plastikowa pokrywa do wiadra 5L od AGD Lipiecki to praktyczne akcesorium, kt\u00f3re doskonale zabezpiecza [&hellip;]<\/p>\n","protected":false},"featured_media":1860,"comment_status":"closed","ping_status":"closed","template":"","meta":{"_acf_changed":false,"_eb_attr":""},"product_brand":[],"product_cat":[107,109,111],"product_tag":[],"class_list":{"0":"post-1271","1":"product","2":"type-product","3":"status-publish","4":"has-post-thumbnail","6":"product_cat-dom","7":"product_cat-lazienka","8":"product_cat-wiadra-plastikowe","10":"first","11":"instock","12":"taxable","13":"shipping-taxable","14":"purchasable","15":"product-type-simple"},"acf":[],"mb":[],"mfb_rest_fields":["title"],"_links":{"self":[{"href":"https:\/\/agdlipiecki.pl\/uk\/wp-json\/wp\/v2\/product\/1271","targetHints":{"allow":["GET"]}}],"collection":[{"href":"https:\/\/agdlipiecki.pl\/uk\/wp-json\/wp\/v2\/product"}],"about":[{"href":"https:\/\/agdlipiecki.pl\/uk\/wp-json\/wp\/v2\/types\/product"}],"replies":[{"embeddable":true,"href":"https:\/\/agdlipiecki.pl\/uk\/wp-json\/wp\/v2\/comments?post=1271"}],"wp:featuredmedia":[{"embeddable":true,"href":"https:\/\/agdlipiecki.pl\/uk\/wp-json\/wp\/v2\/media\/1860"}],"wp:attachment":[{"href":"https:\/\/agdlipiecki.pl\/uk\/wp-json\/wp\/v2\/media?parent=1271"}],"wp:term":[{"taxonomy":"product_brand","embeddable":true,"href":"https:\/\/agdlipiecki.pl\/uk\/wp-json\/wp\/v2\/product_brand?post=1271"},{"taxonomy":"product_cat","embeddable":true,"href":"https:\/\/agdlipiecki.pl\/uk\/wp-json\/wp\/v2\/product_cat?post=1271"},{"taxonomy":"product_tag","embeddable":true,"href":"https:\/\/agdlipiecki.pl\/uk\/wp-json\/wp\/v2\/product_tag?post=1271"}],"curies":[{"name":"wp","href":"https:\/\/api.w.org\/{rel}","templated":true}]}}