{"id":1270,"date":"2025-08-11T13:54:34","date_gmt":"2025-08-11T13:54:34","guid":{"rendered":"https:\/\/agdlipiecki.pl\/?post_type=product&#038;p=1270"},"modified":"2026-02-26T11:58:21","modified_gmt":"2026-02-26T11:58:21","slug":"wiadro-do-mopa-plastikowe","status":"publish","type":"product","link":"https:\/\/agdlipiecki.pl\/uk\/ua-produkt\/wiadro-do-mopa-plastikowe\/","title":{"rendered":"Wiadro do mopa plastikowe"},"content":{"rendered":"<p><strong>Materia\u0142:<\/strong> Polipropylen.<br \/>\n<strong>Opakowanie:\u00a0<\/strong> 10 szt.<br \/>\n<strong>Cena:\u00a0 <\/strong>Cena w sklepie dotyczy 1 szt. produktu<br \/>\n<strong>Wymiary:<\/strong> D\u0142ugo\u015b\u0107: 45 cm, Szeroko\u015b\u0107: 32 cm, Wysoko\u015b\u0107 31 cm<br \/>\n<strong>Masa:<\/strong>\u00a0 0,510 kg<br \/>\n<strong>Minimalna kwota zam\u00f3wienia w sklepie: <\/strong>50 z\u0142<\/p>\n<h3>Jakie zastosowanie ma plastikowe wiadro do mopa?<\/h3>\n<p>Plastikowe wiadro do mopa od AGD Lipiecki to funkcjonalne akcesorium, kt\u00f3re znacznie u\u0142atwia sprz\u0105tanie w ka\u017cdym domu. Wykonane z trwa\u0142ego i wytrzyma\u0142ego plastiku, wiadro charakteryzuje si\u0119 odporno\u015bci\u0105 na uszkodzenia oraz ergonomicznym designem, kt\u00f3ry zapewnia wygod\u0119 u\u017cytkowania.<\/p>\n<p>Wyposa\u017cone w wyprofilowany wylew, wiadro umo\u017cliwia \u0142atwe i bezpieczne wylewanie wody, co zapobiega rozlewaniu i zwi\u0119ksza komfort sprz\u0105tania. Dodatkowo, wzmocniony uchwyt zapewnia pewny i stabilny chwyt podczas przenoszenia, nawet gdy wiadro jest wype\u0142nione wod\u0105.<\/p>\n<p>Wiadro jest lekkie, a jego g\u0142adka powierzchnia u\u0142atwia czyszczenie po u\u017cyciu. Mo\u017cna je wyposa\u017cy\u0107 w kompatybilny kosz do wyciskania mopa (dost\u0119pny osobno), co czyni zestaw jeszcze bardziej praktycznym i efektywnym. Produkt dost\u0119pny w r\u00f3\u017cnych kolorach, co pozwala na dopasowanie do w\u0142asnych preferencji estetycznych.<\/p>\n<p>Plastikowe wiadro do mopa od AGD Lipiecki to niezast\u0105pione narz\u0119dzie w ka\u017cdym domu, kt\u00f3re \u0142\u0105czy funkcjonalno\u015b\u0107, trwa\u0142o\u015b\u0107 i wygod\u0119, zapewniaj\u0105c \u0142atwe i skuteczne sprz\u0105tanie.<\/p>\n<p>AGD Lipiecki Warszawa.<\/p>\n","protected":false},"excerpt":{"rendered":"<p>Materia\u0142: Polipropylen. Opakowanie:\u00a0 10 szt. Cena:\u00a0 Cena w sklepie dotyczy 1 szt. produktu Wymiary: D\u0142ugo\u015b\u0107: 45 cm, Szeroko\u015b\u0107: 32 cm, Wysoko\u015b\u0107 31 cm Masa:\u00a0 0,510 kg Minimalna kwota zam\u00f3wienia w sklepie: 50 z\u0142 Jakie zastosowanie ma plastikowe wiadro do mopa? Plastikowe wiadro do mopa od AGD Lipiecki to funkcjonalne akcesorium, kt\u00f3re znacznie u\u0142atwia sprz\u0105tanie w [&hellip;]<\/p>\n","protected":false},"featured_media":4595,"comment_status":"closed","ping_status":"closed","template":"","meta":{"_acf_changed":false,"_eb_attr":""},"product_brand":[],"product_cat":[107,109,111],"product_tag":[],"class_list":{"0":"post-1270","1":"product","2":"type-product","3":"status-publish","4":"has-post-thumbnail","6":"product_cat-dom","7":"product_cat-lazienka","8":"product_cat-wiadra-plastikowe","10":"first","11":"instock","12":"taxable","13":"shipping-taxable","14":"purchasable","15":"product-type-variable","16":"has-default-attributes"},"acf":[],"mb":[],"mfb_rest_fields":["title"],"_links":{"self":[{"href":"https:\/\/agdlipiecki.pl\/uk\/wp-json\/wp\/v2\/product\/1270","targetHints":{"allow":["GET"]}}],"collection":[{"href":"https:\/\/agdlipiecki.pl\/uk\/wp-json\/wp\/v2\/product"}],"about":[{"href":"https:\/\/agdlipiecki.pl\/uk\/wp-json\/wp\/v2\/types\/product"}],"replies":[{"embeddable":true,"href":"https:\/\/agdlipiecki.pl\/uk\/wp-json\/wp\/v2\/comments?post=1270"}],"wp:featuredmedia":[{"embeddable":true,"href":"https:\/\/agdlipiecki.pl\/uk\/wp-json\/wp\/v2\/media\/4595"}],"wp:attachment":[{"href":"https:\/\/agdlipiecki.pl\/uk\/wp-json\/wp\/v2\/media?parent=1270"}],"wp:term":[{"taxonomy":"product_brand","embeddable":true,"href":"https:\/\/agdlipiecki.pl\/uk\/wp-json\/wp\/v2\/product_brand?post=1270"},{"taxonomy":"product_cat","embeddable":true,"href":"https:\/\/agdlipiecki.pl\/uk\/wp-json\/wp\/v2\/product_cat?post=1270"},{"taxonomy":"product_tag","embeddable":true,"href":"https:\/\/agdlipiecki.pl\/uk\/wp-json\/wp\/v2\/product_tag?post=1270"}],"curies":[{"name":"wp","href":"https:\/\/api.w.org\/{rel}","templated":true}]}}