{"id":1265,"date":"2025-08-11T13:54:34","date_gmt":"2025-08-11T13:54:34","guid":{"rendered":"https:\/\/agdlipiecki.pl\/?post_type=product&#038;p=1265"},"modified":"2026-02-26T12:18:32","modified_gmt":"2026-02-26T12:18:32","slug":"tarka-czworoboczna-plastikowa","status":"publish","type":"product","link":"https:\/\/agdlipiecki.pl\/uk\/ua-produkt\/tarka-czworoboczna-plastikowa\/","title":{"rendered":"Tarka czworoboczna plastikowa"},"content":{"rendered":"<p><strong>Materia\u0142:<\/strong> Polistyren<br \/>\n<strong>Opakowanie:\u00a0<\/strong> 100 szt.<br \/>\n<strong>Cena:\u00a0 <\/strong>Cena w sklepie dotyczy 1 szt. produktu<br \/>\n<strong>Wymiary:<\/strong> D\u0142ugo\u015b\u0107: 12 cm, Szeroko\u015b\u0107: 10 cm, Wysoko\u015b\u0107 20 cm<br \/>\n<strong>Masa:<\/strong>\u00a0 0,113 kg<br \/>\n<strong>Minimalna kwota zam\u00f3wienia w sklepie: <\/strong>50 z\u0142<\/p>\n<h2>Jakie zastosowanie ma plastikowa tarka czworoboczna?<\/h2>\n<p>Tarka czworoboczna plastikowa od AGD Lipiecki to wszechstronne i lekkie narz\u0119dzie kuchenne, kt\u00f3re sprawdzi si\u0119 w wielu zadaniach zwi\u0105zanych z przygotowywaniem potraw. Wykonana z wysokiej jako\u015bci plastiku, jest bezpieczna dla delikatnych powierzchni, takich jak miski czy garnki, oraz wygodna w u\u017cytkowaniu dzi\u0119ki swojej lekkiej konstrukcji.<\/p>\n<p>Ka\u017cda z czterech stron tarki oferuje inny rodzaj ostrzy, co pozwala na precyzyjne \u015bcieranie produkt\u00f3w spo\u017cywczych na r\u00f3\u017cne sposoby \u2013 od drobnego tarcia sera czy czekolady, przez przygotowywanie warzyw i owoc\u00f3w na sa\u0142atki, a\u017c po tarcie twardych sk\u0142adnik\u00f3w, takich jak marchew czy imbir. Jej plastikowa konstrukcja eliminuje ryzyko korozji, co jest cz\u0119stym problemem w przypadku metalowych tarek.<\/p>\n<p>Tarka jest ergonomiczna i stabilna podczas u\u017cytkowania, a uchwyt zapewnia wygodny i pewny chwyt. G\u0142adka powierzchnia plastiku sprawia, \u017ce jest \u0142atwa do czyszczenia \u2013 mo\u017cna j\u0105 my\u0107 r\u0119cznie lub w zmywarce. Produkt jest dost\u0119pny w r\u00f3\u017cnych kolorach, co pozwala na dopasowanie do estetyki Twojej kuchni.<\/p>\n<p>Plastikowa tarka czworoboczna od AGD Lipiecki to trwa\u0142y, funkcjonalny i estetyczny element kuchni, kt\u00f3ry u\u0142atwia przygotowywanie potraw na co dzie\u0144.<\/p>\n<p>AGD Lipiecki Warszawa.<\/p>\n","protected":false},"excerpt":{"rendered":"<p>Materia\u0142: Polistyren Opakowanie:\u00a0 100 szt. Cena:\u00a0 Cena w sklepie dotyczy 1 szt. produktu Wymiary: D\u0142ugo\u015b\u0107: 12 cm, Szeroko\u015b\u0107: 10 cm, Wysoko\u015b\u0107 20 cm Masa:\u00a0 0,113 kg Minimalna kwota zam\u00f3wienia w sklepie: 50 z\u0142 Jakie zastosowanie ma plastikowa tarka czworoboczna? Tarka czworoboczna plastikowa od AGD Lipiecki to wszechstronne i lekkie narz\u0119dzie kuchenne, kt\u00f3re sprawdzi si\u0119 w [&hellip;]<\/p>\n","protected":false},"featured_media":1764,"comment_status":"closed","ping_status":"closed","template":"","meta":{"_acf_changed":false,"_eb_attr":""},"product_brand":[],"product_cat":[107,108],"product_tag":[],"class_list":{"0":"post-1265","1":"product","2":"type-product","3":"status-publish","4":"has-post-thumbnail","6":"product_cat-dom","7":"product_cat-kuchnia","9":"first","10":"instock","11":"taxable","12":"shipping-taxable","13":"purchasable","14":"product-type-variable","15":"has-default-attributes"},"acf":[],"mb":[],"mfb_rest_fields":["title"],"_links":{"self":[{"href":"https:\/\/agdlipiecki.pl\/uk\/wp-json\/wp\/v2\/product\/1265","targetHints":{"allow":["GET"]}}],"collection":[{"href":"https:\/\/agdlipiecki.pl\/uk\/wp-json\/wp\/v2\/product"}],"about":[{"href":"https:\/\/agdlipiecki.pl\/uk\/wp-json\/wp\/v2\/types\/product"}],"replies":[{"embeddable":true,"href":"https:\/\/agdlipiecki.pl\/uk\/wp-json\/wp\/v2\/comments?post=1265"}],"wp:featuredmedia":[{"embeddable":true,"href":"https:\/\/agdlipiecki.pl\/uk\/wp-json\/wp\/v2\/media\/1764"}],"wp:attachment":[{"href":"https:\/\/agdlipiecki.pl\/uk\/wp-json\/wp\/v2\/media?parent=1265"}],"wp:term":[{"taxonomy":"product_brand","embeddable":true,"href":"https:\/\/agdlipiecki.pl\/uk\/wp-json\/wp\/v2\/product_brand?post=1265"},{"taxonomy":"product_cat","embeddable":true,"href":"https:\/\/agdlipiecki.pl\/uk\/wp-json\/wp\/v2\/product_cat?post=1265"},{"taxonomy":"product_tag","embeddable":true,"href":"https:\/\/agdlipiecki.pl\/uk\/wp-json\/wp\/v2\/product_tag?post=1265"}],"curies":[{"name":"wp","href":"https:\/\/api.w.org\/{rel}","templated":true}]}}