{"id":1261,"date":"2025-08-11T13:54:34","date_gmt":"2025-08-11T13:54:34","guid":{"rendered":"https:\/\/agdlipiecki.pl\/?post_type=product&#038;p=1261"},"modified":"2026-02-26T12:18:28","modified_gmt":"2026-02-26T12:18:28","slug":"chlebak-maly-plastikowy","status":"publish","type":"product","link":"https:\/\/agdlipiecki.pl\/uk\/ua-produkt\/chlebak-maly-plastikowy\/","title":{"rendered":"Chlebak ma\u0142y plastikowy"},"content":{"rendered":"<p><strong>Materia\u0142:<\/strong> Polistyren<br \/>\n<strong>Opakowanie:<\/strong> 6 szt.<br \/>\n<strong>Cena:\u00a0 <\/strong>Cena w sklepie dotyczy 1 szt. produktu<br \/>\n<strong>Wymiary:<\/strong> D\u0142ugo\u015b\u0107: 33 cm, Szeroko\u015b\u0107: 25 cm, Wysoko\u015b\u0107 17 cm<br \/>\n<strong>Masa:<\/strong> 0,760\u00a0 kg<br \/>\n<strong>Minimalna kwota zam\u00f3wienia w sklepie: <\/strong>50 z\u0142<\/p>\n<h2>Jakie zastosowanie ma ma\u0142y plastikowy chlebak?<\/h2>\n<p>Ma\u0142y plastikowy chlebak od AGD Lipiecki to praktyczne i estetyczne rozwi\u0105zanie, kt\u00f3re zapewnia wygodne przechowywanie pieczywa, chroni\u0105c je przed wysychaniem i zanieczyszczeniami. Wykonany z trwa\u0142ego i lekkiego plastiku, chlebak jest odporny na uszkodzenia i \u0142atwy do czyszczenia, co czyni go idealnym elementem wyposa\u017cenia ka\u017cdej kuchni.<\/p>\n<p>Dzi\u0119ki swoim kompaktowym wymiarom, chlebak doskonale sprawdzi si\u0119 w mniejszych kuchniach, zajmuj\u0105c niewiele miejsca na blacie. Jego szczelna konstrukcja pomaga utrzyma\u0107 \u015bwie\u017co\u015b\u0107 pieczywa na d\u0142u\u017cej, jednocze\u015bnie umo\u017cliwiaj\u0105c odpowiedni\u0105 cyrkulacj\u0119 powietrza, co zapobiega rozwojowi ple\u015bni.<\/p>\n<p>Chlebak wyposa\u017cony jest w wygodn\u0105 pokrywk\u0119, kt\u00f3ra umo\u017cliwia \u0142atwe otwieranie i zamykanie. G\u0142adka powierzchnia plastiku u\u0142atwia utrzymanie go w czysto\u015bci, a nowoczesny design sprawia, \u017ce jest nie tylko funkcjonalny, ale tak\u017ce estetyczny. Produkt dost\u0119pny w r\u00f3\u017cnych kolorach, co pozwala na dopasowanie go do stylu wn\u0119trza.<\/p>\n<p>Ma\u0142y plastikowy chlebak od AGD Lipiecki to praktyczne rozwi\u0105zanie, kt\u00f3re \u0142\u0105czy trwa\u0142o\u015b\u0107, estetyk\u0119 i funkcjonalno\u015b\u0107, zapewniaj\u0105c porz\u0105dek i wygod\u0119 w przechowywaniu pieczywa.<\/p>\n<p>AGD Lipiecki Warszawa.<\/p>\n","protected":false},"excerpt":{"rendered":"<p>Materia\u0142: Polistyren Opakowanie: 6 szt. Cena:\u00a0 Cena w sklepie dotyczy 1 szt. produktu Wymiary: D\u0142ugo\u015b\u0107: 33 cm, Szeroko\u015b\u0107: 25 cm, Wysoko\u015b\u0107 17 cm Masa: 0,760\u00a0 kg Minimalna kwota zam\u00f3wienia w sklepie: 50 z\u0142 Jakie zastosowanie ma ma\u0142y plastikowy chlebak? Ma\u0142y plastikowy chlebak od AGD Lipiecki to praktyczne i estetyczne rozwi\u0105zanie, kt\u00f3re zapewnia wygodne przechowywanie pieczywa, [&hellip;]<\/p>\n","protected":false},"featured_media":1576,"comment_status":"closed","ping_status":"closed","template":"","meta":{"_acf_changed":false,"_eb_attr":""},"product_brand":[],"product_cat":[108],"product_tag":[],"class_list":{"0":"post-1261","1":"product","2":"type-product","3":"status-publish","4":"has-post-thumbnail","6":"product_cat-kuchnia","8":"first","9":"instock","10":"taxable","11":"shipping-taxable","12":"purchasable","13":"product-type-variable","14":"has-default-attributes"},"acf":[],"mb":[],"mfb_rest_fields":["title"],"_links":{"self":[{"href":"https:\/\/agdlipiecki.pl\/uk\/wp-json\/wp\/v2\/product\/1261","targetHints":{"allow":["GET"]}}],"collection":[{"href":"https:\/\/agdlipiecki.pl\/uk\/wp-json\/wp\/v2\/product"}],"about":[{"href":"https:\/\/agdlipiecki.pl\/uk\/wp-json\/wp\/v2\/types\/product"}],"replies":[{"embeddable":true,"href":"https:\/\/agdlipiecki.pl\/uk\/wp-json\/wp\/v2\/comments?post=1261"}],"wp:featuredmedia":[{"embeddable":true,"href":"https:\/\/agdlipiecki.pl\/uk\/wp-json\/wp\/v2\/media\/1576"}],"wp:attachment":[{"href":"https:\/\/agdlipiecki.pl\/uk\/wp-json\/wp\/v2\/media?parent=1261"}],"wp:term":[{"taxonomy":"product_brand","embeddable":true,"href":"https:\/\/agdlipiecki.pl\/uk\/wp-json\/wp\/v2\/product_brand?post=1261"},{"taxonomy":"product_cat","embeddable":true,"href":"https:\/\/agdlipiecki.pl\/uk\/wp-json\/wp\/v2\/product_cat?post=1261"},{"taxonomy":"product_tag","embeddable":true,"href":"https:\/\/agdlipiecki.pl\/uk\/wp-json\/wp\/v2\/product_tag?post=1261"}],"curies":[{"name":"wp","href":"https:\/\/api.w.org\/{rel}","templated":true}]}}