{"id":1255,"date":"2025-08-11T13:54:34","date_gmt":"2025-08-11T13:54:34","guid":{"rendered":"https:\/\/agdlipiecki.pl\/?post_type=product&#038;p=1255"},"modified":"2026-04-29T09:11:21","modified_gmt":"2026-04-29T09:11:21","slug":"lyzka-do-potraw-plastikowa","status":"publish","type":"product","link":"https:\/\/agdlipiecki.pl\/uk\/ua-produkt\/lyzka-do-potraw-plastikowa\/","title":{"rendered":"\u0141y\u017cka do potraw plastikowa"},"content":{"rendered":"<p><strong>Materia\u0142:<\/strong> Polipropylen<br \/>\n<strong>Opakowanie:<\/strong> 100 szt.<br \/>\n<strong>Cena:\u00a0 <\/strong>Cena w sklepie dotyczy 1 szt. produktu<br \/>\n<strong>Wymiary:<\/strong> D\u0142ugo\u015b\u0107: 19 cm, Szeroko\u015b\u0107: 6,5 cm, Wysoko\u015b\u0107 :2,5 cm<br \/>\n<strong>Masa:<\/strong>\u00a0 0,027 kg<br \/>\n<strong>Minimalna kwota zam\u00f3wienia w sklepie: <\/strong>50 z\u0142<\/p>\n<h2>Jakie zastosowanie ma plastikowa \u0142y\u017cka do potraw?<\/h2>\n<p>Plastikowa \u0142y\u017cka do potraw od AGD Lipiecki to praktyczne i wygodne narz\u0119dzie, kt\u00f3re znajdzie zastosowanie w ka\u017cdej kuchni. Wykonana z wysokiej jako\u015bci plastiku, \u0142y\u017cka jest lekka, wytrzyma\u0142a i odporna na wysokie temperatury, co czyni j\u0105 idealnym akcesorium do serwowania gor\u0105cych i zimnych potraw. Ergonomiczny uchwyt zapewnia wygodny i pewny chwyt, co u\u0142atwia nak\u0142adanie ziemniak\u00f3w lub lod\u00f3w.<\/p>\n<p>\u0141y\u017cka jest \u0142atwa do czyszczenia, mo\u017cna j\u0105 my\u0107 r\u0119cznie lub w zmywarce, co zapewnia higien\u0119 i wygod\u0119 u\u017cytkowania. Dzi\u0119ki lekko\u015bci i trwa\u0142o\u015bci jest r\u00f3wnie\u017c praktyczna podczas piknik\u00f3w, imprez plenerowych czy wyjazd\u00f3w. Produkt dost\u0119pny w r\u00f3\u017cnych kolorach, co pozwala dopasowa\u0107 go do reszty kuchennych akcesori\u00f3w.Plastikowa \u0142y\u017cka do potraw od AGD Lipiecki to funkcjonalne i estetyczne narz\u0119dzie, kt\u00f3re u\u0142atwi serwowanie potraw w ka\u017cdej sytuacji.<\/p>\n<p>AGD Lipiecki Warszawa.<\/p>\n","protected":false},"excerpt":{"rendered":"<p>Materia\u0142: Polipropylen Opakowanie: 100 szt. Cena:\u00a0 Cena w sklepie dotyczy 1 szt. produktu Wymiary: D\u0142ugo\u015b\u0107: 19 cm, Szeroko\u015b\u0107: 6,5 cm, Wysoko\u015b\u0107 :2,5 cm Masa:\u00a0 0,027 kg Minimalna kwota zam\u00f3wienia w sklepie: 50 z\u0142 Jakie zastosowanie ma plastikowa \u0142y\u017cka do potraw? Plastikowa \u0142y\u017cka do potraw od AGD Lipiecki to praktyczne i wygodne narz\u0119dzie, kt\u00f3re znajdzie zastosowanie [&hellip;]<\/p>\n","protected":false},"featured_media":6329,"comment_status":"closed","ping_status":"closed","template":"","meta":{"_acf_changed":false,"_eb_attr":""},"product_brand":[],"product_cat":[107,108],"product_tag":[],"class_list":{"0":"post-1255","1":"product","2":"type-product","3":"status-publish","4":"has-post-thumbnail","6":"product_cat-dom","7":"product_cat-kuchnia","9":"first","10":"instock","11":"taxable","12":"shipping-taxable","13":"purchasable","14":"product-type-variable","15":"has-default-attributes"},"acf":[],"mb":[],"mfb_rest_fields":["title"],"_links":{"self":[{"href":"https:\/\/agdlipiecki.pl\/uk\/wp-json\/wp\/v2\/product\/1255","targetHints":{"allow":["GET"]}}],"collection":[{"href":"https:\/\/agdlipiecki.pl\/uk\/wp-json\/wp\/v2\/product"}],"about":[{"href":"https:\/\/agdlipiecki.pl\/uk\/wp-json\/wp\/v2\/types\/product"}],"replies":[{"embeddable":true,"href":"https:\/\/agdlipiecki.pl\/uk\/wp-json\/wp\/v2\/comments?post=1255"}],"wp:featuredmedia":[{"embeddable":true,"href":"https:\/\/agdlipiecki.pl\/uk\/wp-json\/wp\/v2\/media\/6329"}],"wp:attachment":[{"href":"https:\/\/agdlipiecki.pl\/uk\/wp-json\/wp\/v2\/media?parent=1255"}],"wp:term":[{"taxonomy":"product_brand","embeddable":true,"href":"https:\/\/agdlipiecki.pl\/uk\/wp-json\/wp\/v2\/product_brand?post=1255"},{"taxonomy":"product_cat","embeddable":true,"href":"https:\/\/agdlipiecki.pl\/uk\/wp-json\/wp\/v2\/product_cat?post=1255"},{"taxonomy":"product_tag","embeddable":true,"href":"https:\/\/agdlipiecki.pl\/uk\/wp-json\/wp\/v2\/product_tag?post=1255"}],"curies":[{"name":"wp","href":"https:\/\/api.w.org\/{rel}","templated":true}]}}