{"id":1248,"date":"2025-08-11T13:54:34","date_gmt":"2025-08-11T13:54:34","guid":{"rendered":"https:\/\/agdlipiecki.pl\/?post_type=product&#038;p=1248"},"modified":"2026-02-26T11:53:01","modified_gmt":"2026-02-26T11:53:01","slug":"durszlak-plastikowy-z-raczka","status":"publish","type":"product","link":"https:\/\/agdlipiecki.pl\/uk\/ua-produkt\/durszlak-plastikowy-z-raczka\/","title":{"rendered":"Durszlak plastikowy z r\u0105czk\u0105"},"content":{"rendered":"<p><strong>Materia\u0142:<\/strong> Polipropylen<br \/>\n<strong>Opakowanie:<\/strong> 30 szt.<br \/>\n<strong>Cena:\u00a0 <\/strong>Cena w sklepie dotyczy 1 szt. produktu<br \/>\n<strong>Wymiary:<\/strong> D\u0142ugo\u015b\u0107: 39,5 cm, Szeroko\u015b\u0107: 0 Wysoko\u015b\u0107: 23 cm<br \/>\n<strong>Masa:<\/strong>\u00a0 0,124 kg<br \/>\n<strong>Minimalna kwota zam\u00f3wienia w sklepie: <\/strong>50 z\u0142<\/p>\n<h2>Jakie zastosowanie ma plastikowy durszlak o \u015brednicy 30 cm?<\/h2>\n<p>Plastikowy durszlak o \u015brednicy 30 cm od AGD Lipiecki to praktyczne i wygodne narz\u0119dzie kuchenne, kt\u00f3re doskonale sprawdzi si\u0119 podczas odcedzania makaron\u00f3w, warzyw, owoc\u00f3w oraz innych produkt\u00f3w spo\u017cywczych. Wykonany z wysokiej jako\u015bci plastiku, jest lekki, trwa\u0142y i odporny na codzienne u\u017cytkowanie.<\/p>\n<p>Durszlak charakteryzuje si\u0119 szerok\u0105 \u015brednic\u0105, kt\u00f3ra umo\u017cliwia \u0142atwe odcedzanie wi\u0119kszych porcji jedzenia, co czyni go idealnym rozwi\u0105zaniem dla rodzin oraz podczas przygotowywania posi\u0142k\u00f3w na wi\u0119ksze okazje. Jego perforowana powierzchnia zapewnia szybkie i efektywne odprowadzanie wody, jednocze\u015bnie zatrzymuj\u0105c zawarto\u015b\u0107 w durszlaku. Ergonomiczne uchwyty po bokach u\u0142atwiaj\u0105 trzymanie durszlaka, nawet gdy jest wype\u0142niony gor\u0105cymi produktami, a jego stabilna podstawa zapobiega przewracaniu podczas u\u017cytkowania. Plastikowa konstrukcja jest \u0142atwa w czyszczeniu \u2013 mo\u017cna j\u0105 my\u0107 r\u0119cznie lub w zmywarce.<\/p>\n<p>Dost\u0119pny w r\u00f3\u017cnych kolorach, plastikowy durszlak 30 cm od AGD Lipiecki pasuje do ka\u017cdej kuchni, \u0142\u0105cz\u0105c funkcjonalno\u015b\u0107 z estetyk\u0105. Jest to niezast\u0105pione akcesorium, kt\u00f3re u\u0142atwia przygotowywanie codziennych posi\u0142k\u00f3w.<\/p>\n<p>AGD Lipiecki Warszawa.<\/p>\n","protected":false},"excerpt":{"rendered":"<p>Materia\u0142: Polipropylen Opakowanie: 30 szt. Cena:\u00a0 Cena w sklepie dotyczy 1 szt. produktu Wymiary: D\u0142ugo\u015b\u0107: 39,5 cm, Szeroko\u015b\u0107: 0 Wysoko\u015b\u0107: 23 cm Masa:\u00a0 0,124 kg Minimalna kwota zam\u00f3wienia w sklepie: 50 z\u0142 Jakie zastosowanie ma plastikowy durszlak o \u015brednicy 30 cm? Plastikowy durszlak o \u015brednicy 30 cm od AGD Lipiecki to praktyczne i wygodne narz\u0119dzie [&hellip;]<\/p>\n","protected":false},"featured_media":4613,"comment_status":"closed","ping_status":"closed","template":"","meta":{"_acf_changed":false,"_eb_attr":""},"product_brand":[],"product_cat":[107,108],"product_tag":[],"class_list":{"0":"post-1248","1":"product","2":"type-product","3":"status-publish","4":"has-post-thumbnail","6":"product_cat-dom","7":"product_cat-kuchnia","9":"first","10":"instock","11":"taxable","12":"shipping-taxable","13":"purchasable","14":"product-type-variable","15":"has-default-attributes"},"acf":[],"mb":[],"mfb_rest_fields":["title"],"_links":{"self":[{"href":"https:\/\/agdlipiecki.pl\/uk\/wp-json\/wp\/v2\/product\/1248","targetHints":{"allow":["GET"]}}],"collection":[{"href":"https:\/\/agdlipiecki.pl\/uk\/wp-json\/wp\/v2\/product"}],"about":[{"href":"https:\/\/agdlipiecki.pl\/uk\/wp-json\/wp\/v2\/types\/product"}],"replies":[{"embeddable":true,"href":"https:\/\/agdlipiecki.pl\/uk\/wp-json\/wp\/v2\/comments?post=1248"}],"wp:featuredmedia":[{"embeddable":true,"href":"https:\/\/agdlipiecki.pl\/uk\/wp-json\/wp\/v2\/media\/4613"}],"wp:attachment":[{"href":"https:\/\/agdlipiecki.pl\/uk\/wp-json\/wp\/v2\/media?parent=1248"}],"wp:term":[{"taxonomy":"product_brand","embeddable":true,"href":"https:\/\/agdlipiecki.pl\/uk\/wp-json\/wp\/v2\/product_brand?post=1248"},{"taxonomy":"product_cat","embeddable":true,"href":"https:\/\/agdlipiecki.pl\/uk\/wp-json\/wp\/v2\/product_cat?post=1248"},{"taxonomy":"product_tag","embeddable":true,"href":"https:\/\/agdlipiecki.pl\/uk\/wp-json\/wp\/v2\/product_tag?post=1248"}],"curies":[{"name":"wp","href":"https:\/\/api.w.org\/{rel}","templated":true}]}}