{"id":5573,"date":"2026-04-08T14:26:29","date_gmt":"2026-04-08T14:26:29","guid":{"rendered":"https:\/\/agdlipiecki.pl\/?post_type=product&#038;p=5573"},"modified":"2026-04-08T14:30:57","modified_gmt":"2026-04-08T14:30:57","slug":"pokrywka-plastikowa-test","status":"publish","type":"product","link":"https:\/\/agdlipiecki.pl\/en\/product\/pokrywka-plastikowa-test\/","title":{"rendered":"Pokrywka plastikowa test"},"content":{"rendered":"<p><strong>Materia\u0142:<\/strong> Polipropylen.<br \/>\n<strong>Opakowanie:\u00a0<\/strong> 200 szt. + 200 szt. pokrywek<br \/>\n<strong>Cena:\u00a0 <\/strong>Cena w sklepie dotyczy 1 szt. produktu<br \/>\n<strong>Wymiary:<\/strong> D\u0142ugo\u015b\u0107: 12,5 cm, Szeroko\u015b\u0107:12,5 cm, Wysoko\u015b\u0107 5 cm<br \/>\n<strong>Masa:<\/strong>\u00a0 0,010 kg<br \/>\n<strong>Minimalna kwota zam\u00f3wienia w sklepie: <\/strong>50 z\u0142<\/p>\n<h2 data-start=\"71\" data-end=\"136\">Jakie zastosowanie ma pokrywka do pojemnik\u00f3w gastronomicznych?<\/h2>\n<p data-start=\"138\" data-end=\"468\">Pokrywka do pojemnik\u00f3w gastronomicznych od AGD Lipiecki to praktyczny dodatek, kt\u00f3ry zapewnia szczelne i higieniczne zamkni\u0119cie przechowywanej \u017cywno\u015bci. Wykonana z wysokiej jako\u015bci plastiku, jest lekka, wytrzyma\u0142a i odporna na uszkodzenia, co sprawia, \u017ce idealnie sprawdza si\u0119 zar\u00f3wno w domu, jak i w profesjonalnej gastronomii. Dzi\u0119ki dobrze dopasowanemu kszta\u0142towi pokrywka skutecznie chroni zawarto\u015b\u0107 pojemnika przed wilgoci\u0105, wysychaniem oraz dost\u0119pem zanieczyszcze\u0144. U\u0142atwia transport jedzenia, zabezpieczaj\u0105c je przed przypadkowym wylaniem lub rozsypaniem. To szczeg\u00f3lnie wa\u017cne przy przechowywaniu sos\u00f3w, sa\u0142atek, zup czy drobnych przek\u0105sek. Pokrywka jest odporna na dzia\u0142anie niskich i wysokich temperatur, co pozwala na bezpieczne u\u017cywanie pojemnika z pokrywk\u0105 w lod\u00f3wce, zamra\u017carce czy w czasie podgrzewania (pokrywk\u0119 nale\u017cy zdj\u0105\u0107 przed u\u017cyciem w mikrofal\u00f3wce). G\u0142adka powierzchnia u\u0142atwia mycie, a mo\u017cliwo\u015b\u0107 czyszczenia w zmywarce gwarantuje wygod\u0119 i oszcz\u0119dno\u015b\u0107 czasu. Transparentny materia\u0142 sprawia, \u017ce zawarto\u015b\u0107 pojemnika jest widoczna bez konieczno\u015bci zdejmowania pokrywki, co dodatkowo wspiera wygod\u0119 u\u017cytkowania. Pokrywka do pojemnik\u00f3w gastronomicznych AGD Lipiecki to niezawodne i funkcjonalne rozwi\u0105zanie, kt\u00f3re zwi\u0119ksza komfort przechowywania oraz transportu \u017cywno\u015bci w ka\u017cdych warunkach.<\/p>\n<p data-start=\"1461\" data-end=\"1488\"><strong data-start=\"1461\" data-end=\"1486\">AGD Lipiecki Warszawa<\/strong><\/p>\n","protected":false},"excerpt":{"rendered":"<p>Materia\u0142: Polipropylen. Opakowanie:\u00a0 200 szt. + 200 szt. pokrywek Cena:\u00a0 Cena w sklepie dotyczy 1 szt. produktu Wymiary: D\u0142ugo\u015b\u0107: 12,5 cm, Szeroko\u015b\u0107:12,5 cm, Wysoko\u015b\u0107 5 cm Masa:\u00a0 0,010 kg Minimalna kwota zam\u00f3wienia w sklepie: 50 z\u0142 Jakie zastosowanie ma pokrywka do pojemnik\u00f3w gastronomicznych? Pokrywka do pojemnik\u00f3w gastronomicznych od AGD Lipiecki to praktyczny dodatek, kt\u00f3ry zapewnia [&hellip;]<\/p>\n","protected":false},"featured_media":1791,"comment_status":"closed","ping_status":"closed","template":"","meta":{"_acf_changed":false,"_eb_attr":""},"product_brand":[],"product_cat":[107,110,108],"product_tag":[],"class_list":{"0":"post-5573","1":"product","2":"type-product","3":"status-publish","4":"has-post-thumbnail","6":"product_cat-dom","7":"product_cat-jednorazowe","8":"product_cat-kuchnia","10":"first","11":"instock","12":"taxable","13":"shipping-taxable","14":"purchasable","15":"product-type-simple"},"acf":[],"mb":[],"mfb_rest_fields":["title"],"_links":{"self":[{"href":"https:\/\/agdlipiecki.pl\/en\/wp-json\/wp\/v2\/product\/5573","targetHints":{"allow":["GET"]}}],"collection":[{"href":"https:\/\/agdlipiecki.pl\/en\/wp-json\/wp\/v2\/product"}],"about":[{"href":"https:\/\/agdlipiecki.pl\/en\/wp-json\/wp\/v2\/types\/product"}],"replies":[{"embeddable":true,"href":"https:\/\/agdlipiecki.pl\/en\/wp-json\/wp\/v2\/comments?post=5573"}],"wp:featuredmedia":[{"embeddable":true,"href":"https:\/\/agdlipiecki.pl\/en\/wp-json\/wp\/v2\/media\/1791"}],"wp:attachment":[{"href":"https:\/\/agdlipiecki.pl\/en\/wp-json\/wp\/v2\/media?parent=5573"}],"wp:term":[{"taxonomy":"product_brand","embeddable":true,"href":"https:\/\/agdlipiecki.pl\/en\/wp-json\/wp\/v2\/product_brand?post=5573"},{"taxonomy":"product_cat","embeddable":true,"href":"https:\/\/agdlipiecki.pl\/en\/wp-json\/wp\/v2\/product_cat?post=5573"},{"taxonomy":"product_tag","embeddable":true,"href":"https:\/\/agdlipiecki.pl\/en\/wp-json\/wp\/v2\/product_tag?post=5573"}],"curies":[{"name":"wp","href":"https:\/\/api.w.org\/{rel}","templated":true}]}}