{"id":4095,"date":"2025-10-24T11:38:16","date_gmt":"2025-10-24T11:38:16","guid":{"rendered":"https:\/\/agdlipiecki.pl\/?post_type=product&#038;p=4095"},"modified":"2026-04-14T09:48:49","modified_gmt":"2026-04-14T09:48:49","slug":"salaterka-plastikowa-fala-solo-mini","status":"publish","type":"product","link":"https:\/\/agdlipiecki.pl\/en\/product\/salaterka-plastikowa-fala-solo-mini\/","title":{"rendered":"Salaterka plastikowa fala solo mini"},"content":{"rendered":"<p><strong>Materia\u0142:<\/strong> Polistyren<br \/>\n<strong>Opakowanie:<\/strong> 30 szt.<br \/>\n<strong>Cena:\u00a0 <\/strong>Cena w sklepie dotyczy 1 szt. produktu<br \/>\n<strong>Wymiary:<\/strong> D\u0142ugo\u015b\u0107:\u00a0 cm, Szeroko\u015b\u0107:\u00a0 cm, Wysoko\u015b\u0107:\u00a0 cm<br \/>\n<strong>Masa:<\/strong>\u00a0 0,05 kg<br \/>\n<strong>Kod Produktu:<\/strong> Salaterka solo (M018)<\/p>\n<h2>Jakie zastosowanie ma plastikowa salaterka fala solo?<\/h2>\n<p>Salaterka Fala\u202fSolo\u202fmini od firmy\u202fAGD Lipiecki to niewielka, a niezwykle funkcjonalna miseczka, kt\u00f3ra z \u0142atwo\u015bci\u0105 znajdzie miejsce w Twojej kuchni lub jadalni. Wykonana z wysokiej jako\u015bci plastiku, \u0142\u0105czy lekko\u015b\u0107 z trwa\u0142o\u015bci\u0105 \u2013 co czyni j\u0105 \u015bwietnym wyborem zar\u00f3wno na co dzie\u0144, jak i na specjalne okazje. Dzi\u0119ki kompaktowej \u015brednicy (oko\u0142o 13\u202fcm) sprawdzi si\u0119 idealnie do serwowania sa\u0142atek, dip\u00f3w, przek\u0105sek lub deser\u00f3w.<\/p>\n<p data-start=\"665\" data-end=\"1004\">Falisty, dekoracyjny kszta\u0142t nadaje salaterce lekko\u015bci i stylu, co sprawia, \u017ce doskonale komponuje si\u0119 z nowoczesnymi oraz klasycznymi wn\u0119trzami kuchennymi. Materia\u0142, z kt\u00f3rego zosta\u0142y wykonane, polepszono pod k\u0105tem \u0142atwo\u015bci utrzymania czysto\u015bci \u2013 g\u0142adka powierzchnia pozwala na szybkie mycie r\u0119czne, a ca\u0142o\u015b\u0107 jest r\u00f3wnie\u017c zmywarkoodporna.<\/p>\n<p data-start=\"1006\" data-end=\"1289\">Salaterka Fala\u202fSolo\u202fmini jest dost\u0119pna w kilku kolorach, co pozwala dopasowa\u0107 j\u0105 do wystroju sto\u0142u lub Twojej personalnej stylizacji wn\u0119trza. Niewielkie wymiary sprawiaj\u0105, \u017ce zajmuje ma\u0142o miejsca, co czyni j\u0105 idealnym wyborem w mniejszych kuchniach lub przy ograniczonej przestrzeni.<\/p>\n<p data-start=\"1291\" data-end=\"1474\">Podsumowuj\u0105c \u2013 wybieraj\u0105c Salaterk\u0119\u202fFala\u202fSolo\u202fmini z AGD\u202fLipiecki otrzymujesz estetyczne, praktyczne oraz trwa\u0142e akcesorium sto\u0142owe, kt\u00f3re doda elegancji i wygody ka\u017cdemu zestawieniu.<\/p>\n<p>&nbsp;<\/p>\n<p>AGD Lipiecki Warszawa.<\/p>\n","protected":false},"excerpt":{"rendered":"<p>Materia\u0142: Polistyren Opakowanie: 30 szt. Cena:\u00a0 Cena w sklepie dotyczy 1 szt. produktu Wymiary: D\u0142ugo\u015b\u0107:\u00a0 cm, Szeroko\u015b\u0107:\u00a0 cm, Wysoko\u015b\u0107:\u00a0 cm Masa:\u00a0 0,05 kg Kod Produktu: Salaterka solo (M018) Jakie zastosowanie ma plastikowa salaterka fala solo? Salaterka Fala\u202fSolo\u202fmini od firmy\u202fAGD Lipiecki to niewielka, a niezwykle funkcjonalna miseczka, kt\u00f3ra z \u0142atwo\u015bci\u0105 znajdzie miejsce w Twojej kuchni lub [&hellip;]<\/p>\n","protected":false},"featured_media":2683,"comment_status":"closed","ping_status":"closed","template":"","meta":{"_acf_changed":false,"_eb_attr":""},"product_brand":[],"product_cat":[107,108],"product_tag":[],"class_list":{"0":"post-4095","1":"product","2":"type-product","3":"status-publish","4":"has-post-thumbnail","6":"product_cat-dom","7":"product_cat-kuchnia","9":"first","10":"instock","11":"taxable","12":"shipping-taxable","13":"purchasable","14":"product-type-variable","15":"has-default-attributes"},"acf":[],"mb":[],"mfb_rest_fields":["title"],"_links":{"self":[{"href":"https:\/\/agdlipiecki.pl\/en\/wp-json\/wp\/v2\/product\/4095","targetHints":{"allow":["GET"]}}],"collection":[{"href":"https:\/\/agdlipiecki.pl\/en\/wp-json\/wp\/v2\/product"}],"about":[{"href":"https:\/\/agdlipiecki.pl\/en\/wp-json\/wp\/v2\/types\/product"}],"replies":[{"embeddable":true,"href":"https:\/\/agdlipiecki.pl\/en\/wp-json\/wp\/v2\/comments?post=4095"}],"wp:featuredmedia":[{"embeddable":true,"href":"https:\/\/agdlipiecki.pl\/en\/wp-json\/wp\/v2\/media\/2683"}],"wp:attachment":[{"href":"https:\/\/agdlipiecki.pl\/en\/wp-json\/wp\/v2\/media?parent=4095"}],"wp:term":[{"taxonomy":"product_brand","embeddable":true,"href":"https:\/\/agdlipiecki.pl\/en\/wp-json\/wp\/v2\/product_brand?post=4095"},{"taxonomy":"product_cat","embeddable":true,"href":"https:\/\/agdlipiecki.pl\/en\/wp-json\/wp\/v2\/product_cat?post=4095"},{"taxonomy":"product_tag","embeddable":true,"href":"https:\/\/agdlipiecki.pl\/en\/wp-json\/wp\/v2\/product_tag?post=4095"}],"curies":[{"name":"wp","href":"https:\/\/api.w.org\/{rel}","templated":true}]}}