{"id":1973,"date":"2025-08-11T13:55:42","date_gmt":"2025-08-11T13:55:42","guid":{"rendered":"https:\/\/agdlipiecki.pl\/?post_type=product&#038;p=1973"},"modified":"2026-04-28T21:10:16","modified_gmt":"2026-04-28T21:10:16","slug":"maselnica-owalna-plastikowa","status":"publish","type":"product","link":"https:\/\/agdlipiecki.pl\/en\/product\/maselnica-owalna-plastikowa\/","title":{"rendered":"Maselnica owalna plastikowa"},"content":{"rendered":"<p><strong>Materia\u0142:<\/strong> Polistyren<br \/>\n<strong>Opakowanie: <\/strong>80 szt.<br \/>\n<strong>Cena:\u00a0 <\/strong>Cena w sklepie dotyczy 1 szt. produktu<br \/>\n<strong>Wymiary:<\/strong> D\u0142ugo\u015b\u0107: 18,5 cm, Szeroko\u015b\u0107: 12,5 cm, Wysoko\u015b\u0107 7 cm wew. D\u0142ugo\u015b\u0107: 14 cm, Szeroko\u015b\u0107: 10 cm, Wysoko\u015b\u0107 0 cm<br \/>\n<strong>Masa:<\/strong> 0,113 kg<br \/>\n<strong>Minimalna kwota zam\u00f3wienia w sklepie: <\/strong>50 z\u0142<br \/>\n<strong>Kod produktu:<\/strong> Maselnica owalna (M102)<\/p>\n<h2>3 zalety plastikowej maselnicy owalnej<\/h2>\n<p>Maselnica owalna plastikowa od AGD Lipiecki to elegancki i funkcjonalny dodatek do ka\u017cdej kuchni, kt\u00f3ry pozwala na wygodne przechowywanie mas\u0142a. Wykonana z trwa\u0142ego plastiku, gwarantuje d\u0142ugotrwa\u0142e u\u017cytkowanie i jest odporna na zarysowania oraz uszkodzenia mechaniczne. Dzi\u0119ki swojemu nowoczesnemu, owalnemu kszta\u0142towi, maselnica idealnie komponuje si\u0119 z ka\u017cdym sto\u0142em i kuchennym blatem.<\/p>\n<p>Pierwsz\u0105 zalet\u0105 tej maselnicy jest jej szczelne zamkni\u0119cie, kt\u00f3re chroni mas\u0142o przed wysychaniem oraz poch\u0142anianiem zapach\u00f3w z lod\u00f3wki, zapewniaj\u0105c jego \u015bwie\u017co\u015b\u0107 na d\u0142u\u017cej. Drug\u0105 zalet\u0105 jest lekko\u015b\u0107 i wytrzyma\u0142o\u015b\u0107 \u2013 plastikowa konstrukcja sprawia, \u017ce maselnica jest lekka, a jednocze\u015bnie odporna na uderzenia, co czyni j\u0105 idealnym rozwi\u0105zaniem zar\u00f3wno do domu, jak i na pikniki czy wyjazdy. Trzeci\u0105 zalet\u0105 jest \u0142atwo\u015b\u0107 czyszczenia \u2013 maselnic\u0119 mo\u017cna my\u0107 zar\u00f3wno r\u0119cznie, jak i w zmywarce, co zapewnia wygod\u0119 i higien\u0119.<\/p>\n<p>Maselnica dost\u0119pna jest w r\u00f3\u017cnych kolorach, dzi\u0119ki czemu mo\u017cesz dobra\u0107 j\u0105 do stylu swojej kuchni. Jest to produkt, kt\u00f3ry \u0142\u0105czy w sobie funkcjonalno\u015b\u0107 z estetyk\u0105, sprawiaj\u0105c, \u017ce codzienne korzystanie z mas\u0142a staje si\u0119 jeszcze przyjemniejsze.<\/p>\n<p>AGD Lipiecki Warszawa.<\/p>\n","protected":false},"excerpt":{"rendered":"<p>Materia\u0142: Polistyren Opakowanie: 80 szt. Cena:\u00a0 Cena w sklepie dotyczy 1 szt. produktu Wymiary: D\u0142ugo\u015b\u0107: 18,5 cm, Szeroko\u015b\u0107: 12,5 cm, Wysoko\u015b\u0107 7 cm wew. D\u0142ugo\u015b\u0107: 14 cm, Szeroko\u015b\u0107: 10 cm, Wysoko\u015b\u0107 0 cm Masa: 0,113 kg Minimalna kwota zam\u00f3wienia w sklepie: 50 z\u0142 Kod produktu: Maselnica owalna (M102) 3 zalety plastikowej maselnicy owalnej Maselnica owalna [&hellip;]<\/p>\n","protected":false},"featured_media":6194,"comment_status":"closed","ping_status":"closed","template":"","meta":{"_acf_changed":false,"_eb_attr":""},"product_brand":[],"product_cat":[107,108],"product_tag":[],"class_list":{"0":"post-1973","1":"product","2":"type-product","3":"status-publish","4":"has-post-thumbnail","6":"product_cat-dom","7":"product_cat-kuchnia","9":"first","10":"instock","11":"taxable","12":"shipping-taxable","13":"purchasable","14":"product-type-variable","15":"has-default-attributes"},"acf":[],"mb":[],"mfb_rest_fields":["title"],"_links":{"self":[{"href":"https:\/\/agdlipiecki.pl\/en\/wp-json\/wp\/v2\/product\/1973","targetHints":{"allow":["GET"]}}],"collection":[{"href":"https:\/\/agdlipiecki.pl\/en\/wp-json\/wp\/v2\/product"}],"about":[{"href":"https:\/\/agdlipiecki.pl\/en\/wp-json\/wp\/v2\/types\/product"}],"replies":[{"embeddable":true,"href":"https:\/\/agdlipiecki.pl\/en\/wp-json\/wp\/v2\/comments?post=1973"}],"wp:featuredmedia":[{"embeddable":true,"href":"https:\/\/agdlipiecki.pl\/en\/wp-json\/wp\/v2\/media\/6194"}],"wp:attachment":[{"href":"https:\/\/agdlipiecki.pl\/en\/wp-json\/wp\/v2\/media?parent=1973"}],"wp:term":[{"taxonomy":"product_brand","embeddable":true,"href":"https:\/\/agdlipiecki.pl\/en\/wp-json\/wp\/v2\/product_brand?post=1973"},{"taxonomy":"product_cat","embeddable":true,"href":"https:\/\/agdlipiecki.pl\/en\/wp-json\/wp\/v2\/product_cat?post=1973"},{"taxonomy":"product_tag","embeddable":true,"href":"https:\/\/agdlipiecki.pl\/en\/wp-json\/wp\/v2\/product_tag?post=1973"}],"curies":[{"name":"wp","href":"https:\/\/api.w.org\/{rel}","templated":true}]}}