{"id":1966,"date":"2025-08-11T13:55:42","date_gmt":"2025-08-11T13:55:42","guid":{"rendered":"https:\/\/agdlipiecki.pl\/?post_type=product&#038;p=1966"},"modified":"2026-04-28T21:24:10","modified_gmt":"2026-04-28T21:24:10","slug":"lyzka-do-butow-plastikowa-19-cm","status":"publish","type":"product","link":"https:\/\/agdlipiecki.pl\/en\/product\/lyzka-do-butow-plastikowa-19-cm\/","title":{"rendered":"\u0141y\u017cka do but\u00f3w plastikowa 19 cm"},"content":{"rendered":"<p><strong>Materia\u0142:<\/strong> Polipropylen<br \/>\n<strong>Opakowanie: <\/strong>20 szt.<br \/>\n<strong>Cena:\u00a0 <\/strong>Cena w sklepie dotyczy 1 szt. produktu<br \/>\n<strong>Wymiary:<\/strong> D\u0142ugo\u015b\u0107: 19 cm, Szeroko\u015b\u0107: 0 cm, Wysoko\u015b\u0107: 0 cm<br \/>\n<strong>Masa:<\/strong>\u00a0 0,012 kg<br \/>\n<strong>Minimalna kwota zam\u00f3wienia w sklepie: <\/strong>50 z\u0142<br \/>\n<strong>Kod produktu:<\/strong> \u0141y\u017cka do but\u00f3w \u015brednia (B003)<\/p>\n<h2>Jakie zastosowanie ma \u0142y\u017cka do but\u00f3w plastikowa 19 cm?<\/h2>\n<p>\u0141y\u017cka do but\u00f3w plastikowa 19 cm od AGD Lipiecki to praktyczne i kompaktowe narz\u0119dzie, kt\u00f3re u\u0142atwi codzienne zak\u0142adanie obuwia. Wykonana z trwa\u0142ego plastiku, jest lekka i odporna na zniszczenia, co zapewnia d\u0142ugotrwa\u0142e u\u017cytkowanie. Dzi\u0119ki niewielkim rozmiarom, \u0142y\u017cka doskonale sprawdzi si\u0119 w domu, a tak\u017ce w podr\u00f3\u017cy \u2013 mo\u017cna j\u0105 \u0142atwo schowa\u0107 do torebki czy plecaka.<\/p>\n<p>Jej ergonomiczny kszta\u0142t zapewnia wygodny uchwyt, co umo\u017cliwia szybkie i bezproblemowe zak\u0142adanie but\u00f3w bez konieczno\u015bci nadmiernego schylania si\u0119. G\u0142adka powierzchnia \u0142y\u017cki chroni wn\u0119trze buta przed zarysowaniami, a jednocze\u015bnie jest przyjazna dla sk\u00f3ry. Dzi\u0119ki d\u0142ugo\u015bci 19 cm, \u0142y\u017cka jest idealna do codziennego u\u017cytkowania, szczeg\u00f3lnie w sytuacjach, gdzie potrzebna jest por\u0119czno\u015b\u0107 i mobilno\u015b\u0107.<\/p>\n<p>Plastikowa konstrukcja \u0142y\u017cki do but\u00f3w czyni j\u0105 \u0142atw\u0105 w czyszczeniu oraz odporn\u0105 na wilgo\u0107. Produkt dost\u0119pny jest w r\u00f3\u017cnych kolorach, co pozwala dopasowa\u0107 go do swoich preferencji. \u0141y\u017cka do but\u00f3w AGD Lipiecki to niezast\u0105pione akcesorium, kt\u00f3re \u0142\u0105czy w sobie funkcjonalno\u015b\u0107 i wygod\u0119 w u\u017cytkowaniu.<\/p>\n<p>AGD Lipiecki Warszawa.<\/p>\n","protected":false},"excerpt":{"rendered":"<p>Materia\u0142: Polipropylen Opakowanie: 20 szt. Cena:\u00a0 Cena w sklepie dotyczy 1 szt. produktu Wymiary: D\u0142ugo\u015b\u0107: 19 cm, Szeroko\u015b\u0107: 0 cm, Wysoko\u015b\u0107: 0 cm Masa:\u00a0 0,012 kg Minimalna kwota zam\u00f3wienia w sklepie: 50 z\u0142 Kod produktu: \u0141y\u017cka do but\u00f3w \u015brednia (B003) Jakie zastosowanie ma \u0142y\u017cka do but\u00f3w plastikowa 19 cm? \u0141y\u017cka do but\u00f3w plastikowa 19 cm [&hellip;]<\/p>\n","protected":false},"featured_media":6200,"comment_status":"closed","ping_status":"closed","template":"","meta":{"_acf_changed":false,"_eb_attr":""},"product_brand":[],"product_cat":[107],"product_tag":[],"class_list":{"0":"post-1966","1":"product","2":"type-product","3":"status-publish","4":"has-post-thumbnail","6":"product_cat-dom","8":"first","9":"instock","10":"taxable","11":"shipping-taxable","12":"purchasable","13":"product-type-variable","14":"has-default-attributes"},"acf":[],"mb":[],"mfb_rest_fields":["title"],"_links":{"self":[{"href":"https:\/\/agdlipiecki.pl\/en\/wp-json\/wp\/v2\/product\/1966","targetHints":{"allow":["GET"]}}],"collection":[{"href":"https:\/\/agdlipiecki.pl\/en\/wp-json\/wp\/v2\/product"}],"about":[{"href":"https:\/\/agdlipiecki.pl\/en\/wp-json\/wp\/v2\/types\/product"}],"replies":[{"embeddable":true,"href":"https:\/\/agdlipiecki.pl\/en\/wp-json\/wp\/v2\/comments?post=1966"}],"wp:featuredmedia":[{"embeddable":true,"href":"https:\/\/agdlipiecki.pl\/en\/wp-json\/wp\/v2\/media\/6200"}],"wp:attachment":[{"href":"https:\/\/agdlipiecki.pl\/en\/wp-json\/wp\/v2\/media?parent=1966"}],"wp:term":[{"taxonomy":"product_brand","embeddable":true,"href":"https:\/\/agdlipiecki.pl\/en\/wp-json\/wp\/v2\/product_brand?post=1966"},{"taxonomy":"product_cat","embeddable":true,"href":"https:\/\/agdlipiecki.pl\/en\/wp-json\/wp\/v2\/product_cat?post=1966"},{"taxonomy":"product_tag","embeddable":true,"href":"https:\/\/agdlipiecki.pl\/en\/wp-json\/wp\/v2\/product_tag?post=1966"}],"curies":[{"name":"wp","href":"https:\/\/api.w.org\/{rel}","templated":true}]}}