{"id":1963,"date":"2025-08-11T13:55:42","date_gmt":"2025-08-11T13:55:42","guid":{"rendered":"https:\/\/agdlipiecki.pl\/?post_type=product&#038;p=1963"},"modified":"2026-04-29T09:12:07","modified_gmt":"2026-04-29T09:12:07","slug":"pojemnik-plastikowy-na-papier-toaletowy","status":"publish","type":"product","link":"https:\/\/agdlipiecki.pl\/en\/product\/pojemnik-plastikowy-na-papier-toaletowy\/","title":{"rendered":"Pojemnik plastikowy na papier toaletowy"},"content":{"rendered":"<p><strong>Materia\u0142:<\/strong> Polipropylen<br \/>\n<strong>Opakowanie: <\/strong>24 szt.<br \/>\n<strong>Cena:\u00a0 <\/strong>Cena w sklepie dotyczy 1 szt. produktu<br \/>\n<strong>Wymiary:<\/strong> D\u0142ugo\u015b\u0107: 12 cm, Szeroko\u015b\u0107: 13 cm, Wysoko\u015b\u0107 13,5 cm<br \/>\n<strong>Masa:<\/strong>\u00a0 0,101 kg<br \/>\n<strong>Minimalna kwota zam\u00f3wienia w sklepie: <\/strong>50 z\u0142<\/p>\n<h2>3 zalety plastikowego pojemnika na papier toaletowy<\/h2>\n<p>Plastikowy pojemnik na papier toaletowy od AGD Lipiecki to praktyczne i higieniczne rozwi\u0105zanie, kt\u00f3re pozwala na wygodne przechowywanie i estetyczn\u0105 organizacj\u0119 papieru toaletowego w \u0142azience. Wykonany z trwa\u0142ego plastiku, pojemnik charakteryzuje si\u0119 wytrzyma\u0142o\u015bci\u0105 i odporno\u015bci\u0105 na wilgo\u0107, co sprawia, \u017ce jest idealny do wilgotnych warunk\u00f3w panuj\u0105cych w \u0142azience.<\/p>\n<p>Pierwsz\u0105 zalet\u0105 pojemnika jest jego zamykana konstrukcja, kt\u00f3ra chroni papier toaletowy przed wilgoci\u0105 i zanieczyszczeniami, zapewniaj\u0105c higieniczne przechowywanie. Drug\u0105 zalet\u0105 jest jego prostota monta\u017cu \u2013 pojemnik mo\u017cna \u0142atwo zamocowa\u0107 na \u015bcianie, co oszcz\u0119dza miejsce i umo\u017cliwia szybki dost\u0119p do papieru. Trzeci\u0105 zalet\u0105 jest elegancki design, kt\u00f3ry dzi\u0119ki r\u00f3\u017cnym dost\u0119pnym kolorom mo\u017cna dopasowa\u0107 do wystroju \u0142azienki, tworz\u0105c sp\u00f3jny i estetyczny wygl\u0105d.<\/p>\n<p>Dzi\u0119ki swojej solidnej konstrukcji oraz funkcjonalno\u015bci, plastikowy pojemnik na papier toaletowy AGD Lipiecki to produkt, kt\u00f3ry zapewnia wygod\u0119 i porz\u0105dek w ka\u017cdej \u0142azience, jednocze\u015bnie dbaj\u0105c o estetyk\u0119 i higien\u0119.<\/p>\n<p>AGD Lipiecki Warszawa.<\/p>\n","protected":false},"excerpt":{"rendered":"<p>Materia\u0142: Polipropylen Opakowanie: 24 szt. Cena:\u00a0 Cena w sklepie dotyczy 1 szt. produktu Wymiary: D\u0142ugo\u015b\u0107: 12 cm, Szeroko\u015b\u0107: 13 cm, Wysoko\u015b\u0107 13,5 cm Masa:\u00a0 0,101 kg Minimalna kwota zam\u00f3wienia w sklepie: 50 z\u0142 3 zalety plastikowego pojemnika na papier toaletowy Plastikowy pojemnik na papier toaletowy od AGD Lipiecki to praktyczne i higieniczne rozwi\u0105zanie, kt\u00f3re pozwala [&hellip;]<\/p>\n","protected":false},"featured_media":6332,"comment_status":"closed","ping_status":"closed","template":"","meta":{"_acf_changed":false,"_eb_attr":""},"product_brand":[],"product_cat":[107,109],"product_tag":[],"class_list":{"0":"post-1963","1":"product","2":"type-product","3":"status-publish","4":"has-post-thumbnail","6":"product_cat-dom","7":"product_cat-lazienka","9":"first","10":"instock","11":"taxable","12":"shipping-taxable","13":"purchasable","14":"product-type-variable","15":"has-default-attributes"},"acf":[],"mb":[],"mfb_rest_fields":["title"],"_links":{"self":[{"href":"https:\/\/agdlipiecki.pl\/en\/wp-json\/wp\/v2\/product\/1963","targetHints":{"allow":["GET"]}}],"collection":[{"href":"https:\/\/agdlipiecki.pl\/en\/wp-json\/wp\/v2\/product"}],"about":[{"href":"https:\/\/agdlipiecki.pl\/en\/wp-json\/wp\/v2\/types\/product"}],"replies":[{"embeddable":true,"href":"https:\/\/agdlipiecki.pl\/en\/wp-json\/wp\/v2\/comments?post=1963"}],"wp:featuredmedia":[{"embeddable":true,"href":"https:\/\/agdlipiecki.pl\/en\/wp-json\/wp\/v2\/media\/6332"}],"wp:attachment":[{"href":"https:\/\/agdlipiecki.pl\/en\/wp-json\/wp\/v2\/media?parent=1963"}],"wp:term":[{"taxonomy":"product_brand","embeddable":true,"href":"https:\/\/agdlipiecki.pl\/en\/wp-json\/wp\/v2\/product_brand?post=1963"},{"taxonomy":"product_cat","embeddable":true,"href":"https:\/\/agdlipiecki.pl\/en\/wp-json\/wp\/v2\/product_cat?post=1963"},{"taxonomy":"product_tag","embeddable":true,"href":"https:\/\/agdlipiecki.pl\/en\/wp-json\/wp\/v2\/product_tag?post=1963"}],"curies":[{"name":"wp","href":"https:\/\/api.w.org\/{rel}","templated":true}]}}