{"id":1751,"date":"2025-08-11T13:55:20","date_gmt":"2025-08-11T13:55:20","guid":{"rendered":"https:\/\/agdlipiecki.pl\/?post_type=product&#038;p=1751"},"modified":"2026-04-16T20:15:28","modified_gmt":"2026-04-16T20:15:28","slug":"miska-kwadratowa-plastikowa-12l","status":"publish","type":"product","link":"https:\/\/agdlipiecki.pl\/en\/product\/miska-kwadratowa-plastikowa-12l\/","title":{"rendered":"Miska kwadratowa plastikowa 12l"},"content":{"rendered":"<p><strong>Materia\u0142:<\/strong> Polipropylen.<br \/>\n<strong>Opakowanie:\u00a0<\/strong> 10 szt.<br \/>\n<strong>Cena:\u00a0 <\/strong>Cena w sklepie dotyczy 1 szt. produktu<br \/>\n<strong>Wymiary:<\/strong> Wysoko\u015b\u0107: 14cm, Szeroko\u015b\u0107: 35cm<br \/>\n<strong>Masa:<\/strong>\u00a0 0,322 kg<br \/>\n<strong>Minimalna kwota zam\u00f3wienia w sklepie: <\/strong>50 z\u0142<\/p>\n<h2>3 zalety kwadratowej plastikowej miski o pojemno\u015bci 12L<\/h2>\n<p>Kwadratowa miska plastikowa o pojemno\u015bci 12L od AGD Lipiecki to funkcjonalne i praktyczne akcesorium, kt\u00f3re \u015bwietnie sprawdzi si\u0119 zar\u00f3wno w kuchni, jak i podczas prac domowych czy ogrodowych. Wykonana z trwa\u0142ego plastiku, jest odporna na uszkodzenia, a jej nowoczesny kwadratowy kszta\u0142t dodaje estetyki i umo\u017cliwia efektywne wykorzystanie przestrzeni.<\/p>\n<p>Pierwsz\u0105 zalet\u0105 tej miski jest jej pojemno\u015b\u0107 \u2013 12 litr\u00f3w to idealne rozwi\u0105zanie do mieszania du\u017cych ilo\u015bci sk\u0142adnik\u00f3w, przechowywania lub mycia owoc\u00f3w i warzyw. Drug\u0105 zalet\u0105 jest ergonomiczny kszta\u0142t \u2013 kwadratowe \u015bcianki u\u0142atwiaj\u0105 przechowywanie miski w szafkach lub na p\u00f3\u0142kach, a szeroka podstawa zapewnia stabilno\u015b\u0107. Trzeci\u0105 zalet\u0105 jest \u0142atwo\u015b\u0107 czyszczenia \u2013 g\u0142adka powierzchnia plastiku sprawia, \u017ce miska jest szybka do umycia r\u0119cznie lub w zmywarce.<\/p>\n<p>Dzi\u0119ki solidnej konstrukcji, miska kwadratowa jest wielofunkcyjna \u2013 sprawdzi si\u0119 w kuchni, ale tak\u017ce podczas porz\u0105dk\u00f3w czy przechowywania r\u00f3\u017cnych przedmiot\u00f3w. Dost\u0119pna w r\u00f3\u017cnych kolorach, pasuje do ka\u017cdego stylu wn\u0119trza, \u0142\u0105cz\u0105c estetyk\u0119 z praktyczno\u015bci\u0105.<\/p>\n<p>AGD Lipiecki Warszawa.<\/p>\n","protected":false},"excerpt":{"rendered":"<p>Materia\u0142: Polipropylen. Opakowanie:\u00a0 10 szt. Cena:\u00a0 Cena w sklepie dotyczy 1 szt. produktu Wymiary: Wysoko\u015b\u0107: 14cm, Szeroko\u015b\u0107: 35cm Masa:\u00a0 0,322 kg Minimalna kwota zam\u00f3wienia w sklepie: 50 z\u0142 3 zalety kwadratowej plastikowej miski o pojemno\u015bci 12L Kwadratowa miska plastikowa o pojemno\u015bci 12L od AGD Lipiecki to funkcjonalne i praktyczne akcesorium, kt\u00f3re \u015bwietnie sprawdzi si\u0119 zar\u00f3wno [&hellip;]<\/p>\n","protected":false},"featured_media":5752,"comment_status":"closed","ping_status":"closed","template":"","meta":{"_acf_changed":false,"_eb_attr":""},"product_brand":[],"product_cat":[107,108,109,112],"product_tag":[],"class_list":{"0":"post-1751","1":"product","2":"type-product","3":"status-publish","4":"has-post-thumbnail","6":"product_cat-dom","7":"product_cat-kuchnia","8":"product_cat-lazienka","9":"product_cat-miski-plastikowe","11":"first","12":"instock","13":"taxable","14":"shipping-taxable","15":"purchasable","16":"product-type-variable","17":"has-default-attributes"},"acf":[],"mb":[],"mfb_rest_fields":["title"],"_links":{"self":[{"href":"https:\/\/agdlipiecki.pl\/en\/wp-json\/wp\/v2\/product\/1751","targetHints":{"allow":["GET"]}}],"collection":[{"href":"https:\/\/agdlipiecki.pl\/en\/wp-json\/wp\/v2\/product"}],"about":[{"href":"https:\/\/agdlipiecki.pl\/en\/wp-json\/wp\/v2\/types\/product"}],"replies":[{"embeddable":true,"href":"https:\/\/agdlipiecki.pl\/en\/wp-json\/wp\/v2\/comments?post=1751"}],"wp:featuredmedia":[{"embeddable":true,"href":"https:\/\/agdlipiecki.pl\/en\/wp-json\/wp\/v2\/media\/5752"}],"wp:attachment":[{"href":"https:\/\/agdlipiecki.pl\/en\/wp-json\/wp\/v2\/media?parent=1751"}],"wp:term":[{"taxonomy":"product_brand","embeddable":true,"href":"https:\/\/agdlipiecki.pl\/en\/wp-json\/wp\/v2\/product_brand?post=1751"},{"taxonomy":"product_cat","embeddable":true,"href":"https:\/\/agdlipiecki.pl\/en\/wp-json\/wp\/v2\/product_cat?post=1751"},{"taxonomy":"product_tag","embeddable":true,"href":"https:\/\/agdlipiecki.pl\/en\/wp-json\/wp\/v2\/product_tag?post=1751"}],"curies":[{"name":"wp","href":"https:\/\/api.w.org\/{rel}","templated":true}]}}