{"id":1518,"date":"2025-08-11T13:54:57","date_gmt":"2025-08-11T13:54:57","guid":{"rendered":"https:\/\/agdlipiecki.pl\/?post_type=product&#038;p=1518"},"modified":"2026-04-16T20:30:28","modified_gmt":"2026-04-16T20:30:28","slug":"miska-plastikowa-z-uchwytem-36-l","status":"publish","type":"product","link":"https:\/\/agdlipiecki.pl\/en\/product\/miska-plastikowa-z-uchwytem-36-l\/","title":{"rendered":"Miska plastikowa z uchwytem 36 L"},"content":{"rendered":"<p><strong>Materia\u0142:<\/strong> Polipropylen.<br \/>\n<strong>Opakowanie:\u00a0<\/strong> 10 szt.<br \/>\n<strong>Cena:\u00a0 <\/strong>Cena w sklepie dotyczy 1 szt. produktu<br \/>\n<strong>Wymiary:<\/strong> Wysoko\u015b\u0107: 23cm, Szeroko\u015b\u0107: 48cm<br \/>\n<strong>Masa:<\/strong>\u00a0 0,992 kg<br \/>\n<strong>Minimalna kwota zam\u00f3wienia w sklepie: <\/strong>50 z\u0142<\/p>\n<div class=\"flex max-w-full flex-col flex-grow\">\n<div class=\"min-h-8 text-message flex w-full flex-col items-end gap-2 whitespace-normal break-words text-start [.text-message+&amp;]:mt-5\" dir=\"auto\" data-message-author-role=\"assistant\" data-message-id=\"74595034-f858-4683-9ee8-604f5415b21d\" data-message-model-slug=\"gpt-4o\">\n<div class=\"flex w-full flex-col gap-1 empty:hidden first:pt-[3px]\">\n<div class=\"markdown prose w-full break-words dark:prose-invert dark\">\n<h2>Jakie zastosowanie ma plastikowa miska z uchwytem o pojemno\u015bci 36L?<\/h2>\n<p>Miska plastikowa z uchwytem o pojemno\u015bci 36L od AGD Lipiecki to wszechstronne i niezwykle pojemne akcesorium, kt\u00f3re sprawdzi si\u0119 w wielu codziennych sytuacjach. Wykonana z trwa\u0142ego i lekkiego plastiku, miska jest odporna na uszkodzenia i \u0142atwa w czyszczeniu, co czyni j\u0105 praktycznym wyborem do kuchni, \u0142azienki, ogrodu czy warsztatu.<\/p>\n<p>Dzi\u0119ki imponuj\u0105cej pojemno\u015bci 36 litr\u00f3w miska idealnie nadaje si\u0119 do mycia du\u017cych ilo\u015bci owoc\u00f3w i warzyw, mieszania ciast na wi\u0119ksze wydarzenia, a tak\u017ce do przechowywania wody lub r\u00f3\u017cnych produkt\u00f3w. Ergonomiczne uchwyty u\u0142atwiaj\u0105 przenoszenie, nawet przy pe\u0142nym obci\u0105\u017ceniu, co znacznie zwi\u0119ksza komfort u\u017cytkowania. Solidna konstrukcja oraz stabilna podstawa zapewniaj\u0105 bezpiecze\u0144stwo podczas przenoszenia i u\u017cytkowania.<\/p>\n<p>G\u0142adka powierzchnia miski pozwala na szybkie i \u0142atwe czyszczenie zar\u00f3wno r\u0119czne, jak i w zmywarce. Dzi\u0119ki r\u00f3\u017cnorodnym kolorom, produkt mo\u017cna dopasowa\u0107 do wystroju wn\u0119trza lub osobistych preferencji. Uniwersalno\u015b\u0107 miski sprawia, \u017ce znajduje zastosowanie nie tylko w kuchni, ale r\u00f3wnie\u017c podczas prac porz\u0105dkowych, ogrodowych czy w warsztacie.<\/p>\n<p>Miska plastikowa z uchwytem 36L od AGD Lipiecki to idealne rozwi\u0105zanie dla os\u00f3b ceni\u0105cych praktyczno\u015b\u0107, trwa\u0142o\u015b\u0107 i du\u017c\u0105 pojemno\u015b\u0107 w codziennym u\u017cytkowaniu.<\/p>\n<p>AGD Lipiecki Warszawa.<\/p>\n<\/div>\n<\/div>\n<\/div>\n<\/div>\n<div class=\"mb-2 flex gap-3 empty:hidden -ml-2\">\n<div class=\"items-center justify-start rounded-xl p-1 flex\">\n<div class=\"flex items-center\"><\/div>\n<\/div>\n<\/div>\n","protected":false},"excerpt":{"rendered":"<p>Materia\u0142: Polipropylen. Opakowanie:\u00a0 10 szt. Cena:\u00a0 Cena w sklepie dotyczy 1 szt. produktu Wymiary: Wysoko\u015b\u0107: 23cm, Szeroko\u015b\u0107: 48cm Masa:\u00a0 0,992 kg Minimalna kwota zam\u00f3wienia w sklepie: 50 z\u0142 Jakie zastosowanie ma plastikowa miska z uchwytem o pojemno\u015bci 36L? Miska plastikowa z uchwytem o pojemno\u015bci 36L od AGD Lipiecki to wszechstronne i niezwykle pojemne akcesorium, kt\u00f3re [&hellip;]<\/p>\n","protected":false},"featured_media":5768,"comment_status":"closed","ping_status":"closed","template":"","meta":{"_acf_changed":false,"_eb_attr":""},"product_brand":[],"product_cat":[107,108,109,112],"product_tag":[],"class_list":{"0":"post-1518","1":"product","2":"type-product","3":"status-publish","4":"has-post-thumbnail","6":"product_cat-dom","7":"product_cat-kuchnia","8":"product_cat-lazienka","9":"product_cat-miski-plastikowe","11":"first","12":"instock","13":"taxable","14":"shipping-taxable","15":"purchasable","16":"product-type-variable","17":"has-default-attributes"},"acf":[],"mb":[],"mfb_rest_fields":["title"],"_links":{"self":[{"href":"https:\/\/agdlipiecki.pl\/en\/wp-json\/wp\/v2\/product\/1518","targetHints":{"allow":["GET"]}}],"collection":[{"href":"https:\/\/agdlipiecki.pl\/en\/wp-json\/wp\/v2\/product"}],"about":[{"href":"https:\/\/agdlipiecki.pl\/en\/wp-json\/wp\/v2\/types\/product"}],"replies":[{"embeddable":true,"href":"https:\/\/agdlipiecki.pl\/en\/wp-json\/wp\/v2\/comments?post=1518"}],"wp:featuredmedia":[{"embeddable":true,"href":"https:\/\/agdlipiecki.pl\/en\/wp-json\/wp\/v2\/media\/5768"}],"wp:attachment":[{"href":"https:\/\/agdlipiecki.pl\/en\/wp-json\/wp\/v2\/media?parent=1518"}],"wp:term":[{"taxonomy":"product_brand","embeddable":true,"href":"https:\/\/agdlipiecki.pl\/en\/wp-json\/wp\/v2\/product_brand?post=1518"},{"taxonomy":"product_cat","embeddable":true,"href":"https:\/\/agdlipiecki.pl\/en\/wp-json\/wp\/v2\/product_cat?post=1518"},{"taxonomy":"product_tag","embeddable":true,"href":"https:\/\/agdlipiecki.pl\/en\/wp-json\/wp\/v2\/product_tag?post=1518"}],"curies":[{"name":"wp","href":"https:\/\/api.w.org\/{rel}","templated":true}]}}