{"id":1512,"date":"2025-08-11T13:54:57","date_gmt":"2025-08-11T13:54:57","guid":{"rendered":"https:\/\/agdlipiecki.pl\/?post_type=product&#038;p=1512"},"modified":"2026-04-16T20:40:55","modified_gmt":"2026-04-16T20:40:55","slug":"wiadro-plastikowe-20-l","status":"publish","type":"product","link":"https:\/\/agdlipiecki.pl\/en\/product\/wiadro-plastikowe-20-l\/","title":{"rendered":"Wiadro plastikowe 20 L"},"content":{"rendered":"<p><strong>Materia\u0142:<\/strong> Polipropylen.<br \/>\n<strong>Opakowanie:\u00a0<\/strong> 10 szt.<br \/>\n<strong>Cena:\u00a0 <\/strong>Cena w sklepie dotyczy 1 szt. produktu<br \/>\n<strong>Wymiary:<\/strong> Wysoko\u015b\u0107: 36cm, \u015arednica: 34cm<br \/>\n<strong>Masa:<\/strong>\u00a0 0,450 kg<br \/>\n<strong>Minimalna kwota zam\u00f3wienia w sklepie: <\/strong>50 z\u0142<\/p>\n<h2>Jakie zastosowanie ma plastikowe wiadro o pojemno\u015bci 20L?<\/h2>\n<p>Plastikowe wiadro o pojemno\u015bci 20L od AGD Lipiecki to solidne i praktyczne akcesorium, kt\u00f3re sprawdzi si\u0119 w wielu codziennych zastosowaniach. Wykonane z trwa\u0142ego plastiku, wiadro cechuje si\u0119 du\u017c\u0105 wytrzyma\u0142o\u015bci\u0105 i odporno\u015bci\u0105 na uszkodzenia, co czyni je niezawodnym narz\u0119dziem zar\u00f3wno w domu, jak i w ogrodzie.<\/p>\n<p>Dzi\u0119ki du\u017cej pojemno\u015bci 20 litr\u00f3w wiadro idealnie nadaje si\u0119 do przenoszenia wody, przechowywania p\u0142yn\u00f3w, mieszania zapraw, mycia okien czy podlewania ro\u015blin. Wyposa\u017cone w wygodny uchwyt, zapewnia komfort podczas przenoszenia, nawet przy pe\u0142nym obci\u0105\u017ceniu. Dodatkowo, stabilna podstawa zapobiega przewracaniu, co zwi\u0119ksza bezpiecze\u0144stwo u\u017cytkowania.<\/p>\n<p>G\u0142adka powierzchnia plastiku u\u0142atwia czyszczenie wiadra, a dost\u0119pno\u015b\u0107 w r\u00f3\u017cnych kolorach pozwala dopasowa\u0107 je do indywidualnych potrzeb i gust\u00f3w. Mo\u017cna je r\u00f3wnie\u017c wyposa\u017cy\u0107 w pokryw\u0119 (sprzedawan\u0105 oddzielnie), co pozwala na bezpieczne przechowywanie zawarto\u015bci, chroni\u0105c j\u0105 przed zanieczyszczeniami.<\/p>\n<p>Plastikowe wiadro 20L od AGD Lipiecki to produkt, kt\u00f3ry \u0142\u0105czy w sobie trwa\u0142o\u015b\u0107, funkcjonalno\u015b\u0107 i wygod\u0119, sprawdzaj\u0105c si\u0119 w wielu codziennych sytuacjach.<\/p>\n<p>AGD Lipiecki Warszawa.<\/p>\n","protected":false},"excerpt":{"rendered":"<p>Materia\u0142: Polipropylen. Opakowanie:\u00a0 10 szt. Cena:\u00a0 Cena w sklepie dotyczy 1 szt. produktu Wymiary: Wysoko\u015b\u0107: 36cm, \u015arednica: 34cm Masa:\u00a0 0,450 kg Minimalna kwota zam\u00f3wienia w sklepie: 50 z\u0142 Jakie zastosowanie ma plastikowe wiadro o pojemno\u015bci 20L? Plastikowe wiadro o pojemno\u015bci 20L od AGD Lipiecki to solidne i praktyczne akcesorium, kt\u00f3re sprawdzi si\u0119 w wielu codziennych [&hellip;]<\/p>\n","protected":false},"featured_media":5798,"comment_status":"closed","ping_status":"closed","template":"","meta":{"_acf_changed":false,"_eb_attr":""},"product_brand":[],"product_cat":[107,109,111],"product_tag":[],"class_list":{"0":"post-1512","1":"product","2":"type-product","3":"status-publish","4":"has-post-thumbnail","6":"product_cat-dom","7":"product_cat-lazienka","8":"product_cat-wiadra-plastikowe","10":"first","11":"instock","12":"taxable","13":"shipping-taxable","14":"purchasable","15":"product-type-variable","16":"has-default-attributes"},"acf":[],"mb":[],"mfb_rest_fields":["title"],"_links":{"self":[{"href":"https:\/\/agdlipiecki.pl\/en\/wp-json\/wp\/v2\/product\/1512","targetHints":{"allow":["GET"]}}],"collection":[{"href":"https:\/\/agdlipiecki.pl\/en\/wp-json\/wp\/v2\/product"}],"about":[{"href":"https:\/\/agdlipiecki.pl\/en\/wp-json\/wp\/v2\/types\/product"}],"replies":[{"embeddable":true,"href":"https:\/\/agdlipiecki.pl\/en\/wp-json\/wp\/v2\/comments?post=1512"}],"wp:featuredmedia":[{"embeddable":true,"href":"https:\/\/agdlipiecki.pl\/en\/wp-json\/wp\/v2\/media\/5798"}],"wp:attachment":[{"href":"https:\/\/agdlipiecki.pl\/en\/wp-json\/wp\/v2\/media?parent=1512"}],"wp:term":[{"taxonomy":"product_brand","embeddable":true,"href":"https:\/\/agdlipiecki.pl\/en\/wp-json\/wp\/v2\/product_brand?post=1512"},{"taxonomy":"product_cat","embeddable":true,"href":"https:\/\/agdlipiecki.pl\/en\/wp-json\/wp\/v2\/product_cat?post=1512"},{"taxonomy":"product_tag","embeddable":true,"href":"https:\/\/agdlipiecki.pl\/en\/wp-json\/wp\/v2\/product_tag?post=1512"}],"curies":[{"name":"wp","href":"https:\/\/api.w.org\/{rel}","templated":true}]}}