{"id":1509,"date":"2025-08-11T13:54:57","date_gmt":"2025-08-11T13:54:57","guid":{"rendered":"https:\/\/agdlipiecki.pl\/?post_type=product&#038;p=1509"},"modified":"2026-04-16T20:40:27","modified_gmt":"2026-04-16T20:40:27","slug":"wiadro-plastikowe-10-l","status":"publish","type":"product","link":"https:\/\/agdlipiecki.pl\/en\/product\/wiadro-plastikowe-10-l\/","title":{"rendered":"Wiadro plastikowe 10 L"},"content":{"rendered":"<p><strong>Materia\u0142:<\/strong> Polipropylen.<br \/>\n<strong>Opakowanie:\u00a0<\/strong> 10 szt.<br \/>\n<strong>Cena:\u00a0 <\/strong>Cena w sklepie dotyczy 1 szt. produktu<br \/>\n<strong>Wymiary:<\/strong> Wysoko\u015b\u0107: 25,5cm, \u015arednica: 28cm<br \/>\n<strong>Masa:<\/strong>\u00a0 0,340 kg<br \/>\n<strong>Minimalna kwota zam\u00f3wienia w sklepie: <\/strong>50 z\u0142<\/p>\n<h2>3 zalety plastikowego wiadra o pojemno\u015bci 10L<\/h2>\n<p>Plastikowe wiadro o pojemno\u015bci 10L od AGD Lipiecki to praktyczne i wytrzyma\u0142e narz\u0119dzie, kt\u00f3re sprawdzi si\u0119 w codziennych pracach domowych, takich jak sprz\u0105tanie, mycie czy podlewanie ro\u015blin. Wykonane z wysokiej jako\u015bci plastiku, charakteryzuje si\u0119 trwa\u0142o\u015bci\u0105 i lekko\u015bci\u0105, co czyni je wygodnym w u\u017cytkowaniu.<\/p>\n<p>Pierwsz\u0105 zalet\u0105 tego wiadra jest jego uniwersalna pojemno\u015b\u0107 \u2013 10 litr\u00f3w to wystarczaj\u0105co du\u017co miejsca, aby wygodnie wykonywa\u0107 r\u00f3\u017cnorodne prace, jednocze\u015bnie zachowuj\u0105c por\u0119czno\u015b\u0107 i \u0142atwo\u015b\u0107 przenoszenia. Drug\u0105 zalet\u0105 jest ergonomiczny uchwyt, kt\u00f3ry zapewnia wygodny i stabilny chwyt, nawet przy pe\u0142nym obci\u0105\u017ceniu. Trzeci\u0105 zalet\u0105 jest \u0142atwo\u015b\u0107 utrzymania w czysto\u015bci \u2013 g\u0142adka powierzchnia plastiku umo\u017cliwia szybkie umycie wiadra po u\u017cyciu.<\/p>\n<p>Dzi\u0119ki solidnej konstrukcji i stabilnej podstawie, wiadro jest odporne na przewracanie, a r\u00f3\u017cnorodno\u015b\u0107 kolor\u00f3w pozwala dopasowa\u0107 je do swoich preferencji. Wiadro plastikowe 10L od AGD Lipiecki to trwa\u0142e, funkcjonalne i estetyczne rozwi\u0105zanie, kt\u00f3re znajdzie zastosowanie w ka\u017cdym domu i ogrodzie.<\/p>\n<p>AGD Lipiecki Warszawa.<\/p>\n","protected":false},"excerpt":{"rendered":"<p>Materia\u0142: Polipropylen. Opakowanie:\u00a0 10 szt. Cena:\u00a0 Cena w sklepie dotyczy 1 szt. produktu Wymiary: Wysoko\u015b\u0107: 25,5cm, \u015arednica: 28cm Masa:\u00a0 0,340 kg Minimalna kwota zam\u00f3wienia w sklepie: 50 z\u0142 3 zalety plastikowego wiadra o pojemno\u015bci 10L Plastikowe wiadro o pojemno\u015bci 10L od AGD Lipiecki to praktyczne i wytrzyma\u0142e narz\u0119dzie, kt\u00f3re sprawdzi si\u0119 w codziennych pracach domowych, [&hellip;]<\/p>\n","protected":false},"featured_media":5789,"comment_status":"closed","ping_status":"closed","template":"","meta":{"_acf_changed":false,"_eb_attr":""},"product_brand":[],"product_cat":[107,109,111],"product_tag":[],"class_list":{"0":"post-1509","1":"product","2":"type-product","3":"status-publish","4":"has-post-thumbnail","6":"product_cat-dom","7":"product_cat-lazienka","8":"product_cat-wiadra-plastikowe","10":"first","11":"instock","12":"taxable","13":"shipping-taxable","14":"purchasable","15":"product-type-variable","16":"has-default-attributes"},"acf":[],"mb":[],"mfb_rest_fields":["title"],"_links":{"self":[{"href":"https:\/\/agdlipiecki.pl\/en\/wp-json\/wp\/v2\/product\/1509","targetHints":{"allow":["GET"]}}],"collection":[{"href":"https:\/\/agdlipiecki.pl\/en\/wp-json\/wp\/v2\/product"}],"about":[{"href":"https:\/\/agdlipiecki.pl\/en\/wp-json\/wp\/v2\/types\/product"}],"replies":[{"embeddable":true,"href":"https:\/\/agdlipiecki.pl\/en\/wp-json\/wp\/v2\/comments?post=1509"}],"wp:featuredmedia":[{"embeddable":true,"href":"https:\/\/agdlipiecki.pl\/en\/wp-json\/wp\/v2\/media\/5789"}],"wp:attachment":[{"href":"https:\/\/agdlipiecki.pl\/en\/wp-json\/wp\/v2\/media?parent=1509"}],"wp:term":[{"taxonomy":"product_brand","embeddable":true,"href":"https:\/\/agdlipiecki.pl\/en\/wp-json\/wp\/v2\/product_brand?post=1509"},{"taxonomy":"product_cat","embeddable":true,"href":"https:\/\/agdlipiecki.pl\/en\/wp-json\/wp\/v2\/product_cat?post=1509"},{"taxonomy":"product_tag","embeddable":true,"href":"https:\/\/agdlipiecki.pl\/en\/wp-json\/wp\/v2\/product_tag?post=1509"}],"curies":[{"name":"wp","href":"https:\/\/api.w.org\/{rel}","templated":true}]}}