{"id":1274,"date":"2025-08-11T13:54:34","date_gmt":"2025-08-11T13:54:34","guid":{"rendered":"https:\/\/agdlipiecki.pl\/?post_type=product&#038;p=1274"},"modified":"2025-09-24T08:15:34","modified_gmt":"2025-09-24T08:15:34","slug":"pokrywa-plastikowa-do-wiadra-12-l","status":"publish","type":"product","link":"https:\/\/agdlipiecki.pl\/en\/product\/pokrywa-plastikowa-do-wiadra-12-l\/","title":{"rendered":"Pokrywa plastikowa do wiadra 12 L"},"content":{"rendered":"<p><strong>Materia\u0142:<\/strong> Polipropylen.<br \/>\n<strong>Opakowanie:\u00a0<\/strong> 10 szt.<br \/>\n<strong>Cena:\u00a0 <\/strong>Cena w sklepie dotyczy 1 szt. produktu<br \/>\n<strong>Wymiary:<\/strong> D\u0142ugo\u015b\u0107: 28 cm, Szeroko\u015b\u0107: 28 cm, Wysoko\u015b\u0107 0 cm<br \/>\n<strong>Masa:<\/strong>\u00a0 0,081 kg<br \/>\n<strong>Minimalna kwota zam\u00f3wienia w sklepie: <\/strong>50 z\u0142<\/p>\n<h2>Jakie zastosowanie ma plastikowa pokrywa do wiadra 12L?<\/h2>\n<p>Plastikowa pokrywa do wiadra 12L od AGD Lipiecki to praktyczny dodatek, kt\u00f3ry zwi\u0119ksza funkcjonalno\u015b\u0107 i wszechstronno\u015b\u0107 wiadra. Wykonana z wytrzyma\u0142ego plastiku, pokrywa jest odporna na uszkodzenia i zapewnia szczelne zamkni\u0119cie, kt\u00f3re chroni zawarto\u015b\u0107 wiadra przed zanieczyszczeniami, wilgoci\u0105 oraz przypadkowym rozlaniem.<\/p>\n<p>Pokrywa jest precyzyjnie dopasowana do wiadra o pojemno\u015bci 12 litr\u00f3w, co sprawia, \u017ce idealnie nadaje si\u0119 do przechowywania p\u0142yn\u00f3w, \u015brodk\u00f3w czysto\u015bci, czy produkt\u00f3w spo\u017cywczych. Dzi\u0119ki ergonomicznej konstrukcji zak\u0142adanie i zdejmowanie pokrywy jest szybkie i wygodne, co zwi\u0119ksza komfort u\u017cytkowania.<\/p>\n<p>G\u0142adka powierzchnia plastiku sprawia, \u017ce pokrywa jest \u0142atwa do umycia, a jej lekka konstrukcja nie obci\u0105\u017ca wiadra. Dost\u0119pno\u015b\u0107 w r\u00f3\u017cnych kolorach pozwala na dopasowanie pokrywy do w\u0142asnych preferencji lub na \u0142atwiejsze oznaczanie zawarto\u015bci wiadra. Jest to idealne rozwi\u0105zanie, kt\u00f3re pomaga utrzyma\u0107 porz\u0105dek i higien\u0119.<\/p>\n<p>Plastikowa pokrywa do wiadra 12L od AGD Lipiecki to po\u0142\u0105czenie trwa\u0142o\u015bci, praktyczno\u015bci i estetyki, kt\u00f3re sprawdzi si\u0119 w codziennym u\u017cytkowaniu.<\/p>\n<p>AGD Lipiecki Warszawa.<\/p>\n","protected":false},"excerpt":{"rendered":"<p>Materia\u0142: Polipropylen. Opakowanie:\u00a0 10 szt. Cena:\u00a0 Cena w sklepie dotyczy 1 szt. produktu Wymiary: D\u0142ugo\u015b\u0107: 28 cm, Szeroko\u015b\u0107: 28 cm, Wysoko\u015b\u0107 0 cm Masa:\u00a0 0,081 kg Minimalna kwota zam\u00f3wienia w sklepie: 50 z\u0142 Jakie zastosowanie ma plastikowa pokrywa do wiadra 12L? Plastikowa pokrywa do wiadra 12L od AGD Lipiecki to praktyczny dodatek, kt\u00f3ry zwi\u0119ksza funkcjonalno\u015b\u0107 [&hellip;]<\/p>\n","protected":false},"featured_media":1866,"comment_status":"closed","ping_status":"closed","template":"","meta":{"_acf_changed":false,"_eb_attr":""},"product_brand":[],"product_cat":[107,109,111],"product_tag":[],"class_list":{"0":"post-1274","1":"product","2":"type-product","3":"status-publish","4":"has-post-thumbnail","6":"product_cat-dom","7":"product_cat-lazienka","8":"product_cat-wiadra-plastikowe","10":"first","11":"instock","12":"taxable","13":"shipping-taxable","14":"purchasable","15":"product-type-simple"},"acf":[],"mb":[],"mfb_rest_fields":["title"],"_links":{"self":[{"href":"https:\/\/agdlipiecki.pl\/en\/wp-json\/wp\/v2\/product\/1274","targetHints":{"allow":["GET"]}}],"collection":[{"href":"https:\/\/agdlipiecki.pl\/en\/wp-json\/wp\/v2\/product"}],"about":[{"href":"https:\/\/agdlipiecki.pl\/en\/wp-json\/wp\/v2\/types\/product"}],"replies":[{"embeddable":true,"href":"https:\/\/agdlipiecki.pl\/en\/wp-json\/wp\/v2\/comments?post=1274"}],"wp:featuredmedia":[{"embeddable":true,"href":"https:\/\/agdlipiecki.pl\/en\/wp-json\/wp\/v2\/media\/1866"}],"wp:attachment":[{"href":"https:\/\/agdlipiecki.pl\/en\/wp-json\/wp\/v2\/media?parent=1274"}],"wp:term":[{"taxonomy":"product_brand","embeddable":true,"href":"https:\/\/agdlipiecki.pl\/en\/wp-json\/wp\/v2\/product_brand?post=1274"},{"taxonomy":"product_cat","embeddable":true,"href":"https:\/\/agdlipiecki.pl\/en\/wp-json\/wp\/v2\/product_cat?post=1274"},{"taxonomy":"product_tag","embeddable":true,"href":"https:\/\/agdlipiecki.pl\/en\/wp-json\/wp\/v2\/product_tag?post=1274"}],"curies":[{"name":"wp","href":"https:\/\/api.w.org\/{rel}","templated":true}]}}