{"id":1260,"date":"2025-08-11T13:54:34","date_gmt":"2025-08-11T13:54:34","guid":{"rendered":"https:\/\/agdlipiecki.pl\/?post_type=product&#038;p=1260"},"modified":"2026-02-26T11:55:42","modified_gmt":"2026-02-26T11:55:42","slug":"chlebak-plastikowy-duzy","status":"publish","type":"product","link":"https:\/\/agdlipiecki.pl\/en\/product\/chlebak-plastikowy-duzy\/","title":{"rendered":"Chlebak plastikowy du\u017cy"},"content":{"rendered":"<p><strong>Materia\u0142:<\/strong> Polistyren<br \/>\n<strong>Opakowanie:<\/strong> 6 szt.<br \/>\n<strong>Cena:\u00a0 <\/strong>Cena w sklepie dotyczy 1 szt. produktu<br \/>\n<strong>Wymiary:<\/strong> D\u0142ugo\u015b\u0107: 42 cm, Szeroko\u015b\u0107: 27 cm, Wysoko\u015b\u0107 18 cm<br \/>\n<strong>Masa:<\/strong>\u00a0 1,035 kg<br \/>\n<strong>Minimalna kwota zam\u00f3wienia w sklepie: <\/strong>50 z\u0142<\/p>\n<h3>Jakie zastosowanie ma plastikowy du\u017cy chlebak?<\/h3>\n<p>Plastikowy pojemnik na pieczywo od AGD Lipiecki to praktyczne i higieniczne rozwi\u0105zanie, kt\u00f3re pozwala na wygodne przechowywanie pieczywa, chroni\u0105c je przed wysychaniem, wilgoci\u0105 i zanieczyszczeniami. Wykonany z wysokiej jako\u015bci plastiku, pojemnik jest trwa\u0142y, lekki i \u0142atwy w utrzymaniu czysto\u015bci, co czyni go idealnym akcesorium kuchennym.<\/p>\n<p>Dzi\u0119ki szczelnej konstrukcji pojemnik utrzymuje \u015bwie\u017co\u015b\u0107 chleba, bu\u0142ek czy innych wypiek\u00f3w na d\u0142u\u017cej, zapewniaj\u0105c jednocze\u015bnie odpowiedni\u0105 cyrkulacj\u0119 powietrza, kt\u00f3ra zapobiega rozwojowi ple\u015bni. Praktyczna pokrywka umo\u017cliwia \u0142atwy dost\u0119p do zawarto\u015bci i sprawia, \u017ce pojemnik doskonale sprawdzi si\u0119 zar\u00f3wno w domowej kuchni, jak i na piknikach czy wyjazdach.<\/p>\n<p>Jego kompaktowe wymiary pozwalaj\u0105 na wygodne przechowywanie na blacie lub w szafce, a g\u0142adka powierzchnia plastiku u\u0142atwia czyszczenie \u2013 mo\u017cna go my\u0107 r\u0119cznie lub w zmywarce. Dost\u0119pno\u015b\u0107 w r\u00f3\u017cnych kolorach i wzorach pozwala dopasowa\u0107 pojemnik do wystroju kuchni lub indywidualnych preferencji.<\/p>\n<p>Plastikowy pojemnik na pieczywo od AGD Lipiecki to po\u0142\u0105czenie estetyki, trwa\u0142o\u015bci i funkcjonalno\u015bci, kt\u00f3re doskonale sprawdzi si\u0119 w ka\u017cdej kuchni, u\u0142atwiaj\u0105c przechowywanie pieczywa i utrzymanie porz\u0105dku.<\/p>\n<p>AGD Lipiecki Warszawa.<\/p>\n","protected":false},"excerpt":{"rendered":"<p>Materia\u0142: Polistyren Opakowanie: 6 szt. Cena:\u00a0 Cena w sklepie dotyczy 1 szt. produktu Wymiary: D\u0142ugo\u015b\u0107: 42 cm, Szeroko\u015b\u0107: 27 cm, Wysoko\u015b\u0107 18 cm Masa:\u00a0 1,035 kg Minimalna kwota zam\u00f3wienia w sklepie: 50 z\u0142 Jakie zastosowanie ma plastikowy du\u017cy chlebak? Plastikowy pojemnik na pieczywo od AGD Lipiecki to praktyczne i higieniczne rozwi\u0105zanie, kt\u00f3re pozwala na wygodne [&hellip;]<\/p>\n","protected":false},"featured_media":1549,"comment_status":"closed","ping_status":"closed","template":"","meta":{"_acf_changed":false,"_eb_attr":""},"product_brand":[],"product_cat":[108],"product_tag":[],"class_list":{"0":"post-1260","1":"product","2":"type-product","3":"status-publish","4":"has-post-thumbnail","6":"product_cat-kuchnia","8":"first","9":"instock","10":"taxable","11":"shipping-taxable","12":"purchasable","13":"product-type-variable","14":"has-default-attributes"},"acf":[],"mb":[],"mfb_rest_fields":["title"],"_links":{"self":[{"href":"https:\/\/agdlipiecki.pl\/en\/wp-json\/wp\/v2\/product\/1260","targetHints":{"allow":["GET"]}}],"collection":[{"href":"https:\/\/agdlipiecki.pl\/en\/wp-json\/wp\/v2\/product"}],"about":[{"href":"https:\/\/agdlipiecki.pl\/en\/wp-json\/wp\/v2\/types\/product"}],"replies":[{"embeddable":true,"href":"https:\/\/agdlipiecki.pl\/en\/wp-json\/wp\/v2\/comments?post=1260"}],"wp:featuredmedia":[{"embeddable":true,"href":"https:\/\/agdlipiecki.pl\/en\/wp-json\/wp\/v2\/media\/1549"}],"wp:attachment":[{"href":"https:\/\/agdlipiecki.pl\/en\/wp-json\/wp\/v2\/media?parent=1260"}],"wp:term":[{"taxonomy":"product_brand","embeddable":true,"href":"https:\/\/agdlipiecki.pl\/en\/wp-json\/wp\/v2\/product_brand?post=1260"},{"taxonomy":"product_cat","embeddable":true,"href":"https:\/\/agdlipiecki.pl\/en\/wp-json\/wp\/v2\/product_cat?post=1260"},{"taxonomy":"product_tag","embeddable":true,"href":"https:\/\/agdlipiecki.pl\/en\/wp-json\/wp\/v2\/product_tag?post=1260"}],"curies":[{"name":"wp","href":"https:\/\/api.w.org\/{rel}","templated":true}]}}