{"id":1253,"date":"2025-08-11T13:54:34","date_gmt":"2025-08-11T13:54:34","guid":{"rendered":"https:\/\/agdlipiecki.pl\/?post_type=product&#038;p=1253"},"modified":"2026-02-04T14:43:45","modified_gmt":"2026-02-04T14:43:45","slug":"korek-do-zlewu","status":"publish","type":"product","link":"https:\/\/agdlipiecki.pl\/en\/product\/korek-do-zlewu\/","title":{"rendered":"Korek do zlewu"},"content":{"rendered":"<p><strong>Materia\u0142:<\/strong> PCV<br \/>\n<strong>Opakowanie:<\/strong> 100 szt.<br \/>\n<strong>Cena:\u00a0 <\/strong>Cena w sklepie dotyczy 1 szt. produktu<br \/>\n<strong>Wymiary:<\/strong> D\u0142ugo\u015b\u0107: 4,5 cm, Szeroko\u015b\u0107: 4,5 cm, Wysoko\u015b\u0107: 1,5 cm<br \/>\n<strong>Masa:<\/strong>\u00a0 0,017 kg<br \/>\n<strong>Minimalna kwota zam\u00f3wienia w sklepie: <\/strong>50 z\u0142<\/p>\n<h2>Jakie zastosowanie ma gumowy korek do zlewu?<\/h2>\n<p>Gumowy korek do zlewu od AGD Lipiecki to proste, a jednocze\u015bnie niezwykle praktyczne akcesorium, kt\u00f3re sprawdzi si\u0119 w ka\u017cdej kuchni lub \u0142azience. Wykonany z elastycznej i trwa\u0142ej gumy, korek doskonale dopasowuje si\u0119 do r\u00f3\u017cnego rodzaju odp\u0142yw\u00f3w, zapewniaj\u0105c szczelne zamkni\u0119cie i skuteczne zatrzymywanie wody.<\/p>\n<p>Dzi\u0119ki uniwersalnemu rozmiarowi, korek pasuje do standardowych otwor\u00f3w odp\u0142ywowych, co czyni go wszechstronnym narz\u0119dziem do u\u017cytku w zlewach kuchennych, wannach czy umywalkach. Jego elastyczna konstrukcja u\u0142atwia zak\u0142adanie i zdejmowanie, a wyprofilowany uchwyt pozwala na wygodne u\u017cytkowanie.<\/p>\n<p>G\u0142adka powierzchnia gumy jest \u0142atwa w czyszczeniu i odporna na dzia\u0142anie wody oraz \u015brodk\u00f3w czyszcz\u0105cych, co gwarantuje d\u0142ug\u0105 \u017cywotno\u015b\u0107 produktu. Kompaktowy rozmiar korka pozwala na \u0142atwe przechowywanie, a klasyczny design pasuje do ka\u017cdego wn\u0119trza.Gumowy korek do zlewu od AGD Lipiecki to niezawodne rozwi\u0105zanie, kt\u00f3re u\u0142atwi codzienne czynno\u015bci w kuchni i \u0142azience, zapewniaj\u0105c szczelno\u015b\u0107 i wygod\u0119 u\u017cytkowania.<\/p>\n<p>AGD Lipiecki Warszawa.<\/p>\n","protected":false},"excerpt":{"rendered":"<p>Materia\u0142: PCV Opakowanie: 100 szt. Cena:\u00a0 Cena w sklepie dotyczy 1 szt. produktu Wymiary: D\u0142ugo\u015b\u0107: 4,5 cm, Szeroko\u015b\u0107: 4,5 cm, Wysoko\u015b\u0107: 1,5 cm Masa:\u00a0 0,017 kg Minimalna kwota zam\u00f3wienia w sklepie: 50 z\u0142 Jakie zastosowanie ma gumowy korek do zlewu? Gumowy korek do zlewu od AGD Lipiecki to proste, a jednocze\u015bnie niezwykle praktyczne akcesorium, kt\u00f3re [&hellip;]<\/p>\n","protected":false},"featured_media":1422,"comment_status":"closed","ping_status":"closed","template":"","meta":{"_acf_changed":false,"_eb_attr":""},"product_brand":[],"product_cat":[108,109],"product_tag":[],"class_list":{"0":"post-1253","1":"product","2":"type-product","3":"status-publish","4":"has-post-thumbnail","6":"product_cat-kuchnia","7":"product_cat-lazienka","9":"first","10":"instock","11":"taxable","12":"shipping-taxable","13":"purchasable","14":"product-type-simple"},"acf":[],"mb":[],"mfb_rest_fields":["title"],"_links":{"self":[{"href":"https:\/\/agdlipiecki.pl\/en\/wp-json\/wp\/v2\/product\/1253","targetHints":{"allow":["GET"]}}],"collection":[{"href":"https:\/\/agdlipiecki.pl\/en\/wp-json\/wp\/v2\/product"}],"about":[{"href":"https:\/\/agdlipiecki.pl\/en\/wp-json\/wp\/v2\/types\/product"}],"replies":[{"embeddable":true,"href":"https:\/\/agdlipiecki.pl\/en\/wp-json\/wp\/v2\/comments?post=1253"}],"wp:featuredmedia":[{"embeddable":true,"href":"https:\/\/agdlipiecki.pl\/en\/wp-json\/wp\/v2\/media\/1422"}],"wp:attachment":[{"href":"https:\/\/agdlipiecki.pl\/en\/wp-json\/wp\/v2\/media?parent=1253"}],"wp:term":[{"taxonomy":"product_brand","embeddable":true,"href":"https:\/\/agdlipiecki.pl\/en\/wp-json\/wp\/v2\/product_brand?post=1253"},{"taxonomy":"product_cat","embeddable":true,"href":"https:\/\/agdlipiecki.pl\/en\/wp-json\/wp\/v2\/product_cat?post=1253"},{"taxonomy":"product_tag","embeddable":true,"href":"https:\/\/agdlipiecki.pl\/en\/wp-json\/wp\/v2\/product_tag?post=1253"}],"curies":[{"name":"wp","href":"https:\/\/api.w.org\/{rel}","templated":true}]}}