{"id":1252,"date":"2025-08-11T13:54:34","date_gmt":"2025-08-11T13:54:34","guid":{"rendered":"https:\/\/agdlipiecki.pl\/?post_type=product&#038;p=1252"},"modified":"2026-04-28T22:25:04","modified_gmt":"2026-04-28T22:25:04","slug":"sitko-do-zlewu-plastikowe","status":"publish","type":"product","link":"https:\/\/agdlipiecki.pl\/en\/product\/sitko-do-zlewu-plastikowe\/","title":{"rendered":"Sitko do zlewu plastikowe"},"content":{"rendered":"<p><strong>Materia\u0142:<\/strong> Polipropylen<br \/>\n<strong>Opakowanie:<\/strong> 500 szt.<br \/>\n<strong>Cena:\u00a0 <\/strong>Cena w sklepie dotyczy 1 szt. produktu<br \/>\n<strong>Wymiary:<\/strong> D\u0142ugo\u015b\u0107: 6,2 cm, Szeroko\u015b\u0107: 6,2 cm, Wysoko\u015b\u0107:0 cm<br \/>\n<strong>Masa:<\/strong>\u00a0 0,002 kg<br \/>\n<strong>Minimalna kwota zam\u00f3wienia w sklepie: <\/strong>50 z\u0142<\/p>\n<h2>Zastosowanie sitka do zlewu<\/h2>\n<p>Bardzo wytrzyma\u0142e i praktyczne. Dost\u0119pne a\u017c w 6 kolorach. Dzi\u0119ki innowacyjnemu kszta\u0142towi i uniwersalnej \u015brednicy sitko pasuje do wszystkich zlew\u00f3w, do ka\u017cdej umywalki i ka\u017cdego brodzika w \u0142azience. Sitko wspaniale zatrzymuje w\u0142osy lub resztki jedzenia dzi\u0119ki czemu wspaniale zabezpiecza kanalizacj\u0119. Trwa\u0142y i lekko elastyczny materia\u0142 zapewnia trwa\u0142o\u015b\u0107 nawet przy\u00a0 Klienci bardzo wysoko oceniaj\u0105 nasze produkty. AGD Lipiecki ma 30 lat do\u015bwiadczenia w produkcji wyrob\u00f3w z plastiku. Przez tak d\u0142ugi czas wyrobili\u015bmy sobie opini\u0119 lidera w tej bran\u017cy w Polsce i\u00a0 w Warszawie. W swojej ofercie mamy ponad 170 produkt\u00f3w z plastiku.<\/p>\n","protected":false},"excerpt":{"rendered":"<p>Materia\u0142: Polipropylen Opakowanie: 500 szt. Cena:\u00a0 Cena w sklepie dotyczy 1 szt. produktu Wymiary: D\u0142ugo\u015b\u0107: 6,2 cm, Szeroko\u015b\u0107: 6,2 cm, Wysoko\u015b\u0107:0 cm Masa:\u00a0 0,002 kg Minimalna kwota zam\u00f3wienia w sklepie: 50 z\u0142 Zastosowanie sitka do zlewu Bardzo wytrzyma\u0142e i praktyczne. Dost\u0119pne a\u017c w 6 kolorach. Dzi\u0119ki innowacyjnemu kszta\u0142towi i uniwersalnej \u015brednicy sitko pasuje do wszystkich [&hellip;]<\/p>\n","protected":false},"featured_media":1395,"comment_status":"closed","ping_status":"closed","template":"","meta":{"_acf_changed":false,"_eb_attr":""},"product_brand":[],"product_cat":[107,108,109],"product_tag":[],"class_list":{"0":"post-1252","1":"product","2":"type-product","3":"status-publish","4":"has-post-thumbnail","6":"product_cat-dom","7":"product_cat-kuchnia","8":"product_cat-lazienka","10":"first","11":"instock","12":"taxable","13":"shipping-taxable","14":"purchasable","15":"product-type-variable"},"acf":[],"mb":[],"mfb_rest_fields":["title"],"_links":{"self":[{"href":"https:\/\/agdlipiecki.pl\/en\/wp-json\/wp\/v2\/product\/1252","targetHints":{"allow":["GET"]}}],"collection":[{"href":"https:\/\/agdlipiecki.pl\/en\/wp-json\/wp\/v2\/product"}],"about":[{"href":"https:\/\/agdlipiecki.pl\/en\/wp-json\/wp\/v2\/types\/product"}],"replies":[{"embeddable":true,"href":"https:\/\/agdlipiecki.pl\/en\/wp-json\/wp\/v2\/comments?post=1252"}],"wp:featuredmedia":[{"embeddable":true,"href":"https:\/\/agdlipiecki.pl\/en\/wp-json\/wp\/v2\/media\/1395"}],"wp:attachment":[{"href":"https:\/\/agdlipiecki.pl\/en\/wp-json\/wp\/v2\/media?parent=1252"}],"wp:term":[{"taxonomy":"product_brand","embeddable":true,"href":"https:\/\/agdlipiecki.pl\/en\/wp-json\/wp\/v2\/product_brand?post=1252"},{"taxonomy":"product_cat","embeddable":true,"href":"https:\/\/agdlipiecki.pl\/en\/wp-json\/wp\/v2\/product_cat?post=1252"},{"taxonomy":"product_tag","embeddable":true,"href":"https:\/\/agdlipiecki.pl\/en\/wp-json\/wp\/v2\/product_tag?post=1252"}],"curies":[{"name":"wp","href":"https:\/\/api.w.org\/{rel}","templated":true}]}}