{"id":1011,"date":"2025-05-27T09:12:16","date_gmt":"2025-05-27T09:12:16","guid":{"rendered":"https:\/\/agdlipiecki.pl\/koszyk\/"},"modified":"2026-04-10T13:31:27","modified_gmt":"2026-04-10T13:31:27","slug":"koszyk","status":"publish","type":"page","link":"https:\/\/agdlipiecki.pl\/en\/koszyk\/","title":{"rendered":"Cart"},"content":{"rendered":"\n<div data-block-name=\"woocommerce\/cart\" class=\"wp-block-woocommerce-cart alignwide is-loading\">\n<div data-block-name=\"woocommerce\/filled-cart-block\" class=\"wp-block-woocommerce-filled-cart-block\">\n<div data-block-name=\"woocommerce\/cart-items-block\" class=\"wp-block-woocommerce-cart-items-block\">\n<div data-block-name=\"woocommerce\/cart-line-items-block\" class=\"wp-block-woocommerce-cart-line-items-block\"><\/div>\n\n\n\n<div data-block-name=\"woocommerce\/cart-cross-sells-block\" class=\"wp-block-woocommerce-cart-cross-sells-block\">\n<h2 class=\"wp-block-heading has-large-font-size\">You may be also interested in\u2026<\/h2>\n\n\n\n<div data-block-name=\"woocommerce\/cart-cross-sells-products-block\" class=\"wp-block-woocommerce-cart-cross-sells-products-block\"><\/div>\n<\/div>\n<\/div>\n\n\n\n<div data-block-name=\"woocommerce\/cart-totals-block\" class=\"wp-block-woocommerce-cart-totals-block\">\n<div data-block-name=\"woocommerce\/cart-order-summary-block\" class=\"wp-block-woocommerce-cart-order-summary-block\">\n<div data-block-name=\"woocommerce\/cart-order-summary-heading-block\" data-content=\"Podsumowanie koszyka\" class=\"wp-block-woocommerce-cart-order-summary-heading-block\"><\/div>\n\n\n\n<div data-block-name=\"woocommerce\/cart-order-summary-coupon-form-block\" class=\"wp-block-woocommerce-cart-order-summary-coupon-form-block\"><\/div>\n\n\n\n<div data-block-name=\"woocommerce\/cart-order-summary-totals-block\" class=\"wp-block-woocommerce-cart-order-summary-totals-block\">\n<div data-block-name=\"woocommerce\/cart-order-summary-subtotal-block\" class=\"wp-block-woocommerce-cart-order-summary-subtotal-block\"><\/div>\n\n\n\n<div data-block-name=\"woocommerce\/cart-order-summary-fee-block\" class=\"wp-block-woocommerce-cart-order-summary-fee-block\"><\/div>\n\n\n\n<div data-block-name=\"woocommerce\/cart-order-summary-discount-block\" class=\"wp-block-woocommerce-cart-order-summary-discount-block\"><\/div>\n\n\n\n<div data-block-name=\"woocommerce\/cart-order-summary-shipping-block\" class=\"wp-block-woocommerce-cart-order-summary-shipping-block\"><\/div>\n\n\n\n<div data-block-name=\"woocommerce\/cart-order-summary-taxes-block\" class=\"wp-block-woocommerce-cart-order-summary-taxes-block\"><\/div>\n<\/div>\n<\/div>\n\n\n\n<div data-block-name=\"woocommerce\/cart-express-payment-block\" class=\"wp-block-woocommerce-cart-express-payment-block\"><\/div>\n\n\n\n<div data-block-name=\"woocommerce\/proceed-to-checkout-block\" class=\"wp-block-woocommerce-proceed-to-checkout-block\"><\/div>\n\n\n\n<div data-block-name=\"woocommerce\/cart-accepted-payment-methods-block\" class=\"wp-block-woocommerce-cart-accepted-payment-methods-block\"><\/div>\n<\/div>\n<\/div>\n\n\n\n<div data-block-name=\"woocommerce\/empty-cart-block\" class=\"wp-block-woocommerce-empty-cart-block\">\n<h2 class=\"wp-block-heading has-text-align-center with-empty-cart-icon wc-block-cart__empty-cart__title\">Tw\u00f3j koszyk jest pusty<\/h2>\n\n\n\n<hr class=\"wp-block-separator has-alpha-channel-opacity is-style-dots\" style=\"margin-top:var(--wp--preset--spacing--70);margin-bottom:var(--wp--preset--spacing--70)\"\/>\n\n\n\n<h2 class=\"wp-block-heading has-text-align-center\">Nowo\u015bci w sklepie<\/h2>\n\n\n<div data-block-name=\"woocommerce\/product-new\" data-columns=\"4\" data-rows=\"1\" class=\"wc-block-grid wp-block-product-new wp-block-woocommerce-product-new wc-block-product-new has-4-columns\"><ul class=\"wc-block-grid__products\"><li class=\"wc-block-grid__product\">\n\t\t\t\t<a href=\"https:\/\/agdlipiecki.pl\/en\/product\/wiadro-plastikowe-ecoline-10l\/\" class=\"wc-block-grid__product-link\">\n\t\t\t\t\t\n\t\t\t\t\t<div class=\"wc-block-grid__product-image\"><img loading=\"lazy\" decoding=\"async\" width=\"300\" height=\"300\" src=\"https:\/\/agdlipiecki.pl\/wp-content\/uploads\/2026\/04\/wiadro-plastikowe-ecoline-10l-agd-lipiecki-300x300.jpg\" class=\"attachment-woocommerce_thumbnail size-woocommerce_thumbnail\" alt=\"Wiadro plastikowe ecoline 10 litr\u00f3w, idealne do prac domowych i ogrodowych, wykonane z trwa\u0142ego materia\u0142u, z metalowym uchwytem dla wygody u\u017cytkowania.\" srcset=\"https:\/\/agdlipiecki.pl\/wp-content\/uploads\/2026\/04\/wiadro-plastikowe-ecoline-10l-agd-lipiecki-300x300.jpg 300w, https:\/\/agdlipiecki.pl\/wp-content\/uploads\/2026\/04\/wiadro-plastikowe-ecoline-10l-agd-lipiecki-1024x1024.jpg 1024w, https:\/\/agdlipiecki.pl\/wp-content\/uploads\/2026\/04\/wiadro-plastikowe-ecoline-10l-agd-lipiecki-150x150.jpg 150w, https:\/\/agdlipiecki.pl\/wp-content\/uploads\/2026\/04\/wiadro-plastikowe-ecoline-10l-agd-lipiecki-768x768.jpg 768w, https:\/\/agdlipiecki.pl\/wp-content\/uploads\/2026\/04\/wiadro-plastikowe-ecoline-10l-agd-lipiecki-600x600.jpg 600w, https:\/\/agdlipiecki.pl\/wp-content\/uploads\/2026\/04\/wiadro-plastikowe-ecoline-10l-agd-lipiecki-100x100.jpg 100w, https:\/\/agdlipiecki.pl\/wp-content\/uploads\/2026\/04\/wiadro-plastikowe-ecoline-10l-agd-lipiecki.jpg 1500w\" sizes=\"auto, (max-width: 300px) 100vw, 300px\" \/><\/div>\n\t\t\t\t\t<div class=\"wc-block-grid__product-title\">Wiadro plastikowe ecoline 10L<\/div>\n\t\t\t\t<\/a>\n\t\t\t\t<div class=\"wc-block-grid__product-price price\"><span class=\"woocommerce-Price-amount amount\">17,99&nbsp;<span class=\"woocommerce-Price-currencySymbol\">&#122;&#322;<\/span><\/span><\/div>\n\t\t\t\t\n\t\t\t\t<div class=\"wp-block-button wc-block-grid__product-add-to-cart\"><a href=\"https:\/\/agdlipiecki.pl\/en\/product\/wiadro-plastikowe-ecoline-10l\/\" aria-label=\"Select options for &ldquo;Wiadro plastikowe ecoline 10L&rdquo;\" data-quantity=\"1\" data-product_id=\"5812\" data-product_sku=\"\" data-price=\"17.99\" rel=\"nofollow\" class=\"wp-block-button__link wp-element-button add_to_cart_button\">Select options<\/a><\/div>\n\t\t\t<\/li><li class=\"wc-block-grid__product\">\n\t\t\t\t<a href=\"https:\/\/agdlipiecki.pl\/en\/product\/wiadro-plastikowe-ecoline-5l\/\" class=\"wc-block-grid__product-link\">\n\t\t\t\t\t\n\t\t\t\t\t<div class=\"wc-block-grid__product-image\"><img loading=\"lazy\" decoding=\"async\" width=\"300\" height=\"300\" src=\"https:\/\/agdlipiecki.pl\/wp-content\/uploads\/2026\/04\/wiadro-plastikowe-ecoline-5l-agd-lipiecki-300x300.jpg\" class=\"attachment-woocommerce_thumbnail size-woocommerce_thumbnail\" alt=\"Wiadro plastikowe 5 litr\u00f3w idealne do prac domowych i ogrodowych, lekkie i wytrzyma\u0142e, z metalowym uchwytem zapewniaj\u0105cym wygod\u0119 u\u017cytkowania.\" srcset=\"https:\/\/agdlipiecki.pl\/wp-content\/uploads\/2026\/04\/wiadro-plastikowe-ecoline-5l-agd-lipiecki-300x300.jpg 300w, https:\/\/agdlipiecki.pl\/wp-content\/uploads\/2026\/04\/wiadro-plastikowe-ecoline-5l-agd-lipiecki-1024x1024.jpg 1024w, https:\/\/agdlipiecki.pl\/wp-content\/uploads\/2026\/04\/wiadro-plastikowe-ecoline-5l-agd-lipiecki-150x150.jpg 150w, https:\/\/agdlipiecki.pl\/wp-content\/uploads\/2026\/04\/wiadro-plastikowe-ecoline-5l-agd-lipiecki-768x768.jpg 768w, https:\/\/agdlipiecki.pl\/wp-content\/uploads\/2026\/04\/wiadro-plastikowe-ecoline-5l-agd-lipiecki-600x600.jpg 600w, https:\/\/agdlipiecki.pl\/wp-content\/uploads\/2026\/04\/wiadro-plastikowe-ecoline-5l-agd-lipiecki-100x100.jpg 100w, https:\/\/agdlipiecki.pl\/wp-content\/uploads\/2026\/04\/wiadro-plastikowe-ecoline-5l-agd-lipiecki.jpg 1500w\" sizes=\"auto, (max-width: 300px) 100vw, 300px\" \/><\/div>\n\t\t\t\t\t<div class=\"wc-block-grid__product-title\">Wiadro plastikowe ecoline 5L<\/div>\n\t\t\t\t<\/a>\n\t\t\t\t<div class=\"wc-block-grid__product-price price\"><span class=\"woocommerce-Price-amount amount\">17,99&nbsp;<span class=\"woocommerce-Price-currencySymbol\">&#122;&#322;<\/span><\/span><\/div>\n\t\t\t\t\n\t\t\t\t<div class=\"wp-block-button wc-block-grid__product-add-to-cart\"><a href=\"https:\/\/agdlipiecki.pl\/en\/product\/wiadro-plastikowe-ecoline-5l\/\" aria-label=\"Select options for &ldquo;Wiadro plastikowe ecoline 5L&rdquo;\" data-quantity=\"1\" data-product_id=\"5801\" data-product_sku=\"\" data-price=\"17.99\" rel=\"nofollow\" class=\"wp-block-button__link wp-element-button add_to_cart_button\">Select options<\/a><\/div>\n\t\t\t<\/li><li class=\"wc-block-grid__product\">\n\t\t\t\t<a href=\"https:\/\/agdlipiecki.pl\/en\/product\/koszyk-plastikowy-prostokatny\/\" class=\"wc-block-grid__product-link\">\n\t\t\t\t\t\n\t\t\t\t\t<div class=\"wc-block-grid__product-image\"><img loading=\"lazy\" decoding=\"async\" width=\"300\" height=\"300\" src=\"https:\/\/agdlipiecki.pl\/wp-content\/uploads\/2025\/08\/agd_lipiecki_koszyk_prostokatny_004-300x300.jpg\" class=\"attachment-woocommerce_thumbnail size-woocommerce_thumbnail\" alt=\"Koszyk plastikowy prostok\u0105tny\" srcset=\"https:\/\/agdlipiecki.pl\/wp-content\/uploads\/2025\/08\/agd_lipiecki_koszyk_prostokatny_004-300x300.jpg 300w, https:\/\/agdlipiecki.pl\/wp-content\/uploads\/2025\/08\/agd_lipiecki_koszyk_prostokatny_004-1024x1024.jpg 1024w, https:\/\/agdlipiecki.pl\/wp-content\/uploads\/2025\/08\/agd_lipiecki_koszyk_prostokatny_004-150x150.jpg 150w, https:\/\/agdlipiecki.pl\/wp-content\/uploads\/2025\/08\/agd_lipiecki_koszyk_prostokatny_004-768x768.jpg 768w, https:\/\/agdlipiecki.pl\/wp-content\/uploads\/2025\/08\/agd_lipiecki_koszyk_prostokatny_004-600x600.jpg 600w, https:\/\/agdlipiecki.pl\/wp-content\/uploads\/2025\/08\/agd_lipiecki_koszyk_prostokatny_004-100x100.jpg 100w, https:\/\/agdlipiecki.pl\/wp-content\/uploads\/2025\/08\/agd_lipiecki_koszyk_prostokatny_004.jpg 1500w\" sizes=\"auto, (max-width: 300px) 100vw, 300px\" \/><\/div>\n\t\t\t\t\t<div class=\"wc-block-grid__product-title\">Koszyk plastikowy prostok\u0105tny<\/div>\n\t\t\t\t<\/a>\n\t\t\t\t<div class=\"wc-block-grid__product-price price\"><span class=\"woocommerce-Price-amount amount\">39,99&nbsp;<span class=\"woocommerce-Price-currencySymbol\">&#122;&#322;<\/span><\/span><\/div>\n\t\t\t\t\n\t\t\t\t<div class=\"wp-block-button wc-block-grid__product-add-to-cart\"><a href=\"https:\/\/agdlipiecki.pl\/en\/product\/koszyk-plastikowy-prostokatny\/\" aria-label=\"Select options for &ldquo;Koszyk plastikowy prostok\u0105tny&rdquo;\" data-quantity=\"1\" data-product_id=\"5744\" data-product_sku=\"\" data-price=\"39.99\" rel=\"nofollow\" class=\"wp-block-button__link wp-element-button add_to_cart_button\">Select options<\/a><\/div>\n\t\t\t<\/li><li class=\"wc-block-grid__product\">\n\t\t\t\t<a href=\"https:\/\/agdlipiecki.pl\/en\/product\/pokrywka-plastikowa-test\/\" class=\"wc-block-grid__product-link\">\n\t\t\t\t\t\n\t\t\t\t\t<div class=\"wc-block-grid__product-image\"><img loading=\"lazy\" decoding=\"async\" width=\"300\" height=\"300\" src=\"https:\/\/agdlipiecki.pl\/wp-content\/uploads\/2025\/08\/agd_lipiecki_pojemnik_na_jedzenie_006-300x300.jpg\" class=\"attachment-woocommerce_thumbnail size-woocommerce_thumbnail\" alt=\"Pokrywka plastikowa test\" srcset=\"https:\/\/agdlipiecki.pl\/wp-content\/uploads\/2025\/08\/agd_lipiecki_pojemnik_na_jedzenie_006-300x300.jpg 300w, https:\/\/agdlipiecki.pl\/wp-content\/uploads\/2025\/08\/agd_lipiecki_pojemnik_na_jedzenie_006-1024x1024.jpg 1024w, https:\/\/agdlipiecki.pl\/wp-content\/uploads\/2025\/08\/agd_lipiecki_pojemnik_na_jedzenie_006-150x150.jpg 150w, https:\/\/agdlipiecki.pl\/wp-content\/uploads\/2025\/08\/agd_lipiecki_pojemnik_na_jedzenie_006-768x768.jpg 768w, https:\/\/agdlipiecki.pl\/wp-content\/uploads\/2025\/08\/agd_lipiecki_pojemnik_na_jedzenie_006-600x600.jpg 600w, https:\/\/agdlipiecki.pl\/wp-content\/uploads\/2025\/08\/agd_lipiecki_pojemnik_na_jedzenie_006-100x100.jpg 100w, https:\/\/agdlipiecki.pl\/wp-content\/uploads\/2025\/08\/agd_lipiecki_pojemnik_na_jedzenie_006.jpg 1500w\" sizes=\"auto, (max-width: 300px) 100vw, 300px\" \/><\/div>\n\t\t\t\t\t<div class=\"wc-block-grid__product-title\">Pokrywka plastikowa test<\/div>\n\t\t\t\t<\/a>\n\t\t\t\t<div class=\"wc-block-grid__product-price price\"><span class=\"woocommerce-Price-amount amount\">0,10&nbsp;<span class=\"woocommerce-Price-currencySymbol\">&#122;&#322;<\/span><\/span><\/div>\n\t\t\t\t\n\t\t\t\t<div class=\"wp-block-button wc-block-grid__product-add-to-cart\"><a href=\"\/en\/wp-json\/wp\/v2\/pages\/1011?add-to-cart=5573\" aria-label=\"Add to cart: &ldquo;Pokrywka plastikowa test&rdquo;\" data-quantity=\"1\" data-product_id=\"5573\" data-product_sku=\"\" data-price=\"0.1\" rel=\"nofollow\" class=\"wp-block-button__link wp-element-button add_to_cart_button ajax_add_to_cart\">Add to cart<\/a><\/div>\n\t\t\t<\/li><\/ul><\/div><\/div>\n<\/div>\n","protected":false},"excerpt":{"rendered":"","protected":false},"author":3,"featured_media":0,"parent":0,"menu_order":0,"comment_status":"closed","ping_status":"closed","template":"","meta":{"_acf_changed":false,"_eb_attr":"","footnotes":""},"class_list":["post-1011","page","type-page","status-publish","hentry"],"acf":[],"mb":[],"mfb_rest_fields":["title"],"_links":{"self":[{"href":"https:\/\/agdlipiecki.pl\/en\/wp-json\/wp\/v2\/pages\/1011","targetHints":{"allow":["GET"]}}],"collection":[{"href":"https:\/\/agdlipiecki.pl\/en\/wp-json\/wp\/v2\/pages"}],"about":[{"href":"https:\/\/agdlipiecki.pl\/en\/wp-json\/wp\/v2\/types\/page"}],"author":[{"embeddable":true,"href":"https:\/\/agdlipiecki.pl\/en\/wp-json\/wp\/v2\/users\/3"}],"replies":[{"embeddable":true,"href":"https:\/\/agdlipiecki.pl\/en\/wp-json\/wp\/v2\/comments?post=1011"}],"version-history":[{"count":3,"href":"https:\/\/agdlipiecki.pl\/en\/wp-json\/wp\/v2\/pages\/1011\/revisions"}],"predecessor-version":[{"id":1017,"href":"https:\/\/agdlipiecki.pl\/en\/wp-json\/wp\/v2\/pages\/1011\/revisions\/1017"}],"wp:attachment":[{"href":"https:\/\/agdlipiecki.pl\/en\/wp-json\/wp\/v2\/media?parent=1011"}],"curies":[{"name":"wp","href":"https:\/\/api.w.org\/{rel}","templated":true}]}}