{"id":1007,"date":"2025-05-25T20:10:22","date_gmt":"2025-05-25T20:10:22","guid":{"rendered":"https:\/\/agdlipiecki.pl\/kontakt\/"},"modified":"2026-04-10T13:31:38","modified_gmt":"2026-04-10T13:31:38","slug":"contact","status":"publish","type":"page","link":"https:\/\/agdlipiecki.pl\/en\/contact\/","title":{"rendered":"Contact"},"content":{"rendered":"\n<div class=\"wp-block-group alignfull c-hero c-hero--small has-global-padding is-layout-constrained wp-block-group-is-layout-constrained\">\n<div class=\"wp-block-cover alignfull is-light\" style=\"border-radius:10px\"><img decoding=\"async\" class=\"wp-block-cover__image-background wp-image-247 size-large\" alt=\"\" src=\"https:\/\/agdlipiecki.pl\/wp-content\/uploads\/2025\/05\/hero-banner-1024x348.jpg\" data-object-fit=\"cover\"\/><span aria-hidden=\"true\" class=\"wp-block-cover__background has-white-background-color has-background-dim-30 has-background-dim\"><\/span><div class=\"wp-block-cover__inner-container has-global-padding is-layout-constrained wp-block-cover-is-layout-constrained\">\n<div class=\"wp-block-group has-global-padding is-content-justification-left is-layout-constrained wp-container-core-group-is-layout-13945cb7 wp-block-group-is-layout-constrained\">\n<h1 class=\"wp-block-heading has-text-align-left has-black-color has-text-color\" style=\"margin-bottom:0.4em;line-height:1.2\">Contact<\/h1>\n<\/div>\n<\/div><\/div>\n<\/div>\n\n\n\n<section class=\"wp-block-group alignfull s-type-11 has-gray-2-background-color has-background has-global-padding is-layout-constrained wp-block-group-is-layout-constrained\" style=\"padding-top:var(--wp--preset--spacing--50);padding-bottom:var(--wp--preset--spacing--50)\">\n<div class=\"wp-block-columns s-type-11__columns is-layout-flex wp-container-core-columns-is-layout-5cddb2c8 wp-block-columns-is-layout-flex\">\n<div class=\"wp-block-column is-layout-flow wp-block-column-is-layout-flow\">\n<div class=\"wp-block-group s-type-11__box has-white-background-color has-background has-global-padding is-layout-constrained wp-container-core-group-is-layout-9c0a1a88 wp-block-group-is-layout-constrained\" style=\"border-radius:10px;padding-right:var(--wp--preset--spacing--50);padding-left:var(--wp--preset--spacing--50)\">\n<div class=\"wp-block-group s-type-11__icon-wrapper has-gray-2-background-color has-background has-global-padding is-layout-constrained wp-block-group-is-layout-constrained\" style=\"margin-bottom:0.5rem\">\n<figure class=\"wp-block-image aligncenter size-large is-resized\"><img loading=\"lazy\" decoding=\"async\" width=\"134\" height=\"234\" src=\"https:\/\/agdlipiecki.pl\/wp-content\/uploads\/2025\/05\/dane-firmowe-icon.svg\" alt=\"\" class=\"wp-image-618\" style=\"object-fit:cover;width:26px;height:44px\"\/><\/figure>\n<\/div>\n\n\n\n<h2 class=\"wp-block-heading has-text-align-center has-3-x-large-font-size\" style=\"margin-bottom:0.6em;font-style:normal;font-weight:600\">Dane firmowe<\/h2>\n\n\n\n<p class=\"has-text-align-center has-medium-font-size\" style=\"line-height:1.45\"><strong>AGD Lipiecki<\/strong><br>04-840 Warszawa, ul.Drwali 4,<br>04-965 Warszawa, ul. Zag\u00f3rza\u0144ska 48 B<br><br>WJAZD DO FIRMY :<br>Od ul. Patriot\u00f3w 136A,<br>Warszawa 04-839<\/p>\n<\/div>\n<\/div>\n\n\n\n<div class=\"wp-block-column is-layout-flow wp-block-column-is-layout-flow\">\n<div class=\"wp-block-group s-type-11__box has-white-background-color has-background has-global-padding is-layout-constrained wp-container-core-group-is-layout-9c0a1a88 wp-block-group-is-layout-constrained\" style=\"border-radius:10px;padding-right:var(--wp--preset--spacing--50);padding-left:var(--wp--preset--spacing--50)\">\n<div class=\"wp-block-group s-type-11__icon-wrapper has-gray-2-background-color has-background has-global-padding is-layout-constrained wp-block-group-is-layout-constrained\" style=\"margin-bottom:0.5rem\">\n<figure class=\"wp-block-image aligncenter size-large is-resized\"><img loading=\"lazy\" decoding=\"async\" width=\"255\" height=\"255\" src=\"https:\/\/agdlipiecki.pl\/wp-content\/uploads\/2025\/05\/kontakty-icon.svg\" alt=\"\" class=\"wp-image-619\" style=\"object-fit:cover;width:36px;height:36px\"\/><\/figure>\n<\/div>\n\n\n\n<h2 class=\"wp-block-heading has-text-align-center has-3-x-large-font-size\" style=\"margin-bottom:0.6em;font-style:normal;font-weight:600\">Kontakty<\/h2>\n\n\n\n<p class=\"has-text-align-center has-medium-font-size wp-elements-addcaf887c070e472dc31453a09239ff\" style=\"line-height:1.45\">Fax: <a href=\"tel:226157533\">(22) 615 75 33<\/a><br>Tel. <a href=\"tel:507428666\">507 428 666<\/a><\/p>\n\n\n\n<p class=\"has-text-align-center has-medium-font-size wp-elements-aec06127a7f2ef8eefaa437703a30a19\" style=\"line-height:1.45\">E-mail: <a href=\"mailto:daniellipiecki@gmail.com\">daniellipiecki@gmail.com<\/a><\/p>\n<\/div>\n<\/div>\n\n\n\n<div class=\"wp-block-column is-layout-flow wp-block-column-is-layout-flow\">\n<div class=\"wp-block-group s-type-11__box has-white-background-color has-background has-global-padding is-layout-constrained wp-container-core-group-is-layout-9c0a1a88 wp-block-group-is-layout-constrained\" style=\"border-radius:10px;padding-right:var(--wp--preset--spacing--50);padding-left:var(--wp--preset--spacing--50)\">\n<div class=\"wp-block-group s-type-11__icon-wrapper has-gray-2-background-color has-background has-global-padding is-layout-constrained wp-block-group-is-layout-constrained\" style=\"margin-bottom:0.5rem\">\n<figure class=\"wp-block-image aligncenter size-large is-resized\"><img loading=\"lazy\" decoding=\"async\" width=\"267\" height=\"255\" src=\"https:\/\/agdlipiecki.pl\/wp-content\/uploads\/2025\/05\/dzial-handlowy-icon.svg\" alt=\"\" class=\"wp-image-620\" style=\"object-fit:cover;width:43px;height:41px\"\/><\/figure>\n<\/div>\n\n\n\n<h2 class=\"wp-block-heading has-text-align-center has-3-x-large-font-size\" style=\"margin-bottom:0.6em;font-style:normal;font-weight:600\"><strong>Wsp\u00f3\u0142praca biznesowa<\/strong><\/h2>\n\n\n\n<p class=\"has-text-align-center has-medium-font-size wp-elements-2fef3fca59bf34d07b8c993866f63b67\" style=\"line-height:1.45\"><a href=\"tel:48506051663\">Daniel Lipiecki<\/a><br><a href=\"mailto:daniellipiecki@gmail.com\">daniellipiecki@gmail.com<\/a><\/p>\n\n\n\n<p class=\"has-text-align-center\"><a href=\"tel:48507428666\">+48 507 428 666<\/a><\/p>\n<\/div>\n<\/div>\n<\/div>\n\n\n\n<div class=\"wp-block-group s-type-11__content-wrapper has-white-background-color has-background has-global-padding is-layout-constrained wp-block-group-is-layout-constrained\" style=\"border-radius:10px;margin-top:1.75rem;margin-bottom:var(--wp--preset--spacing--20)\">\n<h2 class=\"wp-block-heading has-3-x-large-font-size\">Wsp\u00f3\u0142praca biznesowa<\/h2>\n\n\n\n<p>Nasza firma z przyjemno\u015bci\u0105 podejmuje wsp\u00f3\u0142prac\u0119 w zakresie produkcji wyrob\u00f3w z tworzyw sztucznych, dostosowanych do indywidualnych potrzeb klient\u00f3w. Realizujemy zar\u00f3wno standardowe projekty, jak i zam\u00f3wienia specjalne, oferuj\u0105c wysok\u0105 jako\u015b\u0107 wykonania, elastyczno\u015b\u0107 i terminowo\u015b\u0107. Wykonujemy realizacje na zam\u00f3wienie, zapewniaj\u0105c wsparcie na ka\u017cdym etapie \u2013 od doradztwa i przygotowania projektu, po produkcj\u0119 seryjn\u0105. Dzi\u0119ki nowoczesnemu zapleczu technologicznemu tworzymy produkty o r\u00f3\u017cnych kszta\u0142tach, rozmiarach i zastosowaniach.<\/p>\n\n\n\n<p>Zapraszamy do wsp\u00f3\u0142pracy firmy z r\u00f3\u017cnych bran\u017c, takich jak przemys\u0142 spo\u017cywczy, kosmetyczny, rolniczy, budowlany czy reklamowy. Stawiamy na partnerskie podej\u015bcie, profesjonalizm i budowanie trwa\u0142ych relacji biznesowych.<\/p>\n<\/div>\n<\/section>\n\n\n\n<section class=\"wp-block-group alignfull s-type-12 has-gray-2-background-color has-background has-global-padding is-layout-constrained wp-block-group-is-layout-constrained\">\n<div class=\"wp-block-group s-type-12__content-wrapper has-white-background-color has-background has-global-padding is-layout-constrained wp-block-group-is-layout-constrained\" style=\"border-radius:10px\">\n<h2 class=\"wp-block-heading has-text-align-left has-3-x-large-font-size\" style=\"margin-bottom:1em;font-style:normal;font-weight:600\">Napisz do nas<\/h2>\n\n\n\n<div class=\"wp-block-contact-form-7-contact-form-selector\">\n<div class=\"wpcf7 no-js\" id=\"wpcf7-f1111-o1\" lang=\"en-US\" dir=\"ltr\" data-wpcf7-id=\"1111\">\n<div class=\"screen-reader-response\"><p role=\"status\" aria-live=\"polite\" aria-atomic=\"true\"><\/p> <ul><\/ul><\/div>\n<form action=\"\/en\/wp-json\/wp\/v2\/pages\/1007#wpcf7-f1111-o1\" method=\"post\" class=\"wpcf7-form init wpcf7-acceptance-as-validation\" aria-label=\"Contact form\" novalidate=\"novalidate\" data-status=\"init\">\n<fieldset class=\"hidden-fields-container\"><input type=\"hidden\" name=\"_wpcf7\" value=\"1111\" \/><input type=\"hidden\" name=\"_wpcf7_version\" value=\"6.1.5\" \/><input type=\"hidden\" name=\"_wpcf7_locale\" value=\"en_US\" \/><input type=\"hidden\" name=\"_wpcf7_unit_tag\" value=\"wpcf7-f1111-o1\" \/><input type=\"hidden\" name=\"_wpcf7_container_post\" value=\"0\" \/><input type=\"hidden\" name=\"_wpcf7_posted_data_hash\" value=\"\" \/>\n<\/fieldset>\n<div class=\"wpcf7__wrapper\">\n<label for=\"your-name\" class=\"screen-reader-text\">Imi\u0119<\/label>\n<span class=\"wpcf7-form-control-wrap\" data-name=\"your-name\"><input size=\"40\" maxlength=\"400\" class=\"wpcf7-form-control wpcf7-text wpcf7-validates-as-required\" autocomplete=\"name\" aria-required=\"true\" aria-invalid=\"false\" placeholder=\"Imi\u0119\" value=\"\" type=\"text\" name=\"your-name\" \/><\/span>\n<label for=\"your-email\" class=\"screen-reader-text\">Tw\u00f3j email<\/label>\n<span class=\"wpcf7-form-control-wrap\" data-name=\"your-email\"><input size=\"40\" maxlength=\"400\" class=\"wpcf7-form-control wpcf7-email wpcf7-validates-as-required wpcf7-text wpcf7-validates-as-email\" autocomplete=\"email\" aria-required=\"true\" aria-invalid=\"false\" placeholder=\"Tw\u00f3j email\" value=\"\" type=\"email\" name=\"your-email\" \/><\/span>\n<label for=\"your-phone\" class=\"screen-reader-text\">Tw\u00f3j telefon<\/label>\n<span class=\"wpcf7-form-control-wrap\" data-name=\"your-phone\"><input size=\"40\" maxlength=\"400\" class=\"wpcf7-form-control wpcf7-tel wpcf7-validates-as-required wpcf7-text wpcf7-validates-as-tel\" autocomplete=\"tel\" aria-required=\"true\" aria-invalid=\"false\" placeholder=\"Tw\u00f3j telefon\" value=\"\" type=\"tel\" name=\"your-phone\" \/><\/span>\n<label for=\"your-company\" class=\"screen-reader-text\">Nazwa firmy<\/label>\n<span class=\"wpcf7-form-control-wrap\" data-name=\"your-company\"><input size=\"40\" maxlength=\"400\" class=\"wpcf7-form-control wpcf7-text wpcf7-validates-as-required\" aria-required=\"true\" aria-invalid=\"false\" placeholder=\"Nazwa firmy\" value=\"\" type=\"text\" name=\"your-company\" \/><\/span>\n<label for=\"your-message\" class=\"screen-reader-text\">Tre\u015b\u0107 wiadomo\u015bci<\/label>\n<span class=\"wpcf7-form-control-wrap\" data-name=\"your-message\"><textarea cols=\"40\" rows=\"10\" maxlength=\"2000\" class=\"wpcf7-form-control wpcf7-textarea wpcf7-validates-as-required\" aria-required=\"true\" aria-invalid=\"false\" placeholder=\"Tre\u015b\u0107 wiadomo\u015bci\" name=\"your-message\"><\/textarea><\/span>\n<label for=\"your-gdpr\" class=\"screen-reader-text\">Zgoda na przetwarzanie danych<\/label>\n<span class=\"wpcf7-form-control-wrap\" data-name=\"your-gdpr\"><span class=\"wpcf7-form-control wpcf7-acceptance\"><span class=\"wpcf7-list-item\"><label><input type=\"checkbox\" name=\"your-gdpr\" value=\"1\" aria-invalid=\"false\" \/><span class=\"wpcf7-list-item-label\">Wyra\u017cam zgod\u0119 na przetwarzanie moich danych osobowych przez AGD Lipiecki w celu realizacji przes\u0142anego przeze mnie zg\u0142oszenia kontaktowego zgodnie z <a href=\"https:\/\/agdlipiecki.pl\/polityka-prywatnosci\/\" target=\"_blank\">Polityk\u0105 prywatno\u015bci<\/a>.<\/span><\/label><\/span><\/span><\/span>\n<div class=\"wp-block-button is-style-arrow\"><button type=\"submit\" class=\"wp-block-button__link wpcf7-submit has-spinner\">Wy\u015blij<\/button><\/div>\n<\/div><div class=\"wpcf7-response-output\" aria-hidden=\"true\"><\/div>\n<\/form>\n<\/div>\n<\/div>\n<\/div>\n<\/section>\n\n\n\n<div class=\"wp-block-group alignfull c-google-map is-layout-flow wp-block-group-is-layout-flow\">\n<iframe src=\"https:\/\/www.google.com\/maps\/embed?pb=!1m14!1m8!1m3!1d9786.109936222212!2d21.195905!3d52.179284!3m2!1i1024!2i768!4f13.1!3m3!1m2!1s0x471ed35d38e0699b%3A0x913d2fddda2e2d32!2sDrwali%204%2C%2004-840%20Warszawa%2C%20Polska!5e0!3m2!1spl!2sus!4v1748270139399!5m2!1spl!2sus\" width=\"1920\" height=\"536\" style=\"border:0; width:100%;\" allowfullscreen=\"\" loading=\"lazy\" referrerpolicy=\"no-referrer-when-downgrade\"><\/iframe>\n<\/div>\n","protected":false},"excerpt":{"rendered":"<p>Dane firmowe AGD Lipiecki04-840 Warszawa, ul.Drwali 4,04-965 Warszawa, ul. Zag\u00f3rza\u0144ska 48 B WJAZD DO FIRMY :Od ul. Patriot\u00f3w 136A,Warszawa 04-839 Kontakty Fax: (22) 615 75 33Tel. 507 428 666 E-mail: daniellipiecki@gmail.com Wsp\u00f3\u0142praca biznesowa Daniel Lipieckidaniellipiecki@gmail.com +48 507 428 666 Wsp\u00f3\u0142praca biznesowa Nasza firma z przyjemno\u015bci\u0105 podejmuje wsp\u00f3\u0142prac\u0119 w zakresie produkcji wyrob\u00f3w z tworzyw sztucznych, dostosowanych [&hellip;]<\/p>\n","protected":false},"author":3,"featured_media":0,"parent":0,"menu_order":0,"comment_status":"closed","ping_status":"closed","template":"","meta":{"_acf_changed":false,"_eb_attr":"","footnotes":""},"class_list":["post-1007","page","type-page","status-publish","hentry"],"acf":[],"mb":[],"mfb_rest_fields":["title"],"_links":{"self":[{"href":"https:\/\/agdlipiecki.pl\/en\/wp-json\/wp\/v2\/pages\/1007","targetHints":{"allow":["GET"]}}],"collection":[{"href":"https:\/\/agdlipiecki.pl\/en\/wp-json\/wp\/v2\/pages"}],"about":[{"href":"https:\/\/agdlipiecki.pl\/en\/wp-json\/wp\/v2\/types\/page"}],"author":[{"embeddable":true,"href":"https:\/\/agdlipiecki.pl\/en\/wp-json\/wp\/v2\/users\/3"}],"replies":[{"embeddable":true,"href":"https:\/\/agdlipiecki.pl\/en\/wp-json\/wp\/v2\/comments?post=1007"}],"version-history":[{"count":3,"href":"https:\/\/agdlipiecki.pl\/en\/wp-json\/wp\/v2\/pages\/1007\/revisions"}],"predecessor-version":[{"id":1104,"href":"https:\/\/agdlipiecki.pl\/en\/wp-json\/wp\/v2\/pages\/1007\/revisions\/1104"}],"wp:attachment":[{"href":"https:\/\/agdlipiecki.pl\/en\/wp-json\/wp\/v2\/media?parent=1007"}],"curies":[{"name":"wp","href":"https:\/\/api.w.org\/{rel}","templated":true}]}}